{"id":6813,"date":"2021-06-12T06:28:22","date_gmt":"2021-06-12T05:28:22","guid":{"rendered":"https:\/\/veritasdocagency.com\/blog-yazilari\/"},"modified":"2024-07-04T09:38:11","modified_gmt":"2024-07-04T08:38:11","slug":"blog-yazilari","status":"publish","type":"page","link":"https:\/\/veritasdocagency.com\/tr\/blog-yazilari\/","title":{"rendered":"Blog Yaz\u0131lar\u0131"},"content":{"rendered":"\t\t<div data-elementor-type=\"wp-page\" data-elementor-id=\"6813\" class=\"elementor elementor-6813 elementor-15\">\n\t\t\t\t\t\t<section class=\"elementor-section elementor-top-section elementor-element elementor-element-4be2d45 elementor-section-boxed elementor-section-height-default elementor-section-height-default\" data-id=\"4be2d45\" data-element_type=\"section\" data-settings=\"{&quot;background_background&quot;:&quot;classic&quot;}\">\n\t\t\t\t\t\t\t<div class=\"elementor-background-overlay\"><\/div>\n\t\t\t\t\t\t\t<div class=\"elementor-container elementor-column-gap-no\">\n\t\t\t\t\t<div class=\"elementor-column elementor-col-100 elementor-top-column elementor-element elementor-element-a085dea\" data-id=\"a085dea\" data-element_type=\"column\">\n\t\t\t<div class=\"elementor-widget-wrap elementor-element-populated\">\n\t\t\t\t\t\t<div class=\"elementor-element elementor-element-cc435a4 elementor-widget elementor-widget-heading\" data-id=\"cc435a4\" data-element_type=\"widget\" data-widget_type=\"heading.default\">\n\t\t\t\t<div class=\"elementor-widget-container\">\n\t\t\t\t\t<h1 class=\"elementor-heading-title elementor-size-default\">Bizim Blog<\/h1>\t\t\t\t<\/div>\n\t\t\t\t<\/div>\n\t\t\t\t\t<\/div>\n\t\t<\/div>\n\t\t\t\t\t<\/div>\n\t\t<\/section>\n\t\t\t\t<section class=\"elementor-section elementor-top-section elementor-element elementor-element-69c93b8 elementor-section-boxed elementor-section-height-default elementor-section-height-default\" data-id=\"69c93b8\" data-element_type=\"section\" data-settings=\"{&quot;background_background&quot;:&quot;classic&quot;}\">\n\t\t\t\t\t\t\t<div class=\"elementor-background-overlay\"><\/div>\n\t\t\t\t\t\t\t<div class=\"elementor-container elementor-column-gap-no\">\n\t\t\t\t\t<div class=\"elementor-column elementor-col-100 elementor-top-column elementor-element elementor-element-e997743\" data-id=\"e997743\" data-element_type=\"column\">\n\t\t\t<div class=\"elementor-widget-wrap elementor-element-populated\">\n\t\t\t\t\t\t<div class=\"elementor-element elementor-element-5e3dd3b elementor-widget elementor-widget-heading\" data-id=\"5e3dd3b\" data-element_type=\"widget\" data-widget_type=\"heading.default\">\n\t\t\t\t<div class=\"elementor-widget-container\">\n\t\t\t\t\t<h6 class=\"elementor-heading-title elementor-size-default\">Son Yaz\u0131lar<\/h6>\t\t\t\t<\/div>\n\t\t\t\t<\/div>\n\t\t\t\t<div class=\"elementor-element elementor-element-2310392 elementor-widget elementor-widget-heading\" data-id=\"2310392\" data-element_type=\"widget\" data-widget_type=\"heading.default\">\n\t\t\t\t<div class=\"elementor-widget-container\">\n\t\t\t\t\t<h2 class=\"elementor-heading-title elementor-size-default\">Sundu\u011fumuz belge hizmetleri hakk\u0131nda daha fazla bilgi edinin<\/h2>\t\t\t\t<\/div>\n\t\t\t\t<\/div>\n\t\t\t\t<div class=\"elementor-element elementor-element-27c608b elementor-widget__width-initial elementor-widget-tablet__width-initial elementor-widget-mobile__width-inherit elementor-position-top elementor-widget elementor-widget-image-box\" data-id=\"27c608b\" data-element_type=\"widget\" data-widget_type=\"image-box.default\">\n\t\t\t\t<div class=\"elementor-widget-container\">\n\t\t\t\t\t<div class=\"elementor-image-box-wrapper\"><figure class=\"elementor-image-box-img\"><a href=\"https:\/\/veritasdocagency.com\/tr\/dogrulanabilir-sahte-ielts-sertifikasi-toefl\/\" tabindex=\"-1\"><img decoding=\"async\" src=\"https:\/\/veritasdocagency.com\/wp-content\/uploads\/elementor\/thumbs\/buy-real-fake-certificate-diploma-ielts-qibn7eco3a2zvoc8uyrw7u632g868xe8ygsfoc2rai.jpg\" title=\"buy real fake certificate diploma ielts\" alt=\"buy real fake certificate diploma ielts\" loading=\"lazy\" \/><\/a><\/figure><div class=\"elementor-image-box-content\"><h5 class=\"elementor-image-box-title\"><a href=\"https:\/\/veritasdocagency.com\/tr\/dogrulanabilir-sahte-ielts-sertifikasi-toefl\/\">Sahte IELTS ve TOEFL Sat\u0131n Al\u0131n<\/a><\/h5><p class=\"elementor-image-box-description\">Orijinal ve kay\u0131tl\u0131 IELTS, TOEFL, ESOL, PTE Akademik ve Genel sertifikalar sa\u011flama konusunda uzman\u0131z. Hizmetlerimiz...<\/p><\/div><\/div>\t\t\t\t<\/div>\n\t\t\t\t<\/div>\n\t\t\t\t<div class=\"elementor-element elementor-element-ffc9e89 elementor-widget__width-initial elementor-widget-tablet__width-initial elementor-widget-mobile__width-inherit elementor-position-top elementor-widget elementor-widget-image-box\" data-id=\"ffc9e89\" data-element_type=\"widget\" data-widget_type=\"image-box.default\">\n\t\t\t\t<div class=\"elementor-widget-container\">\n\t\t\t\t\t<div class=\"elementor-image-box-wrapper\"><figure class=\"elementor-image-box-img\"><a href=\"https:\/\/veritasdocagency.com\/tr\/en-iyi-sahte-belgeler-ureteci-cevrimici\/\" tabindex=\"-1\"><img decoding=\"async\" src=\"https:\/\/veritasdocagency.com\/wp-content\/uploads\/elementor\/thumbs\/buy-real-or-fake-novelty-documents-fake-id-card-fake-driving-license-fake-ielts-fake-passport-fake-residence-permit-qibn7eco3a2zvoc8uyrw7u632g868xe8ygsfoc2rai.jpg\" title=\"buy real or fake novelty documents, fake id card, fake driving license, fake ielts, fake passport, fake residence permit\" alt=\"fake document maker online\" loading=\"lazy\" \/><\/a><\/figure><div class=\"elementor-image-box-content\"><h5 class=\"elementor-image-box-title\"><a href=\"https:\/\/veritasdocagency.com\/tr\/en-iyi-sahte-belgeler-ureteci-cevrimici\/\">Sahte Belge Olu\u015fturucu<\/a><\/h5><p class=\"elementor-image-box-description\">Yenilik\u00e7i Bir Yolculu\u011fa \u00c7\u0131kmak Yenili\u011fin ger\u00e7eklikle i\u00e7 i\u00e7e ge\u00e7ti\u011fi bir \u00e7a\u011fda, kimli\u011finizi ki\u015fiselle\u015ftirme yetene\u011fi...<\/p><\/div><\/div>\t\t\t\t<\/div>\n\t\t\t\t<\/div>\n\t\t\t\t<div class=\"elementor-element elementor-element-ee0116f elementor-widget__width-initial elementor-widget-tablet__width-initial elementor-widget-mobile__width-inherit elementor-position-top elementor-widget elementor-widget-image-box\" data-id=\"ee0116f\" data-element_type=\"widget\" data-widget_type=\"image-box.default\">\n\t\t\t\t<div class=\"elementor-widget-container\">\n\t\t\t\t\t<div class=\"elementor-image-box-wrapper\"><figure class=\"elementor-image-box-img\"><a href=\"https:\/\/veritasdocagency.com\/tr\/gercek-veya-sahte-ab-ehliyet-satin-al\/\" tabindex=\"-1\"><img decoding=\"async\" src=\"https:\/\/veritasdocagency.com\/wp-content\/uploads\/elementor\/thumbs\/buy-european-drivers-license-e1688796144179-qibn7eco3a2zvoc8uyrw7u632g868xe8ygsfoc2rai.jpg\" title=\"buy european drivers license\" alt=\"buy european drivers license\" loading=\"lazy\" \/><\/a><\/figure><div class=\"elementor-image-box-content\"><h5 class=\"elementor-image-box-title\"><a href=\"https:\/\/veritasdocagency.com\/tr\/gercek-veya-sahte-ab-ehliyet-satin-al\/\">AB Ehliyet Sat\u0131n Al\u0131n<\/a><\/h5><p class=\"elementor-image-box-description\">AB s\u00fcr\u00fcc\u00fc belgenizi yeni Avrupa format\u0131na d\u00f6n\u00fc\u015ft\u00fcrmenin zorlu\u011fuyla u\u011fra\u015fmaktan b\u0131kt\u0131n\u0131z m\u0131? Yapmak istiyor musun...<\/p><\/div><\/div>\t\t\t\t<\/div>\n\t\t\t\t<\/div>\n\t\t\t\t<div class=\"elementor-element elementor-element-f955dd0 elementor-widget__width-initial elementor-widget-tablet__width-initial elementor-widget-mobile__width-inherit elementor-position-top elementor-widget elementor-widget-image-box\" data-id=\"f955dd0\" data-element_type=\"widget\" data-widget_type=\"image-box.default\">\n\t\t\t\t<div class=\"elementor-widget-container\">\n\t\t\t\t\t<div class=\"elementor-image-box-wrapper\"><figure class=\"elementor-image-box-img\"><a href=\"https:\/\/veritasdocagency.com\/tr\/sahte-kyc-jenerator-belgeleri-cevrimici-satin-al\/\" tabindex=\"-1\"><img decoding=\"async\" src=\"https:\/\/veritasdocagency.com\/wp-content\/uploads\/elementor\/thumbs\/buy-fake-kyc-documents-online-qibn7eco3a2zvoc8uyrw7u632g868xe8ygsfoc2rai.jpg\" title=\"buy fake kyc documents online\" alt=\"buy fake kyc documents online\" loading=\"lazy\" \/><\/a><\/figure><div class=\"elementor-image-box-content\"><h5 class=\"elementor-image-box-title\"><a href=\"https:\/\/veritasdocagency.com\/tr\/sahte-kyc-jenerator-belgeleri-cevrimici-satin-al\/\">Sahte KYC Olu\u015fturucu<\/a><\/h5><p class=\"elementor-image-box-description\">Kimlik do\u011frulaman\u0131n gerekli oldu\u011fu bir d\u00fcnyada, g\u00fcvenilir sahte KYC olu\u015fturucu belgelerine sahip olmak bir oyun olabilir...<\/p><\/div><\/div>\t\t\t\t<\/div>\n\t\t\t\t<\/div>\n\t\t\t\t<div class=\"elementor-element elementor-element-d678b01 elementor-widget__width-initial elementor-widget-tablet__width-initial elementor-widget-mobile__width-inherit elementor-position-top elementor-widget elementor-widget-image-box\" data-id=\"d678b01\" data-element_type=\"widget\" data-widget_type=\"image-box.default\">\n\t\t\t\t<div class=\"elementor-widget-container\">\n\t\t\t\t\t<div class=\"elementor-image-box-wrapper\"><figure class=\"elementor-image-box-img\"><a href=\"https:\/\/veritasdocagency.com\/tr\/satin-al-sahte-kimlik-dubai-ehliyeti-bae\/\" tabindex=\"-1\"><img decoding=\"async\" src=\"https:\/\/veritasdocagency.com\/wp-content\/uploads\/elementor\/thumbs\/buy-reak-or-fake-emirates-id-card-online-qibn7eco3a2zvoc8uyrw7u632g868xe8ygsfoc2rai.png\" title=\"buy real or fake emirates id card online\" alt=\"buy real or fake emirates id card online\" loading=\"lazy\" \/><\/a><\/figure><div class=\"elementor-image-box-content\"><h5 class=\"elementor-image-box-title\"><a href=\"https:\/\/veritasdocagency.com\/tr\/satin-al-sahte-kimlik-dubai-ehliyeti-bae\/\">Sahte Kimlik Dubai Sat\u0131n Al\u0131n - BAE<\/a><\/h5><p class=\"elementor-image-box-description\">Dubai, verimlilik ve ilerleme konusunda ba\u015far\u0131l\u0131 olan bir \u015fehirdir ve uygun belgelere sahip olmak, tam olarak benimsemek i\u00e7in \u00e7ok \u00f6nemlidir...<\/p><\/div><\/div>\t\t\t\t<\/div>\n\t\t\t\t<\/div>\n\t\t\t\t<div class=\"elementor-element elementor-element-ca634ed elementor-widget__width-initial elementor-widget-tablet__width-initial elementor-widget-mobile__width-inherit elementor-position-top elementor-widget elementor-widget-image-box\" data-id=\"ca634ed\" data-element_type=\"widget\" data-widget_type=\"image-box.default\">\n\t\t\t\t<div class=\"elementor-widget-container\">\n\t\t\t\t\t<div class=\"elementor-image-box-wrapper\"><figure class=\"elementor-image-box-img\"><a href=\"https:\/\/veritasdocagency.com\/tr\/italyan-kimlik-kartlari-pasaportlari-online-satin-al\/\" tabindex=\"-1\"><img decoding=\"async\" src=\"https:\/\/veritasdocagency.com\/wp-content\/uploads\/elementor\/thumbs\/buy-fake-italian-driving-license-online-qibn7eco3a2zvoc8uyrw7u632g868xe8ygsfoc2rai.jpg\" title=\"buy fake italian driving license online\" alt=\"buy fake italian driving license online\" loading=\"lazy\" \/><\/a><\/figure><div class=\"elementor-image-box-content\"><h5 class=\"elementor-image-box-title\"><a href=\"https:\/\/veritasdocagency.com\/tr\/italyan-kimlik-kartlari-pasaportlari-online-satin-al\/\">\u0130talyan Kimlik Kart\u0131 Sat\u0131n Al\u0131n<\/a><\/h5><p class=\"elementor-image-box-description\">\u00c7ok \u00e7e\u015fitli y\u00fcksek kaliteli, otantik g\u00f6r\u00fcn\u00fcml\u00fc \u0130talyan kimlik kartlar\u0131 sundu\u011fumuz \u00f6zel web sitemize ho\u015f geldiniz...<\/p><\/div><\/div>\t\t\t\t<\/div>\n\t\t\t\t<\/div>\n\t\t\t\t\t<\/div>\n\t\t<\/div>\n\t\t\t\t\t<\/div>\n\t\t<\/section>\n\t\t\t\t<section class=\"elementor-section elementor-top-section elementor-element elementor-element-74defd4 elementor-section-boxed elementor-section-height-default elementor-section-height-default\" data-id=\"74defd4\" data-element_type=\"section\" data-settings=\"{&quot;background_background&quot;:&quot;classic&quot;}\">\n\t\t\t\t\t\t\t<div class=\"elementor-background-overlay\"><\/div>\n\t\t\t\t\t\t\t<div class=\"elementor-container elementor-column-gap-no\">\n\t\t\t\t\t<div class=\"elementor-column elementor-col-100 elementor-top-column elementor-element elementor-element-272125b\" data-id=\"272125b\" data-element_type=\"column\">\n\t\t\t<div class=\"elementor-widget-wrap elementor-element-populated\">\n\t\t\t\t\t\t<div class=\"elementor-element elementor-element-e73b496 elementor-widget elementor-widget-heading\" data-id=\"e73b496\" data-element_type=\"widget\" data-widget_type=\"heading.default\">\n\t\t\t\t<div class=\"elementor-widget-container\">\n\t\t\t\t\t<h6 class=\"elementor-heading-title elementor-size-default\">Daha Fazla Yaz\u0131 Oku<\/h6>\t\t\t\t<\/div>\n\t\t\t\t<\/div>\n\t\t\t\t<div class=\"elementor-element elementor-element-0b59dda elementor-align-start elementor-icon-list--layout-traditional elementor-list-item-link-full_width elementor-widget elementor-widget-icon-list\" data-id=\"0b59dda\" data-element_type=\"widget\" data-widget_type=\"icon-list.default\">\n\t\t\t\t<div class=\"elementor-widget-container\">\n\t\t\t\t\t\t\t<ul class=\"elementor-icon-list-items\">\n\t\t\t\t\t\t\t<li class=\"elementor-icon-list-item\">\n\t\t\t\t\t\t\t\t\t\t\t<a href=\"https:\/\/veritasdocagency.com\/tr\/sahte-kimlik-romanya-pasaportu-satin-al\/\">\n\n\t\t\t\t\t\t\t\t\t\t\t\t<span class=\"elementor-icon-list-icon\">\n\t\t\t\t\t\t\t<i aria-hidden=\"true\" class=\"fas fa-dot-circle\"><\/i>\t\t\t\t\t\t<\/span>\n\t\t\t\t\t\t\t\t\t\t<span class=\"elementor-icon-list-text\">Ger\u00e7ek veya Sahte Kimlik Romanya, Pasaport ve Ehliyet Sat\u0131n Al\u0131n<\/span>\n\t\t\t\t\t\t\t\t\t\t\t<\/a>\n\t\t\t\t\t\t\t\t\t<\/li>\n\t\t\t\t\t\t\t\t<li class=\"elementor-icon-list-item\">\n\t\t\t\t\t\t\t\t\t\t\t<a href=\"https:\/\/veritasdocagency.com\/tr\/cevrimici-ehliyet-satin-al\/\">\n\n\t\t\t\t\t\t\t\t\t\t\t\t<span class=\"elementor-icon-list-icon\">\n\t\t\t\t\t\t\t<i aria-hidden=\"true\" class=\"fas fa-dot-circle\"><\/i>\t\t\t\t\t\t<\/span>\n\t\t\t\t\t\t\t\t\t\t<span class=\"elementor-icon-list-text\">\u00d6zg\u00fcrl\u00fc\u011f\u00fcn\u00fcz\u00fcn Kilidini A\u00e7\u0131n: \u00c7evrimi\u00e7i Ger\u00e7ek veya Sahte Ehliyet Sat\u0131n Al\u0131n<\/span>\n\t\t\t\t\t\t\t\t\t\t\t<\/a>\n\t\t\t\t\t\t\t\t\t<\/li>\n\t\t\t\t\t\t\t\t<li class=\"elementor-icon-list-item\">\n\t\t\t\t\t\t\t\t\t\t\t<a href=\"https:\/\/veritasdocagency.com\/tr\/gercek-veya-sahte-belge-olusturucu-cevrimici\/\">\n\n\t\t\t\t\t\t\t\t\t\t\t\t<span class=\"elementor-icon-list-icon\">\n\t\t\t\t\t\t\t<i aria-hidden=\"true\" class=\"fas fa-dot-circle\"><\/i>\t\t\t\t\t\t<\/span>\n\t\t\t\t\t\t\t\t\t\t<span class=\"elementor-icon-list-text\">\u00c7evrimi\u00e7i Sahte Belge Olu\u015fturucumuzu Ke\u015ffedin: Dakikalar \u0130\u00e7inde Profesyonel Belgeler Sat\u0131n Al\u0131n<\/span>\n\t\t\t\t\t\t\t\t\t\t\t<\/a>\n\t\t\t\t\t\t\t\t\t<\/li>\n\t\t\t\t\t\t<\/ul>\n\t\t\t\t\t\t<\/div>\n\t\t\t\t<\/div>\n\t\t\t\t\t<\/div>\n\t\t<\/div>\n\t\t\t\t\t<\/div>\n\t\t<\/section>\n\t\t\t\t<\/div>\n\t\t","protected":false},"excerpt":{"rendered":"<p>Bizim Blog Son Yaz\u0131lar Sundu\u011fumuz belge hizmetleri hakk\u0131nda daha fazla bilgi edinin Sahte IELTS ve TOEFL Sat\u0131n Al\u0131n Orijinal ve kay\u0131tl\u0131 IELTS, TOEFL, ESOL, PTE Akademik ve Genel sertifikalar sa\u011flama konusunda uzman\u0131z. Hizmetlerimiz&#8230; Sahte Belge Olu\u015fturucu Yenilik\u00e7i Bir Yolculu\u011fa \u00c7\u0131kmak Yenili\u011fin ger\u00e7eklikle i\u00e7 i\u00e7e ge\u00e7ti\u011fi bir \u00e7a\u011fda, kimli\u011finizi ki\u015fiselle\u015ftirme yetene\u011fi&#8230; AB Ehliyet Sat\u0131n Al\u0131n AB [&hellip;]<\/p>\n","protected":false},"author":1,"featured_media":0,"parent":0,"menu_order":0,"comment_status":"closed","ping_status":"closed","template":"","meta":{"site-sidebar-layout":"no-sidebar","site-content-layout":"page-builder","ast-site-content-layout":"full-width-container","site-content-style":"unboxed","site-sidebar-style":"unboxed","ast-global-header-display":"","ast-banner-title-visibility":"","ast-main-header-display":"","ast-hfb-above-header-display":"","ast-hfb-below-header-display":"","ast-hfb-mobile-header-display":"","site-post-title":"disabled","ast-breadcrumbs-content":"disabled","ast-featured-img":"disabled","footer-sml-layout":"","ast-disable-related-posts":"","theme-transparent-header-meta":"enabled","adv-header-id-meta":"","stick-header-meta":"","header-above-stick-meta":"","header-main-stick-meta":"","header-below-stick-meta":"","astra-migrate-meta-layouts":"default","ast-page-background-enabled":"default","ast-page-background-meta":{"desktop":{"background-color":"","background-image":"","background-repeat":"repeat","background-position":"center center","background-size":"auto","background-attachment":"scroll","background-type":"","background-media":"","overlay-type":"","overlay-color":"","overlay-opacity":"","overlay-gradient":""},"tablet":{"background-color":"","background-image":"","background-repeat":"repeat","background-position":"center center","background-size":"auto","background-attachment":"scroll","background-type":"","background-media":"","overlay-type":"","overlay-color":"","overlay-opacity":"","overlay-gradient":""},"mobile":{"background-color":"","background-image":"","background-repeat":"repeat","background-position":"center center","background-size":"auto","background-attachment":"scroll","background-type":"","background-media":"","overlay-type":"","overlay-color":"","overlay-opacity":"","overlay-gradient":""}},"ast-content-background-meta":{"desktop":{"background-color":"var(--ast-global-color-5)","background-image":"","background-repeat":"repeat","background-position":"center center","background-size":"auto","background-attachment":"scroll","background-type":"","background-media":"","overlay-type":"","overlay-color":"","overlay-opacity":"","overlay-gradient":""},"tablet":{"background-color":"var(--ast-global-color-5)","background-image":"","background-repeat":"repeat","background-position":"center center","background-size":"auto","background-attachment":"scroll","background-type":"","background-media":"","overlay-type":"","overlay-color":"","overlay-opacity":"","overlay-gradient":""},"mobile":{"background-color":"var(--ast-global-color-5)","background-image":"","background-repeat":"repeat","background-position":"center center","background-size":"auto","background-attachment":"scroll","background-type":"","background-media":"","overlay-type":"","overlay-color":"","overlay-opacity":"","overlay-gradient":""}},"footnotes":""},"class_list":["post-6813","page","type-page","status-publish","hentry"],"_links":{"self":[{"href":"https:\/\/veritasdocagency.com\/tr\/wp-json\/wp\/v2\/pages\/6813","targetHints":{"allow":["GET"]}}],"collection":[{"href":"https:\/\/veritasdocagency.com\/tr\/wp-json\/wp\/v2\/pages"}],"about":[{"href":"https:\/\/veritasdocagency.com\/tr\/wp-json\/wp\/v2\/types\/page"}],"author":[{"embeddable":true,"href":"https:\/\/veritasdocagency.com\/tr\/wp-json\/wp\/v2\/users\/1"}],"replies":[{"embeddable":true,"href":"https:\/\/veritasdocagency.com\/tr\/wp-json\/wp\/v2\/comments?post=6813"}],"version-history":[{"count":0,"href":"https:\/\/veritasdocagency.com\/tr\/wp-json\/wp\/v2\/pages\/6813\/revisions"}],"wp:attachment":[{"href":"https:\/\/veritasdocagency.com\/tr\/wp-json\/wp\/v2\/media?parent=6813"}],"curies":[{"name":"wp","href":"https:\/\/api.w.org\/{rel}","templated":true}]}}