{"id":6853,"date":"2021-06-12T06:28:22","date_gmt":"2021-06-12T05:28:22","guid":{"rendered":"https:\/\/veritasdocagency.com\/blog\/"},"modified":"2024-07-04T09:36:24","modified_gmt":"2024-07-04T08:36:24","slug":"blog","status":"publish","type":"page","link":"https:\/\/veritasdocagency.com\/sq\/blog\/","title":{"rendered":"Blog"},"content":{"rendered":"\t\t<div data-elementor-type=\"wp-page\" data-elementor-id=\"6853\" class=\"elementor elementor-6853 elementor-15\">\n\t\t\t\t\t\t<section class=\"elementor-section elementor-top-section elementor-element elementor-element-4be2d45 elementor-section-boxed elementor-section-height-default elementor-section-height-default\" data-id=\"4be2d45\" data-element_type=\"section\" data-settings=\"{&quot;background_background&quot;:&quot;classic&quot;}\">\n\t\t\t\t\t\t\t<div class=\"elementor-background-overlay\"><\/div>\n\t\t\t\t\t\t\t<div class=\"elementor-container elementor-column-gap-no\">\n\t\t\t\t\t<div class=\"elementor-column elementor-col-100 elementor-top-column elementor-element elementor-element-a085dea\" data-id=\"a085dea\" data-element_type=\"column\">\n\t\t\t<div class=\"elementor-widget-wrap elementor-element-populated\">\n\t\t\t\t\t\t<div class=\"elementor-element elementor-element-cc435a4 elementor-widget elementor-widget-heading\" data-id=\"cc435a4\" data-element_type=\"widget\" data-widget_type=\"heading.default\">\n\t\t\t\t<div class=\"elementor-widget-container\">\n\t\t\t\t\t<h1 class=\"elementor-heading-title elementor-size-default\">Blogu yn\u00eb<\/h1>\t\t\t\t<\/div>\n\t\t\t\t<\/div>\n\t\t\t\t\t<\/div>\n\t\t<\/div>\n\t\t\t\t\t<\/div>\n\t\t<\/section>\n\t\t\t\t<section class=\"elementor-section elementor-top-section elementor-element elementor-element-69c93b8 elementor-section-boxed elementor-section-height-default elementor-section-height-default\" data-id=\"69c93b8\" data-element_type=\"section\" data-settings=\"{&quot;background_background&quot;:&quot;classic&quot;}\">\n\t\t\t\t\t\t\t<div class=\"elementor-background-overlay\"><\/div>\n\t\t\t\t\t\t\t<div class=\"elementor-container elementor-column-gap-no\">\n\t\t\t\t\t<div class=\"elementor-column elementor-col-100 elementor-top-column elementor-element elementor-element-e997743\" data-id=\"e997743\" data-element_type=\"column\">\n\t\t\t<div class=\"elementor-widget-wrap elementor-element-populated\">\n\t\t\t\t\t\t<div class=\"elementor-element elementor-element-5e3dd3b elementor-widget elementor-widget-heading\" data-id=\"5e3dd3b\" data-element_type=\"widget\" data-widget_type=\"heading.default\">\n\t\t\t\t<div class=\"elementor-widget-container\">\n\t\t\t\t\t<h6 class=\"elementor-heading-title elementor-size-default\">Postimet e fundit<\/h6>\t\t\t\t<\/div>\n\t\t\t\t<\/div>\n\t\t\t\t<div class=\"elementor-element elementor-element-2310392 elementor-widget elementor-widget-heading\" data-id=\"2310392\" data-element_type=\"widget\" data-widget_type=\"heading.default\">\n\t\t\t\t<div class=\"elementor-widget-container\">\n\t\t\t\t\t<h2 class=\"elementor-heading-title elementor-size-default\">Zbuloni m\u00eb shum\u00eb sh\u00ebrbime dokumentesh q\u00eb ne ofrojm\u00eb<\/h2>\t\t\t\t<\/div>\n\t\t\t\t<\/div>\n\t\t\t\t<div class=\"elementor-element elementor-element-27c608b elementor-widget__width-initial elementor-widget-tablet__width-initial elementor-widget-mobile__width-inherit elementor-position-top elementor-widget elementor-widget-image-box\" data-id=\"27c608b\" data-element_type=\"widget\" data-widget_type=\"image-box.default\">\n\t\t\t\t<div class=\"elementor-widget-container\">\n\t\t\t\t\t<div class=\"elementor-image-box-wrapper\"><figure class=\"elementor-image-box-img\"><a href=\"https:\/\/veritasdocagency.com\/sq\/verifikueshme-fake-ielts-certificate-toefl\/\" tabindex=\"-1\"><img decoding=\"async\" src=\"https:\/\/veritasdocagency.com\/wp-content\/uploads\/elementor\/thumbs\/buy-real-fake-certificate-diploma-ielts-qibn7eco3a2zvoc8uyrw7u632g868xe8ygsfoc2rai.jpg\" title=\"buy real fake certificate diploma ielts\" alt=\"buy real fake certificate diploma ielts\" loading=\"lazy\" \/><\/a><\/figure><div class=\"elementor-image-box-content\"><h5 class=\"elementor-image-box-title\"><a href=\"https:\/\/veritasdocagency.com\/sq\/verifikueshme-fake-ielts-certificate-toefl\/\">Blej IELTS dhe TOEFL t\u00eb rrem\u00eb<\/a><\/h5><p class=\"elementor-image-box-description\">Ne jemi t\u00eb specializuar n\u00eb ofrimin e certifikatave origjinale dhe t\u00eb regjistruara IELTS, TOEFL, ESOL, PTE Academic, dhe General certificates. Sh\u00ebrbimet tona...<\/p><\/div><\/div>\t\t\t\t<\/div>\n\t\t\t\t<\/div>\n\t\t\t\t<div class=\"elementor-element elementor-element-ffc9e89 elementor-widget__width-initial elementor-widget-tablet__width-initial elementor-widget-mobile__width-inherit elementor-position-top elementor-widget elementor-widget-image-box\" data-id=\"ffc9e89\" data-element_type=\"widget\" data-widget_type=\"image-box.default\">\n\t\t\t\t<div class=\"elementor-widget-container\">\n\t\t\t\t\t<div class=\"elementor-image-box-wrapper\"><figure class=\"elementor-image-box-img\"><a href=\"https:\/\/veritasdocagency.com\/sq\/best-fake-documents-generator-online\/\" tabindex=\"-1\"><img decoding=\"async\" src=\"https:\/\/veritasdocagency.com\/wp-content\/uploads\/elementor\/thumbs\/buy-real-or-fake-novelty-documents-fake-id-card-fake-driving-license-fake-ielts-fake-passport-fake-residence-permit-qibn7eco3a2zvoc8uyrw7u632g868xe8ygsfoc2rai.jpg\" title=\"buy real or fake novelty documents, fake id card, fake driving license, fake ielts, fake passport, fake residence permit\" alt=\"fake document maker online\" loading=\"lazy\" \/><\/a><\/figure><div class=\"elementor-image-box-content\"><h5 class=\"elementor-image-box-title\"><a href=\"https:\/\/veritasdocagency.com\/sq\/best-fake-documents-generator-online\/\">Gjeneratori i dokumenteve t\u00eb rreme<\/a><\/h5><p class=\"elementor-image-box-description\">Nisja e nj\u00eb udh\u00ebtimi novator N\u00eb nj\u00eb epok\u00eb ku risia nd\u00ebrlidhet me realitetin, aft\u00ebsia p\u00ebr t\u00eb personalizuar identitetin tuaj...<\/p><\/div><\/div>\t\t\t\t<\/div>\n\t\t\t\t<\/div>\n\t\t\t\t<div class=\"elementor-element elementor-element-ee0116f elementor-widget__width-initial elementor-widget-tablet__width-initial elementor-widget-mobile__width-inherit elementor-position-top elementor-widget elementor-widget-image-box\" data-id=\"ee0116f\" data-element_type=\"widget\" data-widget_type=\"image-box.default\">\n\t\t\t\t<div class=\"elementor-widget-container\">\n\t\t\t\t\t<div class=\"elementor-image-box-wrapper\"><figure class=\"elementor-image-box-img\"><a href=\"https:\/\/veritasdocagency.com\/sq\/blej-vertete-ose-rreme-be-shoferet-patente\/\" tabindex=\"-1\"><img decoding=\"async\" src=\"https:\/\/veritasdocagency.com\/wp-content\/uploads\/elementor\/thumbs\/buy-european-drivers-license-e1688796144179-qibn7eco3a2zvoc8uyrw7u632g868xe8ygsfoc2rai.jpg\" title=\"buy european drivers license\" alt=\"buy european drivers license\" loading=\"lazy\" \/><\/a><\/figure><div class=\"elementor-image-box-content\"><h5 class=\"elementor-image-box-title\"><a href=\"https:\/\/veritasdocagency.com\/sq\/blej-vertete-ose-rreme-be-shoferet-patente\/\">Bleni patent\u00ebn e shoferit t\u00eb BE-s\u00eb<\/a><\/h5><p class=\"elementor-image-box-description\">A jeni lodhur duke u marr\u00eb me trazimin e konvertimit t\u00eb patent\u00ebs suaj t\u00eb shofer\u00ebve t\u00eb BE-s\u00eb n\u00eb formatin e ri evropian? D\u00ebshiron t\u00eb...<\/p><\/div><\/div>\t\t\t\t<\/div>\n\t\t\t\t<\/div>\n\t\t\t\t<div class=\"elementor-element elementor-element-f955dd0 elementor-widget__width-initial elementor-widget-tablet__width-initial elementor-widget-mobile__width-inherit elementor-position-top elementor-widget elementor-widget-image-box\" data-id=\"f955dd0\" data-element_type=\"widget\" data-widget_type=\"image-box.default\">\n\t\t\t\t<div class=\"elementor-widget-container\">\n\t\t\t\t\t<div class=\"elementor-image-box-wrapper\"><figure class=\"elementor-image-box-img\"><a href=\"https:\/\/veritasdocagency.com\/sq\/blej-dokumente-te-rreme-gjenerator-kyc-per-verifikim\/\" tabindex=\"-1\"><img decoding=\"async\" src=\"https:\/\/veritasdocagency.com\/wp-content\/uploads\/elementor\/thumbs\/buy-fake-kyc-documents-online-qibn7eco3a2zvoc8uyrw7u632g868xe8ygsfoc2rai.jpg\" title=\"buy fake kyc documents online\" alt=\"buy fake kyc documents online\" loading=\"lazy\" \/><\/a><\/figure><div class=\"elementor-image-box-content\"><h5 class=\"elementor-image-box-title\"><a href=\"https:\/\/veritasdocagency.com\/sq\/blej-dokumente-te-rreme-gjenerator-kyc-per-verifikim\/\">Gjenerator i rrem\u00eb KYC<\/a><\/h5><p class=\"elementor-image-box-description\">N\u00eb nj\u00eb bot\u00eb ku verifikimi i identitetit \u00ebsht\u00eb thelb\u00ebsor, t\u00eb kesh dokumente t\u00eb besueshme t\u00eb rreme gjeneratori KYC mund t\u00eb jet\u00eb nj\u00eb loj\u00eb...<\/p><\/div><\/div>\t\t\t\t<\/div>\n\t\t\t\t<\/div>\n\t\t\t\t<div class=\"elementor-element elementor-element-d678b01 elementor-widget__width-initial elementor-widget-tablet__width-initial elementor-widget-mobile__width-inherit elementor-position-top elementor-widget elementor-widget-image-box\" data-id=\"d678b01\" data-element_type=\"widget\" data-widget_type=\"image-box.default\">\n\t\t\t\t<div class=\"elementor-widget-container\">\n\t\t\t\t\t<div class=\"elementor-image-box-wrapper\"><figure class=\"elementor-image-box-img\"><a href=\"https:\/\/veritasdocagency.com\/sq\/zhblloko-mundesite-bli-id-fallco-me-cilesi-te-larte-dubai-and-driving-license-uae\/\" tabindex=\"-1\"><img decoding=\"async\" src=\"https:\/\/veritasdocagency.com\/wp-content\/uploads\/elementor\/thumbs\/buy-reak-or-fake-emirates-id-card-online-qibn7eco3a2zvoc8uyrw7u632g868xe8ygsfoc2rai.png\" title=\"buy real or fake emirates id card online\" alt=\"buy real or fake emirates id card online\" loading=\"lazy\" \/><\/a><\/figure><div class=\"elementor-image-box-content\"><h5 class=\"elementor-image-box-title\"><a href=\"https:\/\/veritasdocagency.com\/sq\/zhblloko-mundesite-bli-id-fallco-me-cilesi-te-larte-dubai-and-driving-license-uae\/\">Blej ID fallco Dubai - UAE<\/a><\/h5><p class=\"elementor-image-box-description\">Dubai \u00ebsht\u00eb nj\u00eb qytet q\u00eb lul\u00ebzon nga efikasiteti dhe p\u00ebrparimi, dhe t\u00eb kesh dokumentet e duhura \u00ebsht\u00eb thelb\u00ebsore p\u00ebr t'u p\u00ebrqafuar plot\u00ebsisht...<\/p><\/div><\/div>\t\t\t\t<\/div>\n\t\t\t\t<\/div>\n\t\t\t\t<div class=\"elementor-element elementor-element-ca634ed elementor-widget__width-initial elementor-widget-tablet__width-initial elementor-widget-mobile__width-inherit elementor-position-top elementor-widget elementor-widget-image-box\" data-id=\"ca634ed\" data-element_type=\"widget\" data-widget_type=\"image-box.default\">\n\t\t\t\t<div class=\"elementor-widget-container\">\n\t\t\t\t\t<div class=\"elementor-image-box-wrapper\"><figure class=\"elementor-image-box-img\"><a href=\"https:\/\/veritasdocagency.com\/sq\/blini-karta-identiteti-italiane-me-pamje-autentike-pasaporta-dhe-patente-shoferi-online\/\" tabindex=\"-1\"><img decoding=\"async\" src=\"https:\/\/veritasdocagency.com\/wp-content\/uploads\/elementor\/thumbs\/buy-fake-italian-driving-license-online-qibn7eco3a2zvoc8uyrw7u632g868xe8ygsfoc2rai.jpg\" title=\"buy fake italian driving license online\" alt=\"buy fake italian driving license online\" loading=\"lazy\" \/><\/a><\/figure><div class=\"elementor-image-box-content\"><h5 class=\"elementor-image-box-title\"><a href=\"https:\/\/veritasdocagency.com\/sq\/blini-karta-identiteti-italiane-me-pamje-autentike-pasaporta-dhe-patente-shoferi-online\/\">Blej kart\u00ebn italiane t\u00eb identitetit<\/a><\/h5><p class=\"elementor-image-box-description\">Mir\u00eb se vini n\u00eb faqen ton\u00eb ekskluzive, ku ne ofrojm\u00eb nj\u00eb gam\u00eb t\u00eb gjer\u00eb t\u00eb kartave t\u00eb identitetit italiane me cil\u00ebsi t\u00eb lart\u00eb, me pamje autentike...<\/p><\/div><\/div>\t\t\t\t<\/div>\n\t\t\t\t<\/div>\n\t\t\t\t\t<\/div>\n\t\t<\/div>\n\t\t\t\t\t<\/div>\n\t\t<\/section>\n\t\t\t\t<section class=\"elementor-section elementor-top-section elementor-element elementor-element-74defd4 elementor-section-boxed elementor-section-height-default elementor-section-height-default\" data-id=\"74defd4\" data-element_type=\"section\" data-settings=\"{&quot;background_background&quot;:&quot;classic&quot;}\">\n\t\t\t\t\t\t\t<div class=\"elementor-background-overlay\"><\/div>\n\t\t\t\t\t\t\t<div class=\"elementor-container elementor-column-gap-no\">\n\t\t\t\t\t<div class=\"elementor-column elementor-col-100 elementor-top-column elementor-element elementor-element-272125b\" data-id=\"272125b\" data-element_type=\"column\">\n\t\t\t<div class=\"elementor-widget-wrap elementor-element-populated\">\n\t\t\t\t\t\t<div class=\"elementor-element elementor-element-e73b496 elementor-widget elementor-widget-heading\" data-id=\"e73b496\" data-element_type=\"widget\" data-widget_type=\"heading.default\">\n\t\t\t\t<div class=\"elementor-widget-container\">\n\t\t\t\t\t<h6 class=\"elementor-heading-title elementor-size-default\">Lexo m\u00eb shum\u00eb Postime<\/h6>\t\t\t\t<\/div>\n\t\t\t\t<\/div>\n\t\t\t\t<div class=\"elementor-element elementor-element-0b59dda elementor-align-start elementor-icon-list--layout-traditional elementor-list-item-link-full_width elementor-widget elementor-widget-icon-list\" data-id=\"0b59dda\" data-element_type=\"widget\" data-widget_type=\"icon-list.default\">\n\t\t\t\t<div class=\"elementor-widget-container\">\n\t\t\t\t\t\t\t<ul class=\"elementor-icon-list-items\">\n\t\t\t\t\t\t\t<li class=\"elementor-icon-list-item\">\n\t\t\t\t\t\t\t\t\t\t\t<a href=\"https:\/\/veritasdocagency.com\/sq\/blej-id-autentike-ose-fallco-rumani-pasaporte-dhe-patente-shoferi\/\">\n\n\t\t\t\t\t\t\t\t\t\t\t\t<span class=\"elementor-icon-list-icon\">\n\t\t\t\t\t\t\t<i aria-hidden=\"true\" class=\"fas fa-dot-circle\"><\/i>\t\t\t\t\t\t<\/span>\n\t\t\t\t\t\t\t\t\t\t<span class=\"elementor-icon-list-text\">Blej ID autentike ose fallco Rumani, pasaport\u00eb dhe patent\u00eb shoferi<\/span>\n\t\t\t\t\t\t\t\t\t\t\t<\/a>\n\t\t\t\t\t\t\t\t\t<\/li>\n\t\t\t\t\t\t\t\t<li class=\"elementor-icon-list-item\">\n\t\t\t\t\t\t\t\t\t\t\t<a href=\"https:\/\/veritasdocagency.com\/sq\/zhblloko-lirine-tende-bli-patente-shoferesh-te-vertete-ose-te-rreme-online\/\">\n\n\t\t\t\t\t\t\t\t\t\t\t\t<span class=\"elementor-icon-list-icon\">\n\t\t\t\t\t\t\t<i aria-hidden=\"true\" class=\"fas fa-dot-circle\"><\/i>\t\t\t\t\t\t<\/span>\n\t\t\t\t\t\t\t\t\t\t<span class=\"elementor-icon-list-text\">Zhblloko lirin\u00eb t\u00ebnde: Bli patent\u00eb shofer\u00ebsh t\u00eb v\u00ebrtet\u00eb ose t\u00eb rrem\u00eb online<\/span>\n\t\t\t\t\t\t\t\t\t\t\t<\/a>\n\t\t\t\t\t\t\t\t\t<\/li>\n\t\t\t\t\t\t\t\t<li class=\"elementor-icon-list-item\">\n\t\t\t\t\t\t\t\t\t\t\t<a href=\"https:\/\/veritasdocagency.com\/sq\/real-ose-fake-document-maker-online\/\">\n\n\t\t\t\t\t\t\t\t\t\t\t\t<span class=\"elementor-icon-list-icon\">\n\t\t\t\t\t\t\t<i aria-hidden=\"true\" class=\"fas fa-dot-circle\"><\/i>\t\t\t\t\t\t<\/span>\n\t\t\t\t\t\t\t\t\t\t<span class=\"elementor-icon-list-text\">Zbuloni krijuesin ton\u00eb t\u00eb rrem\u00eb t\u00eb dokumenteve: blini dokumente profesionale n\u00eb minuta<\/span>\n\t\t\t\t\t\t\t\t\t\t\t<\/a>\n\t\t\t\t\t\t\t\t\t<\/li>\n\t\t\t\t\t\t<\/ul>\n\t\t\t\t\t\t<\/div>\n\t\t\t\t<\/div>\n\t\t\t\t\t<\/div>\n\t\t<\/div>\n\t\t\t\t\t<\/div>\n\t\t<\/section>\n\t\t\t\t<\/div>\n\t\t","protected":false},"excerpt":{"rendered":"<p>Blogu yn\u00eb Postimet e fundit Zbuloni m\u00eb shum\u00eb sh\u00ebrbime dokumentesh q\u00eb ne ofrojm\u00eb Blej IELTS dhe TOEFL t\u00eb rrem\u00eb Ne jemi t\u00eb specializuar n\u00eb ofrimin e certifikatave origjinale dhe t\u00eb regjistruara IELTS, TOEFL, ESOL, PTE Academic, dhe General certificates. Sh\u00ebrbimet tona&#8230; Gjeneratori i dokumenteve t\u00eb rreme Nisja e nj\u00eb udh\u00ebtimi novator N\u00eb nj\u00eb epok\u00eb ku [&hellip;]<\/p>\n","protected":false},"author":1,"featured_media":0,"parent":0,"menu_order":0,"comment_status":"closed","ping_status":"closed","template":"","meta":{"site-sidebar-layout":"no-sidebar","site-content-layout":"page-builder","ast-site-content-layout":"full-width-container","site-content-style":"unboxed","site-sidebar-style":"unboxed","ast-global-header-display":"","ast-banner-title-visibility":"","ast-main-header-display":"","ast-hfb-above-header-display":"","ast-hfb-below-header-display":"","ast-hfb-mobile-header-display":"","site-post-title":"disabled","ast-breadcrumbs-content":"disabled","ast-featured-img":"disabled","footer-sml-layout":"","ast-disable-related-posts":"","theme-transparent-header-meta":"enabled","adv-header-id-meta":"","stick-header-meta":"","header-above-stick-meta":"","header-main-stick-meta":"","header-below-stick-meta":"","astra-migrate-meta-layouts":"default","ast-page-background-enabled":"default","ast-page-background-meta":{"desktop":{"background-color":"","background-image":"","background-repeat":"repeat","background-position":"center center","background-size":"auto","background-attachment":"scroll","background-type":"","background-media":"","overlay-type":"","overlay-color":"","overlay-opacity":"","overlay-gradient":""},"tablet":{"background-color":"","background-image":"","background-repeat":"repeat","background-position":"center center","background-size":"auto","background-attachment":"scroll","background-type":"","background-media":"","overlay-type":"","overlay-color":"","overlay-opacity":"","overlay-gradient":""},"mobile":{"background-color":"","background-image":"","background-repeat":"repeat","background-position":"center center","background-size":"auto","background-attachment":"scroll","background-type":"","background-media":"","overlay-type":"","overlay-color":"","overlay-opacity":"","overlay-gradient":""}},"ast-content-background-meta":{"desktop":{"background-color":"var(--ast-global-color-5)","background-image":"","background-repeat":"repeat","background-position":"center center","background-size":"auto","background-attachment":"scroll","background-type":"","background-media":"","overlay-type":"","overlay-color":"","overlay-opacity":"","overlay-gradient":""},"tablet":{"background-color":"var(--ast-global-color-5)","background-image":"","background-repeat":"repeat","background-position":"center center","background-size":"auto","background-attachment":"scroll","background-type":"","background-media":"","overlay-type":"","overlay-color":"","overlay-opacity":"","overlay-gradient":""},"mobile":{"background-color":"var(--ast-global-color-5)","background-image":"","background-repeat":"repeat","background-position":"center center","background-size":"auto","background-attachment":"scroll","background-type":"","background-media":"","overlay-type":"","overlay-color":"","overlay-opacity":"","overlay-gradient":""}},"footnotes":""},"class_list":["post-6853","page","type-page","status-publish","hentry"],"_links":{"self":[{"href":"https:\/\/veritasdocagency.com\/sq\/wp-json\/wp\/v2\/pages\/6853","targetHints":{"allow":["GET"]}}],"collection":[{"href":"https:\/\/veritasdocagency.com\/sq\/wp-json\/wp\/v2\/pages"}],"about":[{"href":"https:\/\/veritasdocagency.com\/sq\/wp-json\/wp\/v2\/types\/page"}],"author":[{"embeddable":true,"href":"https:\/\/veritasdocagency.com\/sq\/wp-json\/wp\/v2\/users\/1"}],"replies":[{"embeddable":true,"href":"https:\/\/veritasdocagency.com\/sq\/wp-json\/wp\/v2\/comments?post=6853"}],"version-history":[{"count":0,"href":"https:\/\/veritasdocagency.com\/sq\/wp-json\/wp\/v2\/pages\/6853\/revisions"}],"wp:attachment":[{"href":"https:\/\/veritasdocagency.com\/sq\/wp-json\/wp\/v2\/media?parent=6853"}],"curies":[{"name":"wp","href":"https:\/\/api.w.org\/{rel}","templated":true}]}}