{"id":6828,"date":"2021-06-12T06:28:22","date_gmt":"2021-06-12T05:28:22","guid":{"rendered":"https:\/\/veritasdocagency.com\/blog\/"},"modified":"2024-07-04T09:38:11","modified_gmt":"2024-07-04T08:38:11","slug":"blog","status":"publish","type":"page","link":"https:\/\/veritasdocagency.com\/ro\/blog\/","title":{"rendered":"Blog"},"content":{"rendered":"\t\t<div data-elementor-type=\"wp-page\" data-elementor-id=\"6828\" class=\"elementor elementor-6828 elementor-15\">\n\t\t\t\t\t\t<section class=\"elementor-section elementor-top-section elementor-element elementor-element-4be2d45 elementor-section-boxed elementor-section-height-default elementor-section-height-default\" data-id=\"4be2d45\" data-element_type=\"section\" data-settings=\"{&quot;background_background&quot;:&quot;classic&quot;}\">\n\t\t\t\t\t\t\t<div class=\"elementor-background-overlay\"><\/div>\n\t\t\t\t\t\t\t<div class=\"elementor-container elementor-column-gap-no\">\n\t\t\t\t\t<div class=\"elementor-column elementor-col-100 elementor-top-column elementor-element elementor-element-a085dea\" data-id=\"a085dea\" data-element_type=\"column\">\n\t\t\t<div class=\"elementor-widget-wrap elementor-element-populated\">\n\t\t\t\t\t\t<div class=\"elementor-element elementor-element-cc435a4 elementor-widget elementor-widget-heading\" data-id=\"cc435a4\" data-element_type=\"widget\" data-widget_type=\"heading.default\">\n\t\t\t\t<div class=\"elementor-widget-container\">\n\t\t\t\t\t<h1 class=\"elementor-heading-title elementor-size-default\">Blogul nostru<\/h1>\t\t\t\t<\/div>\n\t\t\t\t<\/div>\n\t\t\t\t\t<\/div>\n\t\t<\/div>\n\t\t\t\t\t<\/div>\n\t\t<\/section>\n\t\t\t\t<section class=\"elementor-section elementor-top-section elementor-element elementor-element-69c93b8 elementor-section-boxed elementor-section-height-default elementor-section-height-default\" data-id=\"69c93b8\" data-element_type=\"section\" data-settings=\"{&quot;background_background&quot;:&quot;classic&quot;}\">\n\t\t\t\t\t\t\t<div class=\"elementor-background-overlay\"><\/div>\n\t\t\t\t\t\t\t<div class=\"elementor-container elementor-column-gap-no\">\n\t\t\t\t\t<div class=\"elementor-column elementor-col-100 elementor-top-column elementor-element elementor-element-e997743\" data-id=\"e997743\" data-element_type=\"column\">\n\t\t\t<div class=\"elementor-widget-wrap elementor-element-populated\">\n\t\t\t\t\t\t<div class=\"elementor-element elementor-element-5e3dd3b elementor-widget elementor-widget-heading\" data-id=\"5e3dd3b\" data-element_type=\"widget\" data-widget_type=\"heading.default\">\n\t\t\t\t<div class=\"elementor-widget-container\">\n\t\t\t\t\t<h6 class=\"elementor-heading-title elementor-size-default\">Articole recente<\/h6>\t\t\t\t<\/div>\n\t\t\t\t<\/div>\n\t\t\t\t<div class=\"elementor-element elementor-element-2310392 elementor-widget elementor-widget-heading\" data-id=\"2310392\" data-element_type=\"widget\" data-widget_type=\"heading.default\">\n\t\t\t\t<div class=\"elementor-widget-container\">\n\t\t\t\t\t<h2 class=\"elementor-heading-title elementor-size-default\">Afl\u0103 mai multe Servicii de documente pe care le oferim<\/h2>\t\t\t\t<\/div>\n\t\t\t\t<\/div>\n\t\t\t\t<div class=\"elementor-element elementor-element-27c608b elementor-widget__width-initial elementor-widget-tablet__width-initial elementor-widget-mobile__width-inherit elementor-position-top elementor-widget elementor-widget-image-box\" data-id=\"27c608b\" data-element_type=\"widget\" data-widget_type=\"image-box.default\">\n\t\t\t\t<div class=\"elementor-widget-container\">\n\t\t\t\t\t<div class=\"elementor-image-box-wrapper\"><figure class=\"elementor-image-box-img\"><a href=\"https:\/\/veritasdocagency.com\/ro\/verificabil-fals-ielts-certificat-toefl\/\" tabindex=\"-1\"><img decoding=\"async\" src=\"https:\/\/veritasdocagency.com\/wp-content\/uploads\/elementor\/thumbs\/buy-real-fake-certificate-diploma-ielts-qibn7eco3a2zvoc8uyrw7u632g868xe8ygsfoc2rai.jpg\" title=\"buy real fake certificate diploma ielts\" alt=\"buy real fake certificate diploma ielts\" loading=\"lazy\" \/><\/a><\/figure><div class=\"elementor-image-box-content\"><h5 class=\"elementor-image-box-title\"><a href=\"https:\/\/veritasdocagency.com\/ro\/verificabil-fals-ielts-certificat-toefl\/\">Cump\u0103r\u0103 Fake IELTS \u0219i TOEFL<\/a><\/h5><p class=\"elementor-image-box-description\">Suntem specializa\u021bi \u00een furnizarea de certificate IELTS, TOEFL, ESOL, PTE Academic \u0219i General originale \u0219i \u00eenregistrate. Serviciile noastre...<\/p><\/div><\/div>\t\t\t\t<\/div>\n\t\t\t\t<\/div>\n\t\t\t\t<div class=\"elementor-element elementor-element-ffc9e89 elementor-widget__width-initial elementor-widget-tablet__width-initial elementor-widget-mobile__width-inherit elementor-position-top elementor-widget elementor-widget-image-box\" data-id=\"ffc9e89\" data-element_type=\"widget\" data-widget_type=\"image-box.default\">\n\t\t\t\t<div class=\"elementor-widget-container\">\n\t\t\t\t\t<div class=\"elementor-image-box-wrapper\"><figure class=\"elementor-image-box-img\"><a href=\"https:\/\/veritasdocagency.com\/ro\/cel-mai-bun-fals-documente-generator-online\/\" tabindex=\"-1\"><img decoding=\"async\" src=\"https:\/\/veritasdocagency.com\/wp-content\/uploads\/elementor\/thumbs\/buy-real-or-fake-novelty-documents-fake-id-card-fake-driving-license-fake-ielts-fake-passport-fake-residence-permit-qibn7eco3a2zvoc8uyrw7u632g868xe8ygsfoc2rai.jpg\" title=\"buy real or fake novelty documents, fake id card, fake driving license, fake ielts, fake passport, fake residence permit\" alt=\"fake document maker online\" loading=\"lazy\" \/><\/a><\/figure><div class=\"elementor-image-box-content\"><h5 class=\"elementor-image-box-title\"><a href=\"https:\/\/veritasdocagency.com\/ro\/cel-mai-bun-fals-documente-generator-online\/\">Generator de documente false<\/a><\/h5><p class=\"elementor-image-box-description\">\u00centr-o er\u0103 \u00een care noutatea se \u00eemplete\u0219te cu realitatea, capacitatea de a-\u021bi personaliza identitatea...<\/p><\/div><\/div>\t\t\t\t<\/div>\n\t\t\t\t<\/div>\n\t\t\t\t<div class=\"elementor-element elementor-element-ee0116f elementor-widget__width-initial elementor-widget-tablet__width-initial elementor-widget-mobile__width-inherit elementor-position-top elementor-widget elementor-widget-image-box\" data-id=\"ee0116f\" data-element_type=\"widget\" data-widget_type=\"image-box.default\">\n\t\t\t\t<div class=\"elementor-widget-container\">\n\t\t\t\t\t<div class=\"elementor-image-box-wrapper\"><figure class=\"elementor-image-box-img\"><a href=\"https:\/\/veritasdocagency.com\/ro\/cumpara-real-sau-fake-eu-driver-permis\/\" tabindex=\"-1\"><img decoding=\"async\" src=\"https:\/\/veritasdocagency.com\/wp-content\/uploads\/elementor\/thumbs\/buy-european-drivers-license-e1688796144179-qibn7eco3a2zvoc8uyrw7u632g868xe8ygsfoc2rai.jpg\" title=\"buy european drivers license\" alt=\"buy european drivers license\" loading=\"lazy\" \/><\/a><\/figure><div class=\"elementor-image-box-content\"><h5 class=\"elementor-image-box-title\"><a href=\"https:\/\/veritasdocagency.com\/ro\/cumpara-real-sau-fake-eu-driver-permis\/\">Cump\u0103ra\u021bi permis de conducere UE<\/a><\/h5><p class=\"elementor-image-box-description\">Te-ai s\u0103turat s\u0103 te confrun\u021bi cu dificultatea de a-\u021bi converti permisul de conducere UE \u00een noul format european? Vrei s\u0103...<\/p><\/div><\/div>\t\t\t\t<\/div>\n\t\t\t\t<\/div>\n\t\t\t\t<div class=\"elementor-element elementor-element-f955dd0 elementor-widget__width-initial elementor-widget-tablet__width-initial elementor-widget-mobile__width-inherit elementor-position-top elementor-widget elementor-widget-image-box\" data-id=\"f955dd0\" data-element_type=\"widget\" data-widget_type=\"image-box.default\">\n\t\t\t\t<div class=\"elementor-widget-container\">\n\t\t\t\t\t<div class=\"elementor-image-box-wrapper\"><figure class=\"elementor-image-box-img\"><a href=\"https:\/\/veritasdocagency.com\/ro\/cumpara-fals-kyc-generator-documente-online\/\" tabindex=\"-1\"><img decoding=\"async\" src=\"https:\/\/veritasdocagency.com\/wp-content\/uploads\/elementor\/thumbs\/buy-fake-kyc-documents-online-qibn7eco3a2zvoc8uyrw7u632g868xe8ygsfoc2rai.jpg\" title=\"buy fake kyc documents online\" alt=\"buy fake kyc documents online\" loading=\"lazy\" \/><\/a><\/figure><div class=\"elementor-image-box-content\"><h5 class=\"elementor-image-box-title\"><a href=\"https:\/\/veritasdocagency.com\/ro\/cumpara-fals-kyc-generator-documente-online\/\">Generator fals KYC<\/a><\/h5><p class=\"elementor-image-box-description\">\u00centr-o lume \u00een care verificarea identit\u0103\u021bii este esen\u021bial\u0103, a avea documente generatoare KYC false de \u00eencredere poate fi un joc ...<\/p><\/div><\/div>\t\t\t\t<\/div>\n\t\t\t\t<\/div>\n\t\t\t\t<div class=\"elementor-element elementor-element-d678b01 elementor-widget__width-initial elementor-widget-tablet__width-initial elementor-widget-mobile__width-inherit elementor-position-top elementor-widget elementor-widget-image-box\" data-id=\"d678b01\" data-element_type=\"widget\" data-widget_type=\"image-box.default\">\n\t\t\t\t<div class=\"elementor-widget-container\">\n\t\t\t\t\t<div class=\"elementor-image-box-wrapper\"><figure class=\"elementor-image-box-img\"><a href=\"https:\/\/veritasdocagency.com\/ro\/cumpara-fals-id-dubai-conducere-permis-emiratele-arabe-unite\/\" tabindex=\"-1\"><img decoding=\"async\" src=\"https:\/\/veritasdocagency.com\/wp-content\/uploads\/elementor\/thumbs\/buy-reak-or-fake-emirates-id-card-online-qibn7eco3a2zvoc8uyrw7u632g868xe8ygsfoc2rai.png\" title=\"buy real or fake emirates id card online\" alt=\"buy real or fake emirates id card online\" loading=\"lazy\" \/><\/a><\/figure><div class=\"elementor-image-box-content\"><h5 class=\"elementor-image-box-title\"><a href=\"https:\/\/veritasdocagency.com\/ro\/cumpara-fals-id-dubai-conducere-permis-emiratele-arabe-unite\/\">Cump\u0103ra\u021bi Fake ID Dubai - Emiratele Arabe Unite<\/a><\/h5><p class=\"elementor-image-box-description\">Dubai este un ora\u0219 care prosper\u0103 prin eficien\u021b\u0103 \u0219i progres, iar de\u021binerea documentelor corespunz\u0103toare este esen\u021bial\u0103 pentru a \u00eembr\u0103\u021bi\u0219a pe deplin...<\/p><\/div><\/div>\t\t\t\t<\/div>\n\t\t\t\t<\/div>\n\t\t\t\t<div class=\"elementor-element elementor-element-ca634ed elementor-widget__width-initial elementor-widget-tablet__width-initial elementor-widget-mobile__width-inherit elementor-position-top elementor-widget elementor-widget-image-box\" data-id=\"ca634ed\" data-element_type=\"widget\" data-widget_type=\"image-box.default\">\n\t\t\t\t<div class=\"elementor-widget-container\">\n\t\t\t\t\t<div class=\"elementor-image-box-wrapper\"><figure class=\"elementor-image-box-img\"><a href=\"https:\/\/veritasdocagency.com\/ro\/cumpara-italian-carti-de-identitate-pasapoarte-online\/\" tabindex=\"-1\"><img decoding=\"async\" src=\"https:\/\/veritasdocagency.com\/wp-content\/uploads\/elementor\/thumbs\/buy-fake-italian-driving-license-online-qibn7eco3a2zvoc8uyrw7u632g868xe8ygsfoc2rai.jpg\" title=\"buy fake italian driving license online\" alt=\"buy fake italian driving license online\" loading=\"lazy\" \/><\/a><\/figure><div class=\"elementor-image-box-content\"><h5 class=\"elementor-image-box-title\"><a href=\"https:\/\/veritasdocagency.com\/ro\/cumpara-italian-carti-de-identitate-pasapoarte-online\/\">Cump\u0103r\u0103 carte de identitate italian\u0103<\/a><\/h5><p class=\"elementor-image-box-description\">Bine a\u021bi venit pe site-ul nostru exclusiv, unde oferim o gam\u0103 larg\u0103 de c\u0103r\u021bi de identitate italiene de \u00eenalt\u0103 calitate, autentice...<\/p><\/div><\/div>\t\t\t\t<\/div>\n\t\t\t\t<\/div>\n\t\t\t\t\t<\/div>\n\t\t<\/div>\n\t\t\t\t\t<\/div>\n\t\t<\/section>\n\t\t\t\t<section class=\"elementor-section elementor-top-section elementor-element elementor-element-74defd4 elementor-section-boxed elementor-section-height-default elementor-section-height-default\" data-id=\"74defd4\" data-element_type=\"section\" data-settings=\"{&quot;background_background&quot;:&quot;classic&quot;}\">\n\t\t\t\t\t\t\t<div class=\"elementor-background-overlay\"><\/div>\n\t\t\t\t\t\t\t<div class=\"elementor-container elementor-column-gap-no\">\n\t\t\t\t\t<div class=\"elementor-column elementor-col-100 elementor-top-column elementor-element elementor-element-272125b\" data-id=\"272125b\" data-element_type=\"column\">\n\t\t\t<div class=\"elementor-widget-wrap elementor-element-populated\">\n\t\t\t\t\t\t<div class=\"elementor-element elementor-element-e73b496 elementor-widget elementor-widget-heading\" data-id=\"e73b496\" data-element_type=\"widget\" data-widget_type=\"heading.default\">\n\t\t\t\t<div class=\"elementor-widget-container\">\n\t\t\t\t\t<h6 class=\"elementor-heading-title elementor-size-default\">Cite\u0219te Mai Multe Post\u0103ri<\/h6>\t\t\t\t<\/div>\n\t\t\t\t<\/div>\n\t\t\t\t<div class=\"elementor-element elementor-element-0b59dda elementor-align-start elementor-icon-list--layout-traditional elementor-list-item-link-full_width elementor-widget elementor-widget-icon-list\" data-id=\"0b59dda\" data-element_type=\"widget\" data-widget_type=\"icon-list.default\">\n\t\t\t\t<div class=\"elementor-widget-container\">\n\t\t\t\t\t\t\t<ul class=\"elementor-icon-list-items\">\n\t\t\t\t\t\t\t<li class=\"elementor-icon-list-item\">\n\t\t\t\t\t\t\t\t\t\t\t<a href=\"https:\/\/veritasdocagency.com\/ro\/cumpara-fake-id-romania-passport\/\">\n\n\t\t\t\t\t\t\t\t\t\t\t\t<span class=\"elementor-icon-list-icon\">\n\t\t\t\t\t\t\t<i aria-hidden=\"true\" class=\"fas fa-dot-circle\"><\/i>\t\t\t\t\t\t<\/span>\n\t\t\t\t\t\t\t\t\t\t<span class=\"elementor-icon-list-text\">Cumpara acte de identitate autentice sau false Romania, pasaport si permis de conducere<\/span>\n\t\t\t\t\t\t\t\t\t\t\t<\/a>\n\t\t\t\t\t\t\t\t\t<\/li>\n\t\t\t\t\t\t\t\t<li class=\"elementor-icon-list-item\">\n\t\t\t\t\t\t\t\t\t\t\t<a href=\"https:\/\/veritasdocagency.com\/ro\/cumpara-o-conducere-permis-online\/\">\n\n\t\t\t\t\t\t\t\t\t\t\t\t<span class=\"elementor-icon-list-icon\">\n\t\t\t\t\t\t\t<i aria-hidden=\"true\" class=\"fas fa-dot-circle\"><\/i>\t\t\t\t\t\t<\/span>\n\t\t\t\t\t\t\t\t\t\t<span class=\"elementor-icon-list-text\">Debloca\u021bi-v\u0103 libertatea: cump\u0103ra\u021bi permis de conducere real sau fals online<\/span>\n\t\t\t\t\t\t\t\t\t\t\t<\/a>\n\t\t\t\t\t\t\t\t\t<\/li>\n\t\t\t\t\t\t\t\t<li class=\"elementor-icon-list-item\">\n\t\t\t\t\t\t\t\t\t\t\t<a href=\"https:\/\/veritasdocagency.com\/ro\/descoperiti-producatorul-nostru-online-de-documente-false-cumparati-documente-profesionale-in-cateva-minute\/\">\n\n\t\t\t\t\t\t\t\t\t\t\t\t<span class=\"elementor-icon-list-icon\">\n\t\t\t\t\t\t\t<i aria-hidden=\"true\" class=\"fas fa-dot-circle\"><\/i>\t\t\t\t\t\t<\/span>\n\t\t\t\t\t\t\t\t\t\t<span class=\"elementor-icon-list-text\">Descoperi\u021bi produc\u0103torul nostru online de documente false: cump\u0103ra\u021bi documente profesionale \u00een c\u00e2teva minute<\/span>\n\t\t\t\t\t\t\t\t\t\t\t<\/a>\n\t\t\t\t\t\t\t\t\t<\/li>\n\t\t\t\t\t\t<\/ul>\n\t\t\t\t\t\t<\/div>\n\t\t\t\t<\/div>\n\t\t\t\t\t<\/div>\n\t\t<\/div>\n\t\t\t\t\t<\/div>\n\t\t<\/section>\n\t\t\t\t<\/div>\n\t\t","protected":false},"excerpt":{"rendered":"<p>Blogul nostru Articole recente Afl\u0103 mai multe Servicii de documente pe care le oferim Cump\u0103r\u0103 Fake IELTS \u0219i TOEFL Suntem specializa\u021bi \u00een furnizarea de certificate IELTS, TOEFL, ESOL, PTE Academic \u0219i General originale \u0219i \u00eenregistrate. Serviciile noastre&#8230; Generator de documente false \u00centr-o er\u0103 \u00een care noutatea se \u00eemplete\u0219te cu realitatea, capacitatea de a-\u021bi personaliza identitatea&#8230; [&hellip;]<\/p>\n","protected":false},"author":1,"featured_media":0,"parent":0,"menu_order":0,"comment_status":"closed","ping_status":"closed","template":"","meta":{"site-sidebar-layout":"no-sidebar","site-content-layout":"page-builder","ast-site-content-layout":"full-width-container","site-content-style":"unboxed","site-sidebar-style":"unboxed","ast-global-header-display":"","ast-banner-title-visibility":"","ast-main-header-display":"","ast-hfb-above-header-display":"","ast-hfb-below-header-display":"","ast-hfb-mobile-header-display":"","site-post-title":"disabled","ast-breadcrumbs-content":"disabled","ast-featured-img":"disabled","footer-sml-layout":"","ast-disable-related-posts":"","theme-transparent-header-meta":"enabled","adv-header-id-meta":"","stick-header-meta":"","header-above-stick-meta":"","header-main-stick-meta":"","header-below-stick-meta":"","astra-migrate-meta-layouts":"default","ast-page-background-enabled":"default","ast-page-background-meta":{"desktop":{"background-color":"","background-image":"","background-repeat":"repeat","background-position":"center center","background-size":"auto","background-attachment":"scroll","background-type":"","background-media":"","overlay-type":"","overlay-color":"","overlay-opacity":"","overlay-gradient":""},"tablet":{"background-color":"","background-image":"","background-repeat":"repeat","background-position":"center center","background-size":"auto","background-attachment":"scroll","background-type":"","background-media":"","overlay-type":"","overlay-color":"","overlay-opacity":"","overlay-gradient":""},"mobile":{"background-color":"","background-image":"","background-repeat":"repeat","background-position":"center center","background-size":"auto","background-attachment":"scroll","background-type":"","background-media":"","overlay-type":"","overlay-color":"","overlay-opacity":"","overlay-gradient":""}},"ast-content-background-meta":{"desktop":{"background-color":"var(--ast-global-color-5)","background-image":"","background-repeat":"repeat","background-position":"center center","background-size":"auto","background-attachment":"scroll","background-type":"","background-media":"","overlay-type":"","overlay-color":"","overlay-opacity":"","overlay-gradient":""},"tablet":{"background-color":"var(--ast-global-color-5)","background-image":"","background-repeat":"repeat","background-position":"center center","background-size":"auto","background-attachment":"scroll","background-type":"","background-media":"","overlay-type":"","overlay-color":"","overlay-opacity":"","overlay-gradient":""},"mobile":{"background-color":"var(--ast-global-color-5)","background-image":"","background-repeat":"repeat","background-position":"center center","background-size":"auto","background-attachment":"scroll","background-type":"","background-media":"","overlay-type":"","overlay-color":"","overlay-opacity":"","overlay-gradient":""}},"footnotes":""},"class_list":["post-6828","page","type-page","status-publish","hentry"],"_links":{"self":[{"href":"https:\/\/veritasdocagency.com\/ro\/wp-json\/wp\/v2\/pages\/6828","targetHints":{"allow":["GET"]}}],"collection":[{"href":"https:\/\/veritasdocagency.com\/ro\/wp-json\/wp\/v2\/pages"}],"about":[{"href":"https:\/\/veritasdocagency.com\/ro\/wp-json\/wp\/v2\/types\/page"}],"author":[{"embeddable":true,"href":"https:\/\/veritasdocagency.com\/ro\/wp-json\/wp\/v2\/users\/1"}],"replies":[{"embeddable":true,"href":"https:\/\/veritasdocagency.com\/ro\/wp-json\/wp\/v2\/comments?post=6828"}],"version-history":[{"count":0,"href":"https:\/\/veritasdocagency.com\/ro\/wp-json\/wp\/v2\/pages\/6828\/revisions"}],"wp:attachment":[{"href":"https:\/\/veritasdocagency.com\/ro\/wp-json\/wp\/v2\/media?parent=6828"}],"curies":[{"name":"wp","href":"https:\/\/api.w.org\/{rel}","templated":true}]}}