{"id":6786,"date":"2021-06-12T06:25:44","date_gmt":"2021-06-12T05:25:44","guid":{"rendered":"https:\/\/veritasdocagency.com\/servicii\/"},"modified":"2024-07-04T09:42:21","modified_gmt":"2024-07-04T08:42:21","slug":"servicii","status":"publish","type":"page","link":"https:\/\/veritasdocagency.com\/ro\/servicii\/","title":{"rendered":"Servicii"},"content":{"rendered":"\t\t<div data-elementor-type=\"wp-page\" data-elementor-id=\"6786\" class=\"elementor elementor-6786 elementor-4780\">\n\t\t\t\t\t\t<section class=\"elementor-section elementor-top-section elementor-element elementor-element-623ea53 elementor-section-boxed elementor-section-height-default elementor-section-height-default\" data-id=\"623ea53\" data-element_type=\"section\" data-settings=\"{&quot;background_background&quot;:&quot;classic&quot;}\">\n\t\t\t\t\t\t\t<div class=\"elementor-background-overlay\"><\/div>\n\t\t\t\t\t\t\t<div class=\"elementor-container elementor-column-gap-no\">\n\t\t\t\t\t<div class=\"elementor-column elementor-col-100 elementor-top-column elementor-element elementor-element-21ddeff\" data-id=\"21ddeff\" data-element_type=\"column\">\n\t\t\t<div class=\"elementor-widget-wrap elementor-element-populated\">\n\t\t\t\t\t\t<div class=\"elementor-element elementor-element-a09d3bc elementor-widget elementor-widget-heading\" data-id=\"a09d3bc\" data-element_type=\"widget\" data-widget_type=\"heading.default\">\n\t\t\t\t<div class=\"elementor-widget-container\">\n\t\t\t\t\t<h1 class=\"elementor-heading-title elementor-size-default\">Servicii<\/h1>\t\t\t\t<\/div>\n\t\t\t\t<\/div>\n\t\t\t\t\t<\/div>\n\t\t<\/div>\n\t\t\t\t\t<\/div>\n\t\t<\/section>\n\t\t\t\t<section class=\"elementor-section elementor-top-section elementor-element elementor-element-e6eecd6 elementor-section-boxed elementor-section-height-default elementor-section-height-default\" data-id=\"e6eecd6\" data-element_type=\"section\" data-settings=\"{&quot;background_background&quot;:&quot;classic&quot;}\">\n\t\t\t\t\t\t\t<div class=\"elementor-background-overlay\"><\/div>\n\t\t\t\t\t\t\t<div class=\"elementor-container elementor-column-gap-no\">\n\t\t\t\t\t<div class=\"elementor-column elementor-col-100 elementor-top-column elementor-element elementor-element-75764c5\" data-id=\"75764c5\" data-element_type=\"column\">\n\t\t\t<div class=\"elementor-widget-wrap elementor-element-populated\">\n\t\t\t\t\t\t<div class=\"elementor-element elementor-element-a3030da elementor-widget elementor-widget-heading\" data-id=\"a3030da\" data-element_type=\"widget\" data-widget_type=\"heading.default\">\n\t\t\t\t<div class=\"elementor-widget-container\">\n\t\t\t\t\t<h6 class=\"elementor-heading-title elementor-size-default\">Ce facem<\/h6>\t\t\t\t<\/div>\n\t\t\t\t<\/div>\n\t\t\t\t<div class=\"elementor-element elementor-element-1dbc89b elementor-widget elementor-widget-heading\" data-id=\"1dbc89b\" data-element_type=\"widget\" data-widget_type=\"heading.default\">\n\t\t\t\t<div class=\"elementor-widget-container\">\n\t\t\t\t\t<h2 class=\"elementor-heading-title elementor-size-default\">Cele mai bune servicii de documente reale \u0219i false<\/h2>\t\t\t\t<\/div>\n\t\t\t\t<\/div>\n\t\t\t\t<div class=\"elementor-element elementor-element-b9529bc elementor-widget__width-initial elementor-widget-tablet__width-initial elementor-widget-mobile__width-inherit elementor-position-top elementor-widget elementor-widget-image-box\" data-id=\"b9529bc\" data-element_type=\"widget\" data-widget_type=\"image-box.default\">\n\t\t\t\t<div class=\"elementor-widget-container\">\n\t\t\t\t\t<div class=\"elementor-image-box-wrapper\"><figure class=\"elementor-image-box-img\"><a href=\"https:\/\/veritasdocagency.com\/buy-nclex-certificate-2\/\" tabindex=\"-1\"><img fetchpriority=\"high\" decoding=\"async\" width=\"370\" height=\"270\" src=\"https:\/\/veritasdocagency.com\/wp-content\/uploads\/2022\/11\/buy-fake-nclex-certificate-online.svg\" class=\"attachment-full size-full wp-image-2278\" alt=\"buy fake nclex certificate online\" \/><\/a><\/figure><div class=\"elementor-image-box-content\"><h4 class=\"elementor-image-box-title\"><a href=\"https:\/\/veritasdocagency.com\/buy-nclex-certificate-2\/\">Cump\u0103r\u0103 IELTS, certificat NCLEX<\/a><\/h4><p class=\"elementor-image-box-description\">Nu este nevoie de examen. Ob\u021binem licen\u021be de certificat NCLEX-RN \u0219i NCLEX-PN valabile \u0219i autentice de la furnizorii certifica\u021bi. \u00cenregistra\u021bi-v\u0103 \u0219i verifica\u021bi-v\u0103 USMLE, IELTS, TOEFL, GED<\/p><\/div><\/div>\t\t\t\t<\/div>\n\t\t\t\t<\/div>\n\t\t\t\t<div class=\"elementor-element elementor-element-1ee8e7c elementor-widget__width-initial elementor-widget-tablet__width-initial elementor-widget-mobile__width-inherit elementor-position-top elementor-widget elementor-widget-image-box\" data-id=\"1ee8e7c\" data-element_type=\"widget\" data-widget_type=\"image-box.default\">\n\t\t\t\t<div class=\"elementor-widget-container\">\n\t\t\t\t\t<div class=\"elementor-image-box-wrapper\"><figure class=\"elementor-image-box-img\"><a href=\"https:\/\/veritasdocagency.com\/ro\/cumpara-verificabil-fals-diploma-si-diploma\/\" tabindex=\"-1\"><img decoding=\"async\" width=\"370\" height=\"270\" src=\"https:\/\/veritasdocagency.com\/wp-content\/uploads\/2022\/11\/buy-fake-diploma-online.svg\" class=\"attachment-full size-full wp-image-2274\" alt=\"buy fake diploma online\" \/><\/a><\/figure><div class=\"elementor-image-box-content\"><h4 class=\"elementor-image-box-title\"><a href=\"https:\/\/veritasdocagency.com\/ro\/cumpara-verificabil-fals-diploma-si-diploma\/\">Fals Diploma &amp; Degree Maker<\/a><\/h4><p class=\"elementor-image-box-description\">Pute\u021bi ob\u021bine diplome, grade, transcrieri \u0219i seturi de pachete, toate realiste \u0219i autentice! Indiferent unde v\u0103 afla\u021bi \u00een lume, putem face ceva pentru dvs.<\/p><\/div><\/div>\t\t\t\t<\/div>\n\t\t\t\t<\/div>\n\t\t\t\t<div class=\"elementor-element elementor-element-cd7a0c6 elementor-widget__width-initial elementor-widget-tablet__width-initial elementor-widget-mobile__width-inherit elementor-position-top elementor-widget elementor-widget-image-box\" data-id=\"cd7a0c6\" data-element_type=\"widget\" data-widget_type=\"image-box.default\">\n\t\t\t\t<div class=\"elementor-widget-container\">\n\t\t\t\t\t<div class=\"elementor-image-box-wrapper\"><figure class=\"elementor-image-box-img\"><img decoding=\"async\" width=\"370\" height=\"270\" src=\"https:\/\/veritasdocagency.com\/wp-content\/uploads\/2022\/11\/buy-fake-legal-documents-online.svg\" class=\"attachment-full size-full wp-image-2277\" alt=\"buy fake authentic documents online: fake birth certificate, fake marriage certificate\" \/><\/figure><div class=\"elementor-image-box-content\"><h4 class=\"elementor-image-box-title\">Produc\u0103tor de documente legale false<\/h4><p class=\"elementor-image-box-description\">Producem documente legale, cum ar fi certificate de na\u0219tere, certificate de deces, certificate de c\u0103s\u0103torie, contracte de angajare p\u00e2n\u0103 la contracte de \u00eenchiriere reziden\u021biale \u0219i contracte de afaceri.<\/p><\/div><\/div>\t\t\t\t<\/div>\n\t\t\t\t<\/div>\n\t\t\t\t<div class=\"elementor-element elementor-element-56af1c9 elementor-widget__width-initial elementor-widget-tablet__width-initial elementor-widget-mobile__width-inherit elementor-position-top elementor-widget elementor-widget-image-box\" data-id=\"56af1c9\" data-element_type=\"widget\" data-widget_type=\"image-box.default\">\n\t\t\t\t<div class=\"elementor-widget-container\">\n\t\t\t\t\t<div class=\"elementor-image-box-wrapper\"><figure class=\"elementor-image-box-img\"><a href=\"https:\/\/veritasdocagency.com\/ro\/cumpara-calitate-real-fake-conducere-permis\/\" tabindex=\"-1\"><img loading=\"lazy\" decoding=\"async\" width=\"370\" height=\"270\" src=\"https:\/\/veritasdocagency.com\/wp-content\/uploads\/2022\/11\/buy-fake-driving-license-online.svg\" class=\"attachment-full size-full wp-image-2275\" alt=\"buy fake driving license online\" \/><\/a><\/figure><div class=\"elementor-image-box-content\"><h4 class=\"elementor-image-box-title\"><a href=\"https:\/\/veritasdocagency.com\/ro\/cumpara-calitate-real-fake-conducere-permis\/\">Produc\u0103tor de permise de conducere reale \u0219i false<\/a><\/h4><p class=\"elementor-image-box-description\">Cump\u0103ra\u021bi-v\u0103 permisul de conducere ast\u0103zi \u0219i conduce\u021bi oriunde \u00een lume cu drepturi depline. Ob\u021bine\u021bi licen\u021ba de la birourile noastre partenere din Europa, America \u0219i din \u00eentreaga lume.<\/p><\/div><\/div>\t\t\t\t<\/div>\n\t\t\t\t<\/div>\n\t\t\t\t<div class=\"elementor-element elementor-element-ff6dc9f elementor-widget__width-initial elementor-widget-tablet__width-initial elementor-widget-mobile__width-inherit elementor-position-top elementor-widget elementor-widget-image-box\" data-id=\"ff6dc9f\" data-element_type=\"widget\" data-widget_type=\"image-box.default\">\n\t\t\t\t<div class=\"elementor-widget-container\">\n\t\t\t\t\t<div class=\"elementor-image-box-wrapper\"><figure class=\"elementor-image-box-img\"><a href=\"https:\/\/veritasdocagency.com\/ro\/cumpara-original-fals-resedinta-permis-card\/\" tabindex=\"-1\"><img loading=\"lazy\" decoding=\"async\" width=\"370\" height=\"270\" src=\"https:\/\/veritasdocagency.com\/wp-content\/uploads\/2022\/11\/buy-fake-residence-permit-card-online.svg\" class=\"attachment-full size-full wp-image-2280\" alt=\"buy fake residence permit card online\" \/><\/a><\/figure><div class=\"elementor-image-box-content\"><h4 class=\"elementor-image-box-title\"><a href=\"https:\/\/veritasdocagency.com\/ro\/cumpara-original-fals-resedinta-permis-card\/\">Creator de permise de \u0219edere reale \u0219i false<\/a><\/h4><p class=\"elementor-image-box-description\">V\u0103 oferim posibilitatea de a de\u021bine un permis de \u0219edere, permis de munc\u0103 pentru orice \u021bar\u0103, \u00een special \u021b\u0103rile UE. Facem cartea verde a SUA \u0219i documentele de dubl\u0103 cet\u0103\u021benie.<\/p><\/div><\/div>\t\t\t\t<\/div>\n\t\t\t\t<\/div>\n\t\t\t\t<div class=\"elementor-element elementor-element-24b722c elementor-widget__width-initial elementor-widget-tablet__width-initial elementor-widget-mobile__width-inherit elementor-position-top elementor-widget elementor-widget-image-box\" data-id=\"24b722c\" data-element_type=\"widget\" data-widget_type=\"image-box.default\">\n\t\t\t\t<div class=\"elementor-widget-container\">\n\t\t\t\t\t<div class=\"elementor-image-box-wrapper\"><figure class=\"elementor-image-box-img\"><a href=\"https:\/\/veritasdocagency.com\/ro\/cumpara-best-quality-fake-card-card-maker\/\" tabindex=\"-1\"><img loading=\"lazy\" decoding=\"async\" width=\"370\" height=\"270\" src=\"https:\/\/veritasdocagency.com\/wp-content\/uploads\/2022\/11\/buy-fake-id-and-fake-identity-card.svg\" class=\"attachment-full size-full wp-image-2276\" alt=\"buy fake id and fake identity card\" \/><\/a><\/figure><div class=\"elementor-image-box-content\"><h4 class=\"elementor-image-box-title\"><a href=\"https:\/\/veritasdocagency.com\/ro\/cumpara-best-quality-fake-card-card-maker\/\">Creator de c\u0103r\u021bi de identitate reale \u0219i false<\/a><\/h4><p class=\"elementor-image-box-description\">Ia-\u021bi cartea de identitate expres cu noi. V\u0103 vom ajuta s\u0103 ob\u021bine\u021bi cartea de identitate de care ave\u021bi nevoie, rapid \u0219i la un pre\u021b accesibil. Ob\u021bine\u021bi o carte de identitate fals\u0103 sau real\u0103 cu ajutorul produc\u0103torului nostru de c\u0103r\u021bi de identitate.<\/p><\/div><\/div>\t\t\t\t<\/div>\n\t\t\t\t<\/div>\n\t\t\t\t<div class=\"elementor-element elementor-element-8d308d4 elementor-widget__width-initial elementor-widget-tablet__width-initial elementor-widget-mobile__width-inherit elementor-position-top elementor-widget elementor-widget-image-box\" data-id=\"8d308d4\" data-element_type=\"widget\" data-widget_type=\"image-box.default\">\n\t\t\t\t<div class=\"elementor-widget-container\">\n\t\t\t\t\t<div class=\"elementor-image-box-wrapper\"><figure class=\"elementor-image-box-img\"><a href=\"https:\/\/veritasdocagency.com\/ro\/cumpara-fake-pasaport-viza\/\" tabindex=\"-1\"><img loading=\"lazy\" decoding=\"async\" width=\"370\" height=\"270\" src=\"https:\/\/veritasdocagency.com\/wp-content\/uploads\/2022\/11\/buy-fake-passport-and-visa-online.svg\" class=\"attachment-full size-full wp-image-2279\" alt=\"buy fake passport and visa online\" \/><\/a><\/figure><div class=\"elementor-image-box-content\"><h4 class=\"elementor-image-box-title\"><a href=\"https:\/\/veritasdocagency.com\/ro\/cumpara-fake-pasaport-viza\/\">Pa\u0219aport real \u0219i fals \u0219i VISA Maker<\/a><\/h4><p class=\"elementor-image-box-description\">C\u0103uta\u021bi s\u0103 cump\u0103ra\u021bi pa\u0219apoarte reale sau false online? A\u021bi ajuns la locul potrivit. V\u0103 putem ajuta cu nevoile dvs. \u00een ceea ce prive\u0219te realizarea pa\u0219apoartelor.<\/p><\/div><\/div>\t\t\t\t<\/div>\n\t\t\t\t<\/div>\n\t\t\t\t<div class=\"elementor-element elementor-element-27948b5 elementor-widget__width-initial elementor-widget-tablet__width-initial elementor-widget-mobile__width-inherit elementor-position-top elementor-widget elementor-widget-image-box\" data-id=\"27948b5\" data-element_type=\"widget\" data-widget_type=\"image-box.default\">\n\t\t\t\t<div class=\"elementor-widget-container\">\n\t\t\t\t\t<div class=\"elementor-image-box-wrapper\"><figure class=\"elementor-image-box-img\"><a href=\"https:\/\/veritasdocagency.com\/buy-fake-social-security-number-ssn-card\/\" tabindex=\"-1\"><img loading=\"lazy\" decoding=\"async\" width=\"370\" height=\"270\" src=\"https:\/\/veritasdocagency.com\/wp-content\/uploads\/2022\/11\/buy-fake-ssn-card-and-ssn-number.svg\" class=\"attachment-full size-full wp-image-2281\" alt=\"buy fake ssn card and ssn number\" \/><\/a><\/figure><div class=\"elementor-image-box-content\"><h4 class=\"elementor-image-box-title\"><a href=\"https:\/\/veritasdocagency.com\/buy-fake-social-security-number-ssn-card\/\">Creator real \u0219i fals de carduri de securitate social\u0103<\/a><\/h4><p class=\"elementor-image-box-description\">Ob\u021bine\u021bi SSN-ul expres de la noi. Ob\u021bine\u021bi un SSN real sau fals cu ajutorul produc\u0103torului nostru SSN \u0219i a cardurilor de cea mai bun\u0103 calitate. Ob\u021bine\u021bi propriul num\u0103r unic \u0219i utiliza\u021bi-l \u00een mai multe scopuri.<\/p><\/div><\/div>\t\t\t\t<\/div>\n\t\t\t\t<\/div>\n\t\t\t\t<div class=\"elementor-element elementor-element-40d396d elementor-widget__width-initial elementor-widget-tablet__width-initial elementor-widget-mobile__width-inherit elementor-position-top elementor-widget elementor-widget-image-box\" data-id=\"40d396d\" data-element_type=\"widget\" data-widget_type=\"image-box.default\">\n\t\t\t\t<div class=\"elementor-widget-container\">\n\t\t\t\t\t<div class=\"elementor-image-box-wrapper\"><figure class=\"elementor-image-box-img\"><img loading=\"lazy\" decoding=\"async\" width=\"370\" height=\"270\" src=\"https:\/\/veritasdocagency.com\/wp-content\/uploads\/2022\/11\/buy-counterfeit-bank-notes.svg\" class=\"attachment-full size-full wp-image-2273\" alt=\"buy counterfeit bank notes\" \/><\/figure><div class=\"elementor-image-box-content\"><h4 class=\"elementor-image-box-title\">Cump\u0103ra\u021bi bancnote contraf\u0103cute \u00een dolari \u0219i bancnote euro<\/h4><p class=\"elementor-image-box-description\">Producem bancnote nedetectabile de calitate AA+ contraf\u0103cute: USD, GBP, EU. Banii no\u0219tri sunt perfect reprodu\u0219i, imposibil de distins pentru ochi \u0219i atingere.<\/p><\/div><\/div>\t\t\t\t<\/div>\n\t\t\t\t<\/div>\n\t\t\t\t\t<\/div>\n\t\t<\/div>\n\t\t\t\t\t<\/div>\n\t\t<\/section>\n\t\t\t\t<section class=\"elementor-section elementor-top-section elementor-element elementor-element-fdb1e5e elementor-section-boxed elementor-section-height-default elementor-section-height-default\" data-id=\"fdb1e5e\" data-element_type=\"section\" data-settings=\"{&quot;shape_divider_top&quot;:&quot;opacity-tilt&quot;,&quot;background_background&quot;:&quot;classic&quot;}\">\n\t\t\t\t\t\t\t<div class=\"elementor-background-overlay\"><\/div>\n\t\t\t\t\t\t<div class=\"elementor-shape elementor-shape-top\" aria-hidden=\"true\" data-negative=\"false\">\n\t\t\t<svg xmlns=\"http:\/\/www.w3.org\/2000\/svg\" viewBox=\"0 0 2600 131.1\" preserveAspectRatio=\"none\">\n\t<path class=\"elementor-shape-fill\" d=\"M0 0L2600 0 2600 69.1 0 0z\"\/>\n\t<path class=\"elementor-shape-fill\" style=\"opacity:0.5\" d=\"M0 0L2600 0 2600 69.1 0 69.1z\"\/>\n\t<path class=\"elementor-shape-fill\" style=\"opacity:0.25\" d=\"M2600 0L0 0 0 130.1 2600 69.1z\"\/>\n<\/svg>\t\t<\/div>\n\t\t\t\t\t<div class=\"elementor-container elementor-column-gap-no\">\n\t\t\t\t\t<div class=\"elementor-column elementor-col-100 elementor-top-column elementor-element elementor-element-ad7e385\" data-id=\"ad7e385\" data-element_type=\"column\" data-settings=\"{&quot;background_background&quot;:&quot;gradient&quot;}\">\n\t\t\t<div class=\"elementor-widget-wrap elementor-element-populated\">\n\t\t\t\t\t\t<div class=\"elementor-element elementor-element-4166dbb elementor-widget elementor-widget-heading\" data-id=\"4166dbb\" data-element_type=\"widget\" data-widget_type=\"heading.default\">\n\t\t\t\t<div class=\"elementor-widget-container\">\n\t\t\t\t\t<h6 class=\"elementor-heading-title elementor-size-default\">Solicitare rapid\u0103 de service<\/h6>\t\t\t\t<\/div>\n\t\t\t\t<\/div>\n\t\t\t\t<div class=\"elementor-element elementor-element-9924f6e elementor-widget elementor-widget-icon-box\" data-id=\"9924f6e\" data-element_type=\"widget\" data-widget_type=\"icon-box.default\">\n\t\t\t\t<div class=\"elementor-widget-container\">\n\t\t\t\t\t\t\t<div class=\"elementor-icon-box-wrapper\">\n\n\t\t\t\n\t\t\t\t\t\t<div class=\"elementor-icon-box-content\">\n\n\t\t\t\t\t\t\t\t\t<h2 class=\"elementor-icon-box-title\">\n\t\t\t\t\t\t<span  >\n\t\t\t\t\t\t\tPrograma\u021bi o solicitare de apelare invers\u0103\t\t\t\t\t\t<\/span>\n\t\t\t\t\t<\/h2>\n\t\t\t\t\n\t\t\t\t\t\t\t\t\t<p class=\"elementor-icon-box-description\">\n\t\t\t\t\t\tAgentul nostru v\u0103 va contacta \u0219i v\u0103 va explica cum func\u021bioneaz\u0103 serviciile noastre de documente \u0219i v\u0103 va r\u0103spunde la orice alte griji pe care le ave\u021bi.\t\t\t\t\t<\/p>\n\t\t\t\t\n\t\t\t<\/div>\n\t\t\t\n\t\t<\/div>\n\t\t\t\t\t\t<\/div>\n\t\t\t\t<\/div>\n\t\t\t\t<div class=\"elementor-element elementor-element-8098feb elementor-widget elementor-widget-wpforms\" data-id=\"8098feb\" data-element_type=\"widget\" data-widget_type=\"wpforms.default\">\n\t\t\t\t<div class=\"elementor-widget-container\">\n\t\t\t\t\t<div class=\"wpforms-container inline-fields\" id=\"wpforms-4768\"><form id=\"wpforms-form-4768\" class=\"wpforms-validate wpforms-form\" data-formid=\"4768\" method=\"post\" enctype=\"multipart\/form-data\" action=\"\/ro\/wp-json\/wp\/v2\/pages\/6786\" data-token=\"a1972736b684a603f9644db02058e506\"><noscript class=\"wpforms-error-noscript\">Please enable JavaScript in your browser to complete this form.<\/noscript><div class=\"wpforms-field-container\"><div id=\"wpforms-4768-field_0-container\" class=\"wpforms-field wpforms-field-name\" data-field-id=\"0\"><label class=\"wpforms-field-label wpforms-label-hide\" for=\"wpforms-4768-field_0\">Nume <span class=\"wpforms-required-label\">*<\/span><\/label><input type=\"text\" id=\"wpforms-4768-field_0\" class=\"wpforms-field-medium wpforms-field-required\" name=\"wpforms[fields][0]\" placeholder=\"Introdu numele t\u0103u\" required><\/div><div id=\"wpforms-4768-field_4-container\" class=\"wpforms-field wpforms-field-text\" data-field-id=\"4\"><label class=\"wpforms-field-label wpforms-label-hide\" for=\"wpforms-4768-field_4\">Num\u0103rul WhatsApp<\/label><input type=\"text\" id=\"wpforms-4768-field_4\" class=\"wpforms-field-medium\" name=\"wpforms[fields][4]\" placeholder=\"Num\u0103rul WhatsApp\" ><\/div><\/div><!-- .wpforms-field-container --><div class=\"wpforms-submit-container\" ><input type=\"hidden\" name=\"wpforms[id]\" value=\"4768\"><input type=\"hidden\" name=\"wpforms[author]\" value=\"1\"><button type=\"submit\" name=\"wpforms[submit]\" id=\"wpforms-submit-4768\" class=\"wpforms-submit\" data-alt-text=\"Trimiterea...\" data-submit-text=\"Expedia\" aria-live=\"assertive\" value=\"wpforms-submit\">Expedia<\/button><\/div><\/form><\/div>  <!-- .wpforms-container -->\t\t\t\t<\/div>\n\t\t\t\t<\/div>\n\t\t\t\t\t<\/div>\n\t\t<\/div>\n\t\t\t\t\t<\/div>\n\t\t<\/section>\n\t\t\t\t<\/div>\n\t\t","protected":false},"excerpt":{"rendered":"<p>Servicii Ce facem Cele mai bune servicii de documente reale \u0219i false Cump\u0103r\u0103 IELTS, certificat NCLEX Nu este nevoie de examen. Ob\u021binem licen\u021be de certificat NCLEX-RN \u0219i NCLEX-PN valabile \u0219i autentice de la furnizorii certifica\u021bi. \u00cenregistra\u021bi-v\u0103 \u0219i verifica\u021bi-v\u0103 USMLE, IELTS, TOEFL, GED Fals Diploma &amp; Degree Maker Pute\u021bi ob\u021bine diplome, grade, transcrieri \u0219i seturi de [&hellip;]<\/p>\n","protected":false},"author":1,"featured_media":0,"parent":0,"menu_order":0,"comment_status":"closed","ping_status":"closed","template":"","meta":{"site-sidebar-layout":"no-sidebar","site-content-layout":"page-builder","ast-site-content-layout":"full-width-container","site-content-style":"unboxed","site-sidebar-style":"unboxed","ast-global-header-display":"","ast-banner-title-visibility":"","ast-main-header-display":"","ast-hfb-above-header-display":"","ast-hfb-below-header-display":"","ast-hfb-mobile-header-display":"","site-post-title":"disabled","ast-breadcrumbs-content":"disabled","ast-featured-img":"disabled","footer-sml-layout":"","ast-disable-related-posts":"","theme-transparent-header-meta":"enabled","adv-header-id-meta":"","stick-header-meta":"","header-above-stick-meta":"","header-main-stick-meta":"","header-below-stick-meta":"","astra-migrate-meta-layouts":"default","ast-page-background-enabled":"default","ast-page-background-meta":{"desktop":{"background-color":"","background-image":"","background-repeat":"repeat","background-position":"center center","background-size":"auto","background-attachment":"scroll","background-type":"","background-media":"","overlay-type":"","overlay-color":"","overlay-opacity":"","overlay-gradient":""},"tablet":{"background-color":"","background-image":"","background-repeat":"repeat","background-position":"center center","background-size":"auto","background-attachment":"scroll","background-type":"","background-media":"","overlay-type":"","overlay-color":"","overlay-opacity":"","overlay-gradient":""},"mobile":{"background-color":"","background-image":"","background-repeat":"repeat","background-position":"center center","background-size":"auto","background-attachment":"scroll","background-type":"","background-media":"","overlay-type":"","overlay-color":"","overlay-opacity":"","overlay-gradient":""}},"ast-content-background-meta":{"desktop":{"background-color":"var(--ast-global-color-5)","background-image":"","background-repeat":"repeat","background-position":"center center","background-size":"auto","background-attachment":"scroll","background-type":"","background-media":"","overlay-type":"","overlay-color":"","overlay-opacity":"","overlay-gradient":""},"tablet":{"background-color":"var(--ast-global-color-5)","background-image":"","background-repeat":"repeat","background-position":"center center","background-size":"auto","background-attachment":"scroll","background-type":"","background-media":"","overlay-type":"","overlay-color":"","overlay-opacity":"","overlay-gradient":""},"mobile":{"background-color":"var(--ast-global-color-5)","background-image":"","background-repeat":"repeat","background-position":"center center","background-size":"auto","background-attachment":"scroll","background-type":"","background-media":"","overlay-type":"","overlay-color":"","overlay-opacity":"","overlay-gradient":""}},"footnotes":""},"class_list":["post-6786","page","type-page","status-publish","hentry"],"_links":{"self":[{"href":"https:\/\/veritasdocagency.com\/ro\/wp-json\/wp\/v2\/pages\/6786","targetHints":{"allow":["GET"]}}],"collection":[{"href":"https:\/\/veritasdocagency.com\/ro\/wp-json\/wp\/v2\/pages"}],"about":[{"href":"https:\/\/veritasdocagency.com\/ro\/wp-json\/wp\/v2\/types\/page"}],"author":[{"embeddable":true,"href":"https:\/\/veritasdocagency.com\/ro\/wp-json\/wp\/v2\/users\/1"}],"replies":[{"embeddable":true,"href":"https:\/\/veritasdocagency.com\/ro\/wp-json\/wp\/v2\/comments?post=6786"}],"version-history":[{"count":0,"href":"https:\/\/veritasdocagency.com\/ro\/wp-json\/wp\/v2\/pages\/6786\/revisions"}],"wp:attachment":[{"href":"https:\/\/veritasdocagency.com\/ro\/wp-json\/wp\/v2\/media?parent=6786"}],"curies":[{"name":"wp","href":"https:\/\/api.w.org\/{rel}","templated":true}]}}