{"id":6789,"date":"2021-06-12T06:25:44","date_gmt":"2021-06-12T05:25:44","guid":{"rendered":"https:\/\/veritasdocagency.com\/uslugi\/"},"modified":"2024-07-04T09:42:21","modified_gmt":"2024-07-04T08:42:21","slug":"uslugi","status":"publish","type":"page","link":"https:\/\/veritasdocagency.com\/pl\/uslugi\/","title":{"rendered":"Us\u0142ugi"},"content":{"rendered":"\t\t<div data-elementor-type=\"wp-page\" data-elementor-id=\"6789\" class=\"elementor elementor-6789 elementor-4780\">\n\t\t\t\t\t\t<section class=\"elementor-section elementor-top-section elementor-element elementor-element-623ea53 elementor-section-boxed elementor-section-height-default elementor-section-height-default\" data-id=\"623ea53\" data-element_type=\"section\" data-settings=\"{&quot;background_background&quot;:&quot;classic&quot;}\">\n\t\t\t\t\t\t\t<div class=\"elementor-background-overlay\"><\/div>\n\t\t\t\t\t\t\t<div class=\"elementor-container elementor-column-gap-no\">\n\t\t\t\t\t<div class=\"elementor-column elementor-col-100 elementor-top-column elementor-element elementor-element-21ddeff\" data-id=\"21ddeff\" data-element_type=\"column\">\n\t\t\t<div class=\"elementor-widget-wrap elementor-element-populated\">\n\t\t\t\t\t\t<div class=\"elementor-element elementor-element-a09d3bc elementor-widget elementor-widget-heading\" data-id=\"a09d3bc\" data-element_type=\"widget\" data-widget_type=\"heading.default\">\n\t\t\t\t<div class=\"elementor-widget-container\">\n\t\t\t\t\t<h1 class=\"elementor-heading-title elementor-size-default\">Us\u0142ugi<\/h1>\t\t\t\t<\/div>\n\t\t\t\t<\/div>\n\t\t\t\t\t<\/div>\n\t\t<\/div>\n\t\t\t\t\t<\/div>\n\t\t<\/section>\n\t\t\t\t<section class=\"elementor-section elementor-top-section elementor-element elementor-element-e6eecd6 elementor-section-boxed elementor-section-height-default elementor-section-height-default\" data-id=\"e6eecd6\" data-element_type=\"section\" data-settings=\"{&quot;background_background&quot;:&quot;classic&quot;}\">\n\t\t\t\t\t\t\t<div class=\"elementor-background-overlay\"><\/div>\n\t\t\t\t\t\t\t<div class=\"elementor-container elementor-column-gap-no\">\n\t\t\t\t\t<div class=\"elementor-column elementor-col-100 elementor-top-column elementor-element elementor-element-75764c5\" data-id=\"75764c5\" data-element_type=\"column\">\n\t\t\t<div class=\"elementor-widget-wrap elementor-element-populated\">\n\t\t\t\t\t\t<div class=\"elementor-element elementor-element-a3030da elementor-widget elementor-widget-heading\" data-id=\"a3030da\" data-element_type=\"widget\" data-widget_type=\"heading.default\">\n\t\t\t\t<div class=\"elementor-widget-container\">\n\t\t\t\t\t<h6 class=\"elementor-heading-title elementor-size-default\">Czym si\u0119 zajmujemy?<\/h6>\t\t\t\t<\/div>\n\t\t\t\t<\/div>\n\t\t\t\t<div class=\"elementor-element elementor-element-1dbc89b elementor-widget elementor-widget-heading\" data-id=\"1dbc89b\" data-element_type=\"widget\" data-widget_type=\"heading.default\">\n\t\t\t\t<div class=\"elementor-widget-container\">\n\t\t\t\t\t<h2 class=\"elementor-heading-title elementor-size-default\">Nasze najlepsze us\u0142ugi w zakresie prawdziwych i fa\u0142szywych dokument\u00f3w<\/h2>\t\t\t\t<\/div>\n\t\t\t\t<\/div>\n\t\t\t\t<div class=\"elementor-element elementor-element-b9529bc elementor-widget__width-initial elementor-widget-tablet__width-initial elementor-widget-mobile__width-inherit elementor-position-top elementor-widget elementor-widget-image-box\" data-id=\"b9529bc\" data-element_type=\"widget\" data-widget_type=\"image-box.default\">\n\t\t\t\t<div class=\"elementor-widget-container\">\n\t\t\t\t\t<div class=\"elementor-image-box-wrapper\"><figure class=\"elementor-image-box-img\"><a href=\"https:\/\/veritasdocagency.com\/buy-nclex-certificate-2\/\" tabindex=\"-1\"><img fetchpriority=\"high\" decoding=\"async\" width=\"370\" height=\"270\" src=\"https:\/\/veritasdocagency.com\/wp-content\/uploads\/2022\/11\/buy-fake-nclex-certificate-online.svg\" class=\"attachment-full size-full wp-image-2278\" alt=\"buy fake nclex certificate online\" \/><\/a><\/figure><div class=\"elementor-image-box-content\"><h4 class=\"elementor-image-box-title\"><a href=\"https:\/\/veritasdocagency.com\/buy-nclex-certificate-2\/\">Kup certyfikat IELTS, NCLEX<\/a><\/h4><p class=\"elementor-image-box-description\">Nie ma potrzeby zdawania egzaminu. Posiadamy wa\u017cne i oryginalne licencje na certyfikaty NCLEX-RN i NCLEX-PN od certyfikowanych dostawc\u00f3w. Zarejestruj si\u0119 i zweryfikuj USMLE, IELTS, TOEFL, GED<\/p><\/div><\/div>\t\t\t\t<\/div>\n\t\t\t\t<\/div>\n\t\t\t\t<div class=\"elementor-element elementor-element-1ee8e7c elementor-widget__width-initial elementor-widget-tablet__width-initial elementor-widget-mobile__width-inherit elementor-position-top elementor-widget elementor-widget-image-box\" data-id=\"1ee8e7c\" data-element_type=\"widget\" data-widget_type=\"image-box.default\">\n\t\t\t\t<div class=\"elementor-widget-container\">\n\t\t\t\t\t<div class=\"elementor-image-box-wrapper\"><figure class=\"elementor-image-box-img\"><a href=\"https:\/\/veritasdocagency.com\/pl\/kup-weryfikowalny-falszywy-dyplom-i-stopien\/\" tabindex=\"-1\"><img decoding=\"async\" width=\"370\" height=\"270\" src=\"https:\/\/veritasdocagency.com\/wp-content\/uploads\/2022\/11\/buy-fake-diploma-online.svg\" class=\"attachment-full size-full wp-image-2274\" alt=\"buy fake diploma online\" \/><\/a><\/figure><div class=\"elementor-image-box-content\"><h4 class=\"elementor-image-box-title\"><a href=\"https:\/\/veritasdocagency.com\/pl\/kup-weryfikowalny-falszywy-dyplom-i-stopien\/\">Fa\u0142szywy dyplom i tw\u00f3rca stopni<\/a><\/h4><p class=\"elementor-image-box-description\">Mo\u017cesz zdoby\u0107 dyplomy, stopnie, transkrypcje i zestawy pakiet\u00f3w, wszystkie realistyczne i autentyczne! Bez wzgl\u0119du na to, w kt\u00f3rym miejscu na \u015bwiecie si\u0119 znajdujesz, mo\u017cemy co\u015b dla Ciebie zrobi\u0107.<\/p><\/div><\/div>\t\t\t\t<\/div>\n\t\t\t\t<\/div>\n\t\t\t\t<div class=\"elementor-element elementor-element-cd7a0c6 elementor-widget__width-initial elementor-widget-tablet__width-initial elementor-widget-mobile__width-inherit elementor-position-top elementor-widget elementor-widget-image-box\" data-id=\"cd7a0c6\" data-element_type=\"widget\" data-widget_type=\"image-box.default\">\n\t\t\t\t<div class=\"elementor-widget-container\">\n\t\t\t\t\t<div class=\"elementor-image-box-wrapper\"><figure class=\"elementor-image-box-img\"><img decoding=\"async\" width=\"370\" height=\"270\" src=\"https:\/\/veritasdocagency.com\/wp-content\/uploads\/2022\/11\/buy-fake-legal-documents-online.svg\" class=\"attachment-full size-full wp-image-2277\" alt=\"buy fake authentic documents online: fake birth certificate, fake marriage certificate\" \/><\/figure><div class=\"elementor-image-box-content\"><h4 class=\"elementor-image-box-title\">Fa\u0142szywy tw\u00f3rca dokument\u00f3w prawnych<\/h4><p class=\"elementor-image-box-description\">Sporz\u0105dzamy dokumenty prawne, takie jak akty urodzenia, akty zgonu, akty ma\u0142\u017ce\u0144stwa, umowy pracownicze dotycz\u0105ce najmu lokali mieszkalnych oraz umowy biznesowe.<\/p><\/div><\/div>\t\t\t\t<\/div>\n\t\t\t\t<\/div>\n\t\t\t\t<div class=\"elementor-element elementor-element-56af1c9 elementor-widget__width-initial elementor-widget-tablet__width-initial elementor-widget-mobile__width-inherit elementor-position-top elementor-widget elementor-widget-image-box\" data-id=\"56af1c9\" data-element_type=\"widget\" data-widget_type=\"image-box.default\">\n\t\t\t\t<div class=\"elementor-widget-container\">\n\t\t\t\t\t<div class=\"elementor-image-box-wrapper\"><figure class=\"elementor-image-box-img\"><a href=\"https:\/\/veritasdocagency.com\/pl\/kup-jakosc-prawdziwe-falszywe-prawo-jazdy\/\" tabindex=\"-1\"><img loading=\"lazy\" decoding=\"async\" width=\"370\" height=\"270\" src=\"https:\/\/veritasdocagency.com\/wp-content\/uploads\/2022\/11\/buy-fake-driving-license-online.svg\" class=\"attachment-full size-full wp-image-2275\" alt=\"buy fake driving license online\" \/><\/a><\/figure><div class=\"elementor-image-box-content\"><h4 class=\"elementor-image-box-title\"><a href=\"https:\/\/veritasdocagency.com\/pl\/kup-jakosc-prawdziwe-falszywe-prawo-jazdy\/\">Prawdziwy i fa\u0142szywy tw\u00f3rca prawa jazdy<\/a><\/h4><p class=\"elementor-image-box-description\">Kup prawo jazdy ju\u017c dzi\u015b i jed\u017a w dowolne miejsce na \u015bwiecie z pe\u0142nymi uprawnieniami. Uzyskaj licencj\u0119 w naszych biurach partnerskich w Europie, Ameryce i na ca\u0142ym \u015bwiecie.<\/p><\/div><\/div>\t\t\t\t<\/div>\n\t\t\t\t<\/div>\n\t\t\t\t<div class=\"elementor-element elementor-element-ff6dc9f elementor-widget__width-initial elementor-widget-tablet__width-initial elementor-widget-mobile__width-inherit elementor-position-top elementor-widget elementor-widget-image-box\" data-id=\"ff6dc9f\" data-element_type=\"widget\" data-widget_type=\"image-box.default\">\n\t\t\t\t<div class=\"elementor-widget-container\">\n\t\t\t\t\t<div class=\"elementor-image-box-wrapper\"><figure class=\"elementor-image-box-img\"><a href=\"https:\/\/veritasdocagency.com\/pl\/kup-oryginalna-falszywa-karte-pozwolenia-na-pobyt\/\" tabindex=\"-1\"><img loading=\"lazy\" decoding=\"async\" width=\"370\" height=\"270\" src=\"https:\/\/veritasdocagency.com\/wp-content\/uploads\/2022\/11\/buy-fake-residence-permit-card-online.svg\" class=\"attachment-full size-full wp-image-2280\" alt=\"buy fake residence permit card online\" \/><\/a><\/figure><div class=\"elementor-image-box-content\"><h4 class=\"elementor-image-box-title\"><a href=\"https:\/\/veritasdocagency.com\/pl\/kup-oryginalna-falszywa-karte-pozwolenia-na-pobyt\/\">Prawdziwy i fa\u0142szywy tw\u00f3rca pozwolenia na pobyt<\/a><\/h4><p class=\"elementor-image-box-description\">Oferujemy mo\u017cliwo\u015b\u0107 posiadania Pozwolenia na Pobyt, Pozwolenia na Prac\u0119 dla dowolnego kraju, w szczeg\u00f3lno\u015bci dla kraj\u00f3w UE. Wykonujemy ameryka\u0144sk\u0105 Zielon\u0105 Kart\u0119 i dokumenty o podw\u00f3jnym obywatelstwie.<\/p><\/div><\/div>\t\t\t\t<\/div>\n\t\t\t\t<\/div>\n\t\t\t\t<div class=\"elementor-element elementor-element-24b722c elementor-widget__width-initial elementor-widget-tablet__width-initial elementor-widget-mobile__width-inherit elementor-position-top elementor-widget elementor-widget-image-box\" data-id=\"24b722c\" data-element_type=\"widget\" data-widget_type=\"image-box.default\">\n\t\t\t\t<div class=\"elementor-widget-container\">\n\t\t\t\t\t<div class=\"elementor-image-box-wrapper\"><figure class=\"elementor-image-box-img\"><a href=\"https:\/\/veritasdocagency.com\/pl\/kup-najlepsza-jakosc-falszywego-dowodu-tozsamosci\/\" tabindex=\"-1\"><img loading=\"lazy\" decoding=\"async\" width=\"370\" height=\"270\" src=\"https:\/\/veritasdocagency.com\/wp-content\/uploads\/2022\/11\/buy-fake-id-and-fake-identity-card.svg\" class=\"attachment-full size-full wp-image-2276\" alt=\"buy fake id and fake identity card\" \/><\/a><\/figure><div class=\"elementor-image-box-content\"><h4 class=\"elementor-image-box-title\"><a href=\"https:\/\/veritasdocagency.com\/pl\/kup-najlepsza-jakosc-falszywego-dowodu-tozsamosci\/\">Prawdziwy i fa\u0142szywy producent dowod\u00f3w to\u017csamo\u015bci<\/a><\/h4><p class=\"elementor-image-box-description\">Otrzymaj u nas sw\u00f3j ekspresowy dow\u00f3d osobisty. Pomo\u017cemy Ci uzyska\u0107 potrzebny dow\u00f3d osobisty, szybko i w przyst\u0119pnej cenie. Zdob\u0105d\u017a fa\u0142szywy lub prawdziwy dow\u00f3d osobisty z pomoc\u0105 naszego producenta dowod\u00f3w osobistych.<\/p><\/div><\/div>\t\t\t\t<\/div>\n\t\t\t\t<\/div>\n\t\t\t\t<div class=\"elementor-element elementor-element-8d308d4 elementor-widget__width-initial elementor-widget-tablet__width-initial elementor-widget-mobile__width-inherit elementor-position-top elementor-widget elementor-widget-image-box\" data-id=\"8d308d4\" data-element_type=\"widget\" data-widget_type=\"image-box.default\">\n\t\t\t\t<div class=\"elementor-widget-container\">\n\t\t\t\t\t<div class=\"elementor-image-box-wrapper\"><figure class=\"elementor-image-box-img\"><a href=\"https:\/\/veritasdocagency.com\/pl\/kup-falszywy-paszport-wiza\/\" tabindex=\"-1\"><img loading=\"lazy\" decoding=\"async\" width=\"370\" height=\"270\" src=\"https:\/\/veritasdocagency.com\/wp-content\/uploads\/2022\/11\/buy-fake-passport-and-visa-online.svg\" class=\"attachment-full size-full wp-image-2279\" alt=\"buy fake passport and visa online\" \/><\/a><\/figure><div class=\"elementor-image-box-content\"><h4 class=\"elementor-image-box-title\"><a href=\"https:\/\/veritasdocagency.com\/pl\/kup-falszywy-paszport-wiza\/\">Prawdziwy i fa\u0142szywy paszport i kreator wiz<\/a><\/h4><p class=\"elementor-image-box-description\">Chcesz kupi\u0107 prawdziwe lub fa\u0142szywe paszporty online? Trafi\u0142e\u015b we w\u0142a\u015bciwe miejsce. Pomo\u017cemy Ci w zaspokojeniu Twoich potrzeb zwi\u0105zanych z wyrobieniem paszportu.<\/p><\/div><\/div>\t\t\t\t<\/div>\n\t\t\t\t<\/div>\n\t\t\t\t<div class=\"elementor-element elementor-element-27948b5 elementor-widget__width-initial elementor-widget-tablet__width-initial elementor-widget-mobile__width-inherit elementor-position-top elementor-widget elementor-widget-image-box\" data-id=\"27948b5\" data-element_type=\"widget\" data-widget_type=\"image-box.default\">\n\t\t\t\t<div class=\"elementor-widget-container\">\n\t\t\t\t\t<div class=\"elementor-image-box-wrapper\"><figure class=\"elementor-image-box-img\"><a href=\"https:\/\/veritasdocagency.com\/buy-fake-social-security-number-ssn-card\/\" tabindex=\"-1\"><img loading=\"lazy\" decoding=\"async\" width=\"370\" height=\"270\" src=\"https:\/\/veritasdocagency.com\/wp-content\/uploads\/2022\/11\/buy-fake-ssn-card-and-ssn-number.svg\" class=\"attachment-full size-full wp-image-2281\" alt=\"buy fake ssn card and ssn number\" \/><\/a><\/figure><div class=\"elementor-image-box-content\"><h4 class=\"elementor-image-box-title\"><a href=\"https:\/\/veritasdocagency.com\/buy-fake-social-security-number-ssn-card\/\">Prawdziwy i fa\u0142szywy producent kart ubezpieczenia spo\u0142ecznego<\/a><\/h4><p class=\"elementor-image-box-description\">Uzyskaj od nas sw\u00f3j ekspresowy numer SSN. Zdob\u0105d\u017a prawdziwy lub fa\u0142szywy numer SSN z pomoc\u0105 naszego producenta SSN i najlepszej jako\u015bci kart. Zdob\u0105d\u017a sw\u00f3j w\u0142asny unikalny numer i u\u017cywaj go do wielu cel\u00f3w.<\/p><\/div><\/div>\t\t\t\t<\/div>\n\t\t\t\t<\/div>\n\t\t\t\t<div class=\"elementor-element elementor-element-40d396d elementor-widget__width-initial elementor-widget-tablet__width-initial elementor-widget-mobile__width-inherit elementor-position-top elementor-widget elementor-widget-image-box\" data-id=\"40d396d\" data-element_type=\"widget\" data-widget_type=\"image-box.default\">\n\t\t\t\t<div class=\"elementor-widget-container\">\n\t\t\t\t\t<div class=\"elementor-image-box-wrapper\"><figure class=\"elementor-image-box-img\"><img loading=\"lazy\" decoding=\"async\" width=\"370\" height=\"270\" src=\"https:\/\/veritasdocagency.com\/wp-content\/uploads\/2022\/11\/buy-counterfeit-bank-notes.svg\" class=\"attachment-full size-full wp-image-2273\" alt=\"buy counterfeit bank notes\" \/><\/figure><div class=\"elementor-image-box-content\"><h4 class=\"elementor-image-box-title\">Kupuj fa\u0142szywe banknoty dolary i euro<\/h4><p class=\"elementor-image-box-description\">Produkujemy wysokiej jako\u015bci niewykrywalne falsyfikaty klasy AA+: USD, GBP, EU. Nasze pieni\u0105dze s\u0105 doskonale odwzorowane, nie do odr\u00f3\u017cnienia dla oka i dotyku.<\/p><\/div><\/div>\t\t\t\t<\/div>\n\t\t\t\t<\/div>\n\t\t\t\t\t<\/div>\n\t\t<\/div>\n\t\t\t\t\t<\/div>\n\t\t<\/section>\n\t\t\t\t<section class=\"elementor-section elementor-top-section elementor-element elementor-element-fdb1e5e elementor-section-boxed elementor-section-height-default elementor-section-height-default\" data-id=\"fdb1e5e\" data-element_type=\"section\" data-settings=\"{&quot;shape_divider_top&quot;:&quot;opacity-tilt&quot;,&quot;background_background&quot;:&quot;classic&quot;}\">\n\t\t\t\t\t\t\t<div class=\"elementor-background-overlay\"><\/div>\n\t\t\t\t\t\t<div class=\"elementor-shape elementor-shape-top\" aria-hidden=\"true\" data-negative=\"false\">\n\t\t\t<svg xmlns=\"http:\/\/www.w3.org\/2000\/svg\" viewBox=\"0 0 2600 131.1\" preserveAspectRatio=\"none\">\n\t<path class=\"elementor-shape-fill\" d=\"M0 0L2600 0 2600 69.1 0 0z\"\/>\n\t<path class=\"elementor-shape-fill\" style=\"opacity:0.5\" d=\"M0 0L2600 0 2600 69.1 0 69.1z\"\/>\n\t<path class=\"elementor-shape-fill\" style=\"opacity:0.25\" d=\"M2600 0L0 0 0 130.1 2600 69.1z\"\/>\n<\/svg>\t\t<\/div>\n\t\t\t\t\t<div class=\"elementor-container elementor-column-gap-no\">\n\t\t\t\t\t<div class=\"elementor-column elementor-col-100 elementor-top-column elementor-element elementor-element-ad7e385\" data-id=\"ad7e385\" data-element_type=\"column\" data-settings=\"{&quot;background_background&quot;:&quot;gradient&quot;}\">\n\t\t\t<div class=\"elementor-widget-wrap elementor-element-populated\">\n\t\t\t\t\t\t<div class=\"elementor-element elementor-element-4166dbb elementor-widget elementor-widget-heading\" data-id=\"4166dbb\" data-element_type=\"widget\" data-widget_type=\"heading.default\">\n\t\t\t\t<div class=\"elementor-widget-container\">\n\t\t\t\t\t<h6 class=\"elementor-heading-title elementor-size-default\">Szybkie zg\u0142oszenie serwisowe<\/h6>\t\t\t\t<\/div>\n\t\t\t\t<\/div>\n\t\t\t\t<div class=\"elementor-element elementor-element-9924f6e elementor-widget elementor-widget-icon-box\" data-id=\"9924f6e\" data-element_type=\"widget\" data-widget_type=\"icon-box.default\">\n\t\t\t\t<div class=\"elementor-widget-container\">\n\t\t\t\t\t\t\t<div class=\"elementor-icon-box-wrapper\">\n\n\t\t\t\n\t\t\t\t\t\t<div class=\"elementor-icon-box-content\">\n\n\t\t\t\t\t\t\t\t\t<h2 class=\"elementor-icon-box-title\">\n\t\t\t\t\t\t<span  >\n\t\t\t\t\t\t\tZaplanuj pro\u015bb\u0119 o oddzwonienie\t\t\t\t\t\t<\/span>\n\t\t\t\t\t<\/h2>\n\t\t\t\t\n\t\t\t\t\t\t\t\t\t<p class=\"elementor-icon-box-description\">\n\t\t\t\t\t\tNasz agent skontaktuje si\u0119 z Tob\u0105 i wyja\u015bni, jak dzia\u0142aj\u0105 nasze us\u0142ugi zwi\u0105zane z dokumentami, a tak\u017ce odpowie na wszelkie inne w\u0105tpliwo\u015bci, kt\u00f3re mo\u017cesz mie\u0107.\t\t\t\t\t<\/p>\n\t\t\t\t\n\t\t\t<\/div>\n\t\t\t\n\t\t<\/div>\n\t\t\t\t\t\t<\/div>\n\t\t\t\t<\/div>\n\t\t\t\t<div class=\"elementor-element elementor-element-8098feb elementor-widget elementor-widget-wpforms\" data-id=\"8098feb\" data-element_type=\"widget\" data-widget_type=\"wpforms.default\">\n\t\t\t\t<div class=\"elementor-widget-container\">\n\t\t\t\t\t<div class=\"wpforms-container inline-fields\" id=\"wpforms-4768\"><form id=\"wpforms-form-4768\" class=\"wpforms-validate wpforms-form\" data-formid=\"4768\" method=\"post\" enctype=\"multipart\/form-data\" action=\"\/pl\/wp-json\/wp\/v2\/pages\/6789\" data-token=\"a1972736b684a603f9644db02058e506\"><noscript class=\"wpforms-error-noscript\">Aby wype\u0142ni\u0107 ten formularz, w\u0142\u0105cz obs\u0142ug\u0119 JavaScript w przegl\u0105darce.<\/noscript><div class=\"wpforms-field-container\"><div id=\"wpforms-4768-field_0-container\" class=\"wpforms-field wpforms-field-name\" data-field-id=\"0\"><label class=\"wpforms-field-label wpforms-label-hide\" for=\"wpforms-4768-field_0\">Nazwa <span class=\"wpforms-required-label\">*<\/span><\/label><input type=\"text\" id=\"wpforms-4768-field_0\" class=\"wpforms-field-medium wpforms-field-required\" name=\"wpforms[fields][0]\" placeholder=\"Wpisz swoje imi\u0119 i nazwisko\" required><\/div><div id=\"wpforms-4768-field_4-container\" class=\"wpforms-field wpforms-field-text\" data-field-id=\"4\"><label class=\"wpforms-field-label wpforms-label-hide\" for=\"wpforms-4768-field_4\">Numer WhatsApp<\/label><input type=\"text\" id=\"wpforms-4768-field_4\" class=\"wpforms-field-medium\" name=\"wpforms[fields][4]\" placeholder=\"Numer WhatsApp\" ><\/div><\/div><!-- .wpforms-field-container --><div class=\"wpforms-submit-container\" ><input type=\"hidden\" name=\"wpforms[id]\" value=\"4768\"><input type=\"hidden\" name=\"wpforms[author]\" value=\"1\"><button type=\"submit\" name=\"wpforms[submit]\" id=\"wpforms-submit-4768\" class=\"wpforms-submit\" data-alt-text=\"Wysy\u0142anie...\" data-submit-text=\"Wy\u015blij\" aria-live=\"assertive\" value=\"wpforms-submit\">Wy\u015blij<\/button><\/div><\/form><\/div>  <!-- .wpforms-container -->\t\t\t\t<\/div>\n\t\t\t\t<\/div>\n\t\t\t\t\t<\/div>\n\t\t<\/div>\n\t\t\t\t\t<\/div>\n\t\t<\/section>\n\t\t\t\t<\/div>\n\t\t","protected":false},"excerpt":{"rendered":"<p>Us\u0142ugi Czym si\u0119 zajmujemy? Nasze najlepsze us\u0142ugi w zakresie prawdziwych i fa\u0142szywych dokument\u00f3w Kup certyfikat IELTS, NCLEX Nie ma potrzeby zdawania egzaminu. Posiadamy wa\u017cne i oryginalne licencje na certyfikaty NCLEX-RN i NCLEX-PN od certyfikowanych dostawc\u00f3w. Zarejestruj si\u0119 i zweryfikuj USMLE, IELTS, TOEFL, GED Fa\u0142szywy dyplom i tw\u00f3rca stopni Mo\u017cesz zdoby\u0107 dyplomy, stopnie, transkrypcje i zestawy [&hellip;]<\/p>\n","protected":false},"author":1,"featured_media":0,"parent":0,"menu_order":0,"comment_status":"closed","ping_status":"closed","template":"","meta":{"site-sidebar-layout":"no-sidebar","site-content-layout":"page-builder","ast-site-content-layout":"full-width-container","site-content-style":"unboxed","site-sidebar-style":"unboxed","ast-global-header-display":"","ast-banner-title-visibility":"","ast-main-header-display":"","ast-hfb-above-header-display":"","ast-hfb-below-header-display":"","ast-hfb-mobile-header-display":"","site-post-title":"disabled","ast-breadcrumbs-content":"disabled","ast-featured-img":"disabled","footer-sml-layout":"","ast-disable-related-posts":"","theme-transparent-header-meta":"enabled","adv-header-id-meta":"","stick-header-meta":"","header-above-stick-meta":"","header-main-stick-meta":"","header-below-stick-meta":"","astra-migrate-meta-layouts":"default","ast-page-background-enabled":"default","ast-page-background-meta":{"desktop":{"background-color":"","background-image":"","background-repeat":"repeat","background-position":"center center","background-size":"auto","background-attachment":"scroll","background-type":"","background-media":"","overlay-type":"","overlay-color":"","overlay-opacity":"","overlay-gradient":""},"tablet":{"background-color":"","background-image":"","background-repeat":"repeat","background-position":"center center","background-size":"auto","background-attachment":"scroll","background-type":"","background-media":"","overlay-type":"","overlay-color":"","overlay-opacity":"","overlay-gradient":""},"mobile":{"background-color":"","background-image":"","background-repeat":"repeat","background-position":"center center","background-size":"auto","background-attachment":"scroll","background-type":"","background-media":"","overlay-type":"","overlay-color":"","overlay-opacity":"","overlay-gradient":""}},"ast-content-background-meta":{"desktop":{"background-color":"var(--ast-global-color-5)","background-image":"","background-repeat":"repeat","background-position":"center center","background-size":"auto","background-attachment":"scroll","background-type":"","background-media":"","overlay-type":"","overlay-color":"","overlay-opacity":"","overlay-gradient":""},"tablet":{"background-color":"var(--ast-global-color-5)","background-image":"","background-repeat":"repeat","background-position":"center center","background-size":"auto","background-attachment":"scroll","background-type":"","background-media":"","overlay-type":"","overlay-color":"","overlay-opacity":"","overlay-gradient":""},"mobile":{"background-color":"var(--ast-global-color-5)","background-image":"","background-repeat":"repeat","background-position":"center center","background-size":"auto","background-attachment":"scroll","background-type":"","background-media":"","overlay-type":"","overlay-color":"","overlay-opacity":"","overlay-gradient":""}},"footnotes":""},"class_list":["post-6789","page","type-page","status-publish","hentry"],"_links":{"self":[{"href":"https:\/\/veritasdocagency.com\/pl\/wp-json\/wp\/v2\/pages\/6789","targetHints":{"allow":["GET"]}}],"collection":[{"href":"https:\/\/veritasdocagency.com\/pl\/wp-json\/wp\/v2\/pages"}],"about":[{"href":"https:\/\/veritasdocagency.com\/pl\/wp-json\/wp\/v2\/types\/page"}],"author":[{"embeddable":true,"href":"https:\/\/veritasdocagency.com\/pl\/wp-json\/wp\/v2\/users\/1"}],"replies":[{"embeddable":true,"href":"https:\/\/veritasdocagency.com\/pl\/wp-json\/wp\/v2\/comments?post=6789"}],"version-history":[{"count":0,"href":"https:\/\/veritasdocagency.com\/pl\/wp-json\/wp\/v2\/pages\/6789\/revisions"}],"wp:attachment":[{"href":"https:\/\/veritasdocagency.com\/pl\/wp-json\/wp\/v2\/media?parent=6789"}],"curies":[{"name":"wp","href":"https:\/\/api.w.org\/{rel}","templated":true}]}}