{"id":6801,"date":"2021-06-12T06:25:44","date_gmt":"2021-06-12T05:25:44","guid":{"rendered":"https:\/\/veritasdocagency.com\/szolgaltatas\/"},"modified":"2024-07-04T09:42:17","modified_gmt":"2024-07-04T08:42:17","slug":"szolgaltatas","status":"publish","type":"page","link":"https:\/\/veritasdocagency.com\/hu\/szolgaltatas\/","title":{"rendered":"Szolg\u00e1ltat\u00e1s"},"content":{"rendered":"\t\t<div data-elementor-type=\"wp-page\" data-elementor-id=\"6801\" class=\"elementor elementor-6801 elementor-4780\">\n\t\t\t\t\t\t<section class=\"elementor-section elementor-top-section elementor-element elementor-element-623ea53 elementor-section-boxed elementor-section-height-default elementor-section-height-default\" data-id=\"623ea53\" data-element_type=\"section\" data-settings=\"{&quot;background_background&quot;:&quot;classic&quot;}\">\n\t\t\t\t\t\t\t<div class=\"elementor-background-overlay\"><\/div>\n\t\t\t\t\t\t\t<div class=\"elementor-container elementor-column-gap-no\">\n\t\t\t\t\t<div class=\"elementor-column elementor-col-100 elementor-top-column elementor-element elementor-element-21ddeff\" data-id=\"21ddeff\" data-element_type=\"column\">\n\t\t\t<div class=\"elementor-widget-wrap elementor-element-populated\">\n\t\t\t\t\t\t<div class=\"elementor-element elementor-element-a09d3bc elementor-widget elementor-widget-heading\" data-id=\"a09d3bc\" data-element_type=\"widget\" data-widget_type=\"heading.default\">\n\t\t\t\t<div class=\"elementor-widget-container\">\n\t\t\t\t\t<h1 class=\"elementor-heading-title elementor-size-default\">Szolg\u00e1ltat\u00e1s<\/h1>\t\t\t\t<\/div>\n\t\t\t\t<\/div>\n\t\t\t\t\t<\/div>\n\t\t<\/div>\n\t\t\t\t\t<\/div>\n\t\t<\/section>\n\t\t\t\t<section class=\"elementor-section elementor-top-section elementor-element elementor-element-e6eecd6 elementor-section-boxed elementor-section-height-default elementor-section-height-default\" data-id=\"e6eecd6\" data-element_type=\"section\" data-settings=\"{&quot;background_background&quot;:&quot;classic&quot;}\">\n\t\t\t\t\t\t\t<div class=\"elementor-background-overlay\"><\/div>\n\t\t\t\t\t\t\t<div class=\"elementor-container elementor-column-gap-no\">\n\t\t\t\t\t<div class=\"elementor-column elementor-col-100 elementor-top-column elementor-element elementor-element-75764c5\" data-id=\"75764c5\" data-element_type=\"column\">\n\t\t\t<div class=\"elementor-widget-wrap elementor-element-populated\">\n\t\t\t\t\t\t<div class=\"elementor-element elementor-element-a3030da elementor-widget elementor-widget-heading\" data-id=\"a3030da\" data-element_type=\"widget\" data-widget_type=\"heading.default\">\n\t\t\t\t<div class=\"elementor-widget-container\">\n\t\t\t\t\t<h6 class=\"elementor-heading-title elementor-size-default\">Tev\u00e9kenys\u00e9g\u00fcnk<\/h6>\t\t\t\t<\/div>\n\t\t\t\t<\/div>\n\t\t\t\t<div class=\"elementor-element elementor-element-1dbc89b elementor-widget elementor-widget-heading\" data-id=\"1dbc89b\" data-element_type=\"widget\" data-widget_type=\"heading.default\">\n\t\t\t\t<div class=\"elementor-widget-container\">\n\t\t\t\t\t<h2 class=\"elementor-heading-title elementor-size-default\">A legjobb val\u00f3di \u00e9s hamis dokumentumokkal kapcsolatos szolg\u00e1ltat\u00e1saink<\/h2>\t\t\t\t<\/div>\n\t\t\t\t<\/div>\n\t\t\t\t<div class=\"elementor-element elementor-element-b9529bc elementor-widget__width-initial elementor-widget-tablet__width-initial elementor-widget-mobile__width-inherit elementor-position-top elementor-widget elementor-widget-image-box\" data-id=\"b9529bc\" data-element_type=\"widget\" data-widget_type=\"image-box.default\">\n\t\t\t\t<div class=\"elementor-widget-container\">\n\t\t\t\t\t<div class=\"elementor-image-box-wrapper\"><figure class=\"elementor-image-box-img\"><a href=\"https:\/\/veritasdocagency.com\/buy-nclex-certificate-2\/\" tabindex=\"-1\"><img fetchpriority=\"high\" decoding=\"async\" width=\"370\" height=\"270\" src=\"https:\/\/veritasdocagency.com\/wp-content\/uploads\/2022\/11\/buy-fake-nclex-certificate-online.svg\" class=\"attachment-full size-full wp-image-2278\" alt=\"buy fake nclex certificate online\" \/><\/a><\/figure><div class=\"elementor-image-box-content\"><h4 class=\"elementor-image-box-title\"><a href=\"https:\/\/veritasdocagency.com\/buy-nclex-certificate-2\/\">V\u00e1s\u00e1roljon IELTS-t, NCLEX tan\u00fas\u00edtv\u00e1nyt<\/a><\/h4><p class=\"elementor-image-box-description\">Nincs sz\u00fcks\u00e9g vizsg\u00e1ra. \u00c9rv\u00e9nyes \u00e9s eredeti NCLEX-RN \u00e9s NCLEX-PN tan\u00fas\u00edtv\u00e1nyenged\u00e9lyt k\u00e9sz\u00edt\u00fcnk a tan\u00fas\u00edtott szolg\u00e1ltat\u00f3kt\u00f3l. Regisztr\u00e1ljon \u00e9s ellen\u0151rizzen USMLE, IELTS, TOEFL, GED<\/p><\/div><\/div>\t\t\t\t<\/div>\n\t\t\t\t<\/div>\n\t\t\t\t<div class=\"elementor-element elementor-element-1ee8e7c elementor-widget__width-initial elementor-widget-tablet__width-initial elementor-widget-mobile__width-inherit elementor-position-top elementor-widget elementor-widget-image-box\" data-id=\"1ee8e7c\" data-element_type=\"widget\" data-widget_type=\"image-box.default\">\n\t\t\t\t<div class=\"elementor-widget-container\">\n\t\t\t\t\t<div class=\"elementor-image-box-wrapper\"><figure class=\"elementor-image-box-img\"><a href=\"https:\/\/veritasdocagency.com\/hu\/vasarlas-ellenorizheto-hamis-diploma-es-diploma\/\" tabindex=\"-1\"><img decoding=\"async\" width=\"370\" height=\"270\" src=\"https:\/\/veritasdocagency.com\/wp-content\/uploads\/2022\/11\/buy-fake-diploma-online.svg\" class=\"attachment-full size-full wp-image-2274\" alt=\"buy fake diploma online\" \/><\/a><\/figure><div class=\"elementor-image-box-content\"><h4 class=\"elementor-image-box-title\"><a href=\"https:\/\/veritasdocagency.com\/hu\/vasarlas-ellenorizheto-hamis-diploma-es-diploma\/\">Hamis diploma \u00e9s diplomak\u00e9sz\u00edt\u0151<\/a><\/h4><p class=\"elementor-image-box-description\">Diplom\u00e1kat, diplom\u00e1kat, \u00e1tiratokat \u00e9s csomagk\u00e9szleteket kaphat re\u00e1lis \u00e9s hiteles! Nem sz\u00e1m\u00edt, hol tart\u00f3zkodik a vil\u00e1gon, mi tudunk valamit tenni az \u00d6n sz\u00e1m\u00e1ra.<\/p><\/div><\/div>\t\t\t\t<\/div>\n\t\t\t\t<\/div>\n\t\t\t\t<div class=\"elementor-element elementor-element-cd7a0c6 elementor-widget__width-initial elementor-widget-tablet__width-initial elementor-widget-mobile__width-inherit elementor-position-top elementor-widget elementor-widget-image-box\" data-id=\"cd7a0c6\" data-element_type=\"widget\" data-widget_type=\"image-box.default\">\n\t\t\t\t<div class=\"elementor-widget-container\">\n\t\t\t\t\t<div class=\"elementor-image-box-wrapper\"><figure class=\"elementor-image-box-img\"><img decoding=\"async\" width=\"370\" height=\"270\" src=\"https:\/\/veritasdocagency.com\/wp-content\/uploads\/2022\/11\/buy-fake-legal-documents-online.svg\" class=\"attachment-full size-full wp-image-2277\" alt=\"buy fake authentic documents online: fake birth certificate, fake marriage certificate\" \/><\/figure><div class=\"elementor-image-box-content\"><h4 class=\"elementor-image-box-title\">Hamis jogi dokumentum k\u00e9sz\u00edt\u0151<\/h4><p class=\"elementor-image-box-description\">Jogi dokumentumokat \u00e1ll\u00edtunk el\u0151, p\u00e9ld\u00e1ul sz\u00fclet\u00e9si anyak\u00f6nyvi kivonatokat, halotti anyak\u00f6nyvi kivonatokat, h\u00e1zass\u00e1gi anyak\u00f6nyvi kivonatokat, lak\u00e1sb\u00e9rleti szerz\u0151d\u00e9seket \u00e9s \u00fczleti meg\u00e1llapod\u00e1sokat.<\/p><\/div><\/div>\t\t\t\t<\/div>\n\t\t\t\t<\/div>\n\t\t\t\t<div class=\"elementor-element elementor-element-56af1c9 elementor-widget__width-initial elementor-widget-tablet__width-initial elementor-widget-mobile__width-inherit elementor-position-top elementor-widget elementor-widget-image-box\" data-id=\"56af1c9\" data-element_type=\"widget\" data-widget_type=\"image-box.default\">\n\t\t\t\t<div class=\"elementor-widget-container\">\n\t\t\t\t\t<div class=\"elementor-image-box-wrapper\"><figure class=\"elementor-image-box-img\"><a href=\"https:\/\/veritasdocagency.com\/hu\/vasarlas-minoseg-valodi-hamis-vezetoi-engedely\/\" tabindex=\"-1\"><img loading=\"lazy\" decoding=\"async\" width=\"370\" height=\"270\" src=\"https:\/\/veritasdocagency.com\/wp-content\/uploads\/2022\/11\/buy-fake-driving-license-online.svg\" class=\"attachment-full size-full wp-image-2275\" alt=\"buy fake driving license online\" \/><\/a><\/figure><div class=\"elementor-image-box-content\"><h4 class=\"elementor-image-box-title\"><a href=\"https:\/\/veritasdocagency.com\/hu\/vasarlas-minoseg-valodi-hamis-vezetoi-engedely\/\">Val\u00f3di \u00e9s hamis vezet\u0151i enged\u00e9ly k\u00e9sz\u00edt\u0151<\/a><\/h4><p class=\"elementor-image-box-description\">V\u00e1s\u00e1rolja meg vezet\u0151i enged\u00e9ly\u00e9t m\u00e9g ma, \u00e9s vezessen b\u00e1rhol a vil\u00e1gon teljes jogokkal. Szerezze be enged\u00e9ly\u00e9t partnerirod\u00e1inkt\u00f3l Eur\u00f3p\u00e1ban, Amerik\u00e1ban \u00e9s a vil\u00e1g minden t\u00e1j\u00e1n.<\/p><\/div><\/div>\t\t\t\t<\/div>\n\t\t\t\t<\/div>\n\t\t\t\t<div class=\"elementor-element elementor-element-ff6dc9f elementor-widget__width-initial elementor-widget-tablet__width-initial elementor-widget-mobile__width-inherit elementor-position-top elementor-widget elementor-widget-image-box\" data-id=\"ff6dc9f\" data-element_type=\"widget\" data-widget_type=\"image-box.default\">\n\t\t\t\t<div class=\"elementor-widget-container\">\n\t\t\t\t\t<div class=\"elementor-image-box-wrapper\"><figure class=\"elementor-image-box-img\"><a href=\"https:\/\/veritasdocagency.com\/hu\/vasarlas-eredeti-hamis-tartozkodasi-engedely-kartya\/\" tabindex=\"-1\"><img loading=\"lazy\" decoding=\"async\" width=\"370\" height=\"270\" src=\"https:\/\/veritasdocagency.com\/wp-content\/uploads\/2022\/11\/buy-fake-residence-permit-card-online.svg\" class=\"attachment-full size-full wp-image-2280\" alt=\"buy fake residence permit card online\" \/><\/a><\/figure><div class=\"elementor-image-box-content\"><h4 class=\"elementor-image-box-title\"><a href=\"https:\/\/veritasdocagency.com\/hu\/vasarlas-eredeti-hamis-tartozkodasi-engedely-kartya\/\">Val\u00f3di \u00e9s hamis tart\u00f3zkod\u00e1si enged\u00e9ly k\u00e9sz\u00edt\u0151je<\/a><\/h4><p class=\"elementor-image-box-description\">Lehet\u0151s\u00e9get k\u00edn\u00e1lunk \u00d6nnek tart\u00f3zkod\u00e1si enged\u00e9lyre, munkav\u00e1llal\u00e1si enged\u00e9lyre b\u00e1rmely orsz\u00e1gra, k\u00fcl\u00f6n\u00f6sen az EU orsz\u00e1gaira. Amerikai z\u00f6ld k\u00e1rty\u00e1t \u00e9s kett\u0151s \u00e1llampolg\u00e1rs\u00e1g\u00fa dokumentumokat k\u00e9sz\u00edt\u00fcnk.<\/p><\/div><\/div>\t\t\t\t<\/div>\n\t\t\t\t<\/div>\n\t\t\t\t<div class=\"elementor-element elementor-element-24b722c elementor-widget__width-initial elementor-widget-tablet__width-initial elementor-widget-mobile__width-inherit elementor-position-top elementor-widget elementor-widget-image-box\" data-id=\"24b722c\" data-element_type=\"widget\" data-widget_type=\"image-box.default\">\n\t\t\t\t<div class=\"elementor-widget-container\">\n\t\t\t\t\t<div class=\"elementor-image-box-wrapper\"><figure class=\"elementor-image-box-img\"><a href=\"https:\/\/veritasdocagency.com\/hu\/vasarlas-legjobb-minoseg-hamis-azonosito-kartyakeszito\/\" tabindex=\"-1\"><img loading=\"lazy\" decoding=\"async\" width=\"370\" height=\"270\" src=\"https:\/\/veritasdocagency.com\/wp-content\/uploads\/2022\/11\/buy-fake-id-and-fake-identity-card.svg\" class=\"attachment-full size-full wp-image-2276\" alt=\"buy fake id and fake identity card\" \/><\/a><\/figure><div class=\"elementor-image-box-content\"><h4 class=\"elementor-image-box-title\"><a href=\"https:\/\/veritasdocagency.com\/hu\/vasarlas-legjobb-minoseg-hamis-azonosito-kartyakeszito\/\">Val\u00f3di \u00e9s hamis szem\u00e9lyi igazolv\u00e1ny k\u00e9sz\u00edt\u0151<\/a><\/h4><p class=\"elementor-image-box-description\">Szerezze be n\u00e1lunk expressz szem\u00e9lyi igazolv\u00e1ny\u00e1t. Seg\u00edt\u00fcnk gyorsan \u00e9s megfizethet\u0151 \u00e1ron megszerezni a sz\u00fcks\u00e9ges szem\u00e9lyi igazolv\u00e1nyt. Szerezzen hamis vagy val\u00f3di szem\u00e9lyi igazolv\u00e1nyt szem\u00e9lyi igazolv\u00e1ny k\u00e9sz\u00edt\u0151nk seg\u00edts\u00e9g\u00e9vel.<\/p><\/div><\/div>\t\t\t\t<\/div>\n\t\t\t\t<\/div>\n\t\t\t\t<div class=\"elementor-element elementor-element-8d308d4 elementor-widget__width-initial elementor-widget-tablet__width-initial elementor-widget-mobile__width-inherit elementor-position-top elementor-widget elementor-widget-image-box\" data-id=\"8d308d4\" data-element_type=\"widget\" data-widget_type=\"image-box.default\">\n\t\t\t\t<div class=\"elementor-widget-container\">\n\t\t\t\t\t<div class=\"elementor-image-box-wrapper\"><figure class=\"elementor-image-box-img\"><a href=\"https:\/\/veritasdocagency.com\/hu\/vasaroljon-hamis-utlevel-vizumot\/\" tabindex=\"-1\"><img loading=\"lazy\" decoding=\"async\" width=\"370\" height=\"270\" src=\"https:\/\/veritasdocagency.com\/wp-content\/uploads\/2022\/11\/buy-fake-passport-and-visa-online.svg\" class=\"attachment-full size-full wp-image-2279\" alt=\"buy fake passport and visa online\" \/><\/a><\/figure><div class=\"elementor-image-box-content\"><h4 class=\"elementor-image-box-title\"><a href=\"https:\/\/veritasdocagency.com\/hu\/vasaroljon-hamis-utlevel-vizumot\/\">Val\u00f3di \u00e9s hamis \u00fatlev\u00e9l \u00e9s VISA k\u00e9sz\u00edt\u0151<\/a><\/h4><p class=\"elementor-image-box-description\">Val\u00f3di vagy hamis \u00fatlevelet szeretne v\u00e1s\u00e1rolni online? J\u00f3 helyen j\u00e1r. Seg\u00edthet\u00fcnk \u00d6nnek az \u00d6n ig\u00e9nyeinek kiel\u00e9g\u00edt\u00e9s\u00e9ben, ami az \u00fatlevelek k\u00e9sz\u00edt\u00e9s\u00e9t illeti.<\/p><\/div><\/div>\t\t\t\t<\/div>\n\t\t\t\t<\/div>\n\t\t\t\t<div class=\"elementor-element elementor-element-27948b5 elementor-widget__width-initial elementor-widget-tablet__width-initial elementor-widget-mobile__width-inherit elementor-position-top elementor-widget elementor-widget-image-box\" data-id=\"27948b5\" data-element_type=\"widget\" data-widget_type=\"image-box.default\">\n\t\t\t\t<div class=\"elementor-widget-container\">\n\t\t\t\t\t<div class=\"elementor-image-box-wrapper\"><figure class=\"elementor-image-box-img\"><a href=\"https:\/\/veritasdocagency.com\/buy-fake-social-security-number-ssn-card\/\" tabindex=\"-1\"><img loading=\"lazy\" decoding=\"async\" width=\"370\" height=\"270\" src=\"https:\/\/veritasdocagency.com\/wp-content\/uploads\/2022\/11\/buy-fake-ssn-card-and-ssn-number.svg\" class=\"attachment-full size-full wp-image-2281\" alt=\"buy fake ssn card and ssn number\" \/><\/a><\/figure><div class=\"elementor-image-box-content\"><h4 class=\"elementor-image-box-title\"><a href=\"https:\/\/veritasdocagency.com\/buy-fake-social-security-number-ssn-card\/\">Val\u00f3di \u00e9s hamis t\u00e1rsadalombiztos\u00edt\u00e1si k\u00e1rtya k\u00e9sz\u00edt\u0151<\/a><\/h4><p class=\"elementor-image-box-description\">Szerezze be t\u0151l\u00fcnk expressz SSN-j\u00e9t. Szerezzen val\u00f3di vagy hamis SSN-t SSN k\u00e9sz\u00edt\u0151nk seg\u00edts\u00e9g\u00e9vel \u00e9s a legjobb min\u0151s\u00e9g\u0171 k\u00e1rty\u00e1kkal. Szerezzen saj\u00e1t egyedi sz\u00e1mot, \u00e9s haszn\u00e1lja sz\u00e1mos c\u00e9lra.<\/p><\/div><\/div>\t\t\t\t<\/div>\n\t\t\t\t<\/div>\n\t\t\t\t<div class=\"elementor-element elementor-element-40d396d elementor-widget__width-initial elementor-widget-tablet__width-initial elementor-widget-mobile__width-inherit elementor-position-top elementor-widget elementor-widget-image-box\" data-id=\"40d396d\" data-element_type=\"widget\" data-widget_type=\"image-box.default\">\n\t\t\t\t<div class=\"elementor-widget-container\">\n\t\t\t\t\t<div class=\"elementor-image-box-wrapper\"><figure class=\"elementor-image-box-img\"><img loading=\"lazy\" decoding=\"async\" width=\"370\" height=\"270\" src=\"https:\/\/veritasdocagency.com\/wp-content\/uploads\/2022\/11\/buy-counterfeit-bank-notes.svg\" class=\"attachment-full size-full wp-image-2273\" alt=\"buy counterfeit bank notes\" \/><\/figure><div class=\"elementor-image-box-content\"><h4 class=\"elementor-image-box-title\">V\u00e1s\u00e1roljon hamis doll\u00e1rt \u00e9s eur\u00f3 bankjegyeket<\/h4><p class=\"elementor-image-box-description\">Kiv\u00e1l\u00f3 min\u0151s\u00e9g\u0171, \u00e9szrevehetetlen min\u0151s\u00e9g\u0171 AA+ hamis bankjegyeket gy\u00e1rtunk: USD, GBP, EU. P\u00e9nz\u00fcnk t\u00f6k\u00e9letesen reproduk\u00e1lt, megk\u00fcl\u00f6nb\u00f6ztethetetlen a szemt\u0151l \u00e9s a tapint\u00e1st\u00f3l.<\/p><\/div><\/div>\t\t\t\t<\/div>\n\t\t\t\t<\/div>\n\t\t\t\t\t<\/div>\n\t\t<\/div>\n\t\t\t\t\t<\/div>\n\t\t<\/section>\n\t\t\t\t<section class=\"elementor-section elementor-top-section elementor-element elementor-element-fdb1e5e elementor-section-boxed elementor-section-height-default elementor-section-height-default\" data-id=\"fdb1e5e\" data-element_type=\"section\" data-settings=\"{&quot;shape_divider_top&quot;:&quot;opacity-tilt&quot;,&quot;background_background&quot;:&quot;classic&quot;}\">\n\t\t\t\t\t\t\t<div class=\"elementor-background-overlay\"><\/div>\n\t\t\t\t\t\t<div class=\"elementor-shape elementor-shape-top\" aria-hidden=\"true\" data-negative=\"false\">\n\t\t\t<svg xmlns=\"http:\/\/www.w3.org\/2000\/svg\" viewBox=\"0 0 2600 131.1\" preserveAspectRatio=\"none\">\n\t<path class=\"elementor-shape-fill\" d=\"M0 0L2600 0 2600 69.1 0 0z\"\/>\n\t<path class=\"elementor-shape-fill\" style=\"opacity:0.5\" d=\"M0 0L2600 0 2600 69.1 0 69.1z\"\/>\n\t<path class=\"elementor-shape-fill\" style=\"opacity:0.25\" d=\"M2600 0L0 0 0 130.1 2600 69.1z\"\/>\n<\/svg>\t\t<\/div>\n\t\t\t\t\t<div class=\"elementor-container elementor-column-gap-no\">\n\t\t\t\t\t<div class=\"elementor-column elementor-col-100 elementor-top-column elementor-element elementor-element-ad7e385\" data-id=\"ad7e385\" data-element_type=\"column\" data-settings=\"{&quot;background_background&quot;:&quot;gradient&quot;}\">\n\t\t\t<div class=\"elementor-widget-wrap elementor-element-populated\">\n\t\t\t\t\t\t<div class=\"elementor-element elementor-element-4166dbb elementor-widget elementor-widget-heading\" data-id=\"4166dbb\" data-element_type=\"widget\" data-widget_type=\"heading.default\">\n\t\t\t\t<div class=\"elementor-widget-container\">\n\t\t\t\t\t<h6 class=\"elementor-heading-title elementor-size-default\">Gyors szervizig\u00e9ny<\/h6>\t\t\t\t<\/div>\n\t\t\t\t<\/div>\n\t\t\t\t<div class=\"elementor-element elementor-element-9924f6e elementor-widget elementor-widget-icon-box\" data-id=\"9924f6e\" data-element_type=\"widget\" data-widget_type=\"icon-box.default\">\n\t\t\t\t<div class=\"elementor-widget-container\">\n\t\t\t\t\t\t\t<div class=\"elementor-icon-box-wrapper\">\n\n\t\t\t\n\t\t\t\t\t\t<div class=\"elementor-icon-box-content\">\n\n\t\t\t\t\t\t\t\t\t<h2 class=\"elementor-icon-box-title\">\n\t\t\t\t\t\t<span  >\n\t\t\t\t\t\t\tVisszah\u00edv\u00e1si k\u00e9relem \u00fctemez\u00e9se\t\t\t\t\t\t<\/span>\n\t\t\t\t\t<\/h2>\n\t\t\t\t\n\t\t\t\t\t\t\t\t\t<p class=\"elementor-icon-box-description\">\n\t\t\t\t\t\t\u00dcgyn\u00f6k\u00fcnk felveszi \u00d6nnel a kapcsolatot, \u00e9s elmagyar\u00e1zza, hogyan m\u0171k\u00f6dnek dokumentumszolg\u00e1ltat\u00e1saink, \u00e9s megv\u00e1laszolja az esetleges egy\u00e9b agg\u00e1lyait.\t\t\t\t\t<\/p>\n\t\t\t\t\n\t\t\t<\/div>\n\t\t\t\n\t\t<\/div>\n\t\t\t\t\t\t<\/div>\n\t\t\t\t<\/div>\n\t\t\t\t<div class=\"elementor-element elementor-element-8098feb elementor-widget elementor-widget-wpforms\" data-id=\"8098feb\" data-element_type=\"widget\" data-widget_type=\"wpforms.default\">\n\t\t\t\t<div class=\"elementor-widget-container\">\n\t\t\t\t\t<div class=\"wpforms-container inline-fields\" id=\"wpforms-4768\"><form id=\"wpforms-form-4768\" class=\"wpforms-validate wpforms-form\" data-formid=\"4768\" method=\"post\" enctype=\"multipart\/form-data\" action=\"\/hu\/wp-json\/wp\/v2\/pages\/6801\" data-token=\"a1972736b684a603f9644db02058e506\"><noscript class=\"wpforms-error-noscript\">Please enable JavaScript in your browser to complete this form.<\/noscript><div class=\"wpforms-field-container\"><div id=\"wpforms-4768-field_0-container\" class=\"wpforms-field wpforms-field-name\" data-field-id=\"0\"><label class=\"wpforms-field-label wpforms-label-hide\" for=\"wpforms-4768-field_0\">N\u00e9v <span class=\"wpforms-required-label\">*<\/span><\/label><input type=\"text\" id=\"wpforms-4768-field_0\" class=\"wpforms-field-medium wpforms-field-required\" name=\"wpforms[fields][0]\" placeholder=\"\u00cdrja be a nev\u00e9t\" required><\/div><div id=\"wpforms-4768-field_4-container\" class=\"wpforms-field wpforms-field-text\" data-field-id=\"4\"><label class=\"wpforms-field-label wpforms-label-hide\" for=\"wpforms-4768-field_4\">WhatsApp sz\u00e1m<\/label><input type=\"text\" id=\"wpforms-4768-field_4\" class=\"wpforms-field-medium\" name=\"wpforms[fields][4]\" placeholder=\"WhatsApp sz\u00e1m\" ><\/div><\/div><!-- .wpforms-field-container --><div class=\"wpforms-submit-container\" ><input type=\"hidden\" name=\"wpforms[id]\" value=\"4768\"><input type=\"hidden\" name=\"wpforms[author]\" value=\"1\"><button type=\"submit\" name=\"wpforms[submit]\" id=\"wpforms-submit-4768\" class=\"wpforms-submit\" data-alt-text=\"Elk\u00fcld\u00e9s...\" data-submit-text=\"K\u00fcld\" aria-live=\"assertive\" value=\"wpforms-submit\">K\u00fcld<\/button><\/div><\/form><\/div>  <!-- .wpforms-container -->\t\t\t\t<\/div>\n\t\t\t\t<\/div>\n\t\t\t\t\t<\/div>\n\t\t<\/div>\n\t\t\t\t\t<\/div>\n\t\t<\/section>\n\t\t\t\t<\/div>\n\t\t","protected":false},"excerpt":{"rendered":"<p>Szolg\u00e1ltat\u00e1s Tev\u00e9kenys\u00e9g\u00fcnk A legjobb val\u00f3di \u00e9s hamis dokumentumokkal kapcsolatos szolg\u00e1ltat\u00e1saink V\u00e1s\u00e1roljon IELTS-t, NCLEX tan\u00fas\u00edtv\u00e1nyt Nincs sz\u00fcks\u00e9g vizsg\u00e1ra. \u00c9rv\u00e9nyes \u00e9s eredeti NCLEX-RN \u00e9s NCLEX-PN tan\u00fas\u00edtv\u00e1nyenged\u00e9lyt k\u00e9sz\u00edt\u00fcnk a tan\u00fas\u00edtott szolg\u00e1ltat\u00f3kt\u00f3l. Regisztr\u00e1ljon \u00e9s ellen\u0151rizzen USMLE, IELTS, TOEFL, GED Hamis diploma \u00e9s diplomak\u00e9sz\u00edt\u0151 Diplom\u00e1kat, diplom\u00e1kat, \u00e1tiratokat \u00e9s csomagk\u00e9szleteket kaphat re\u00e1lis \u00e9s hiteles! Nem sz\u00e1m\u00edt, hol tart\u00f3zkodik a vil\u00e1gon, mi [&hellip;]<\/p>\n","protected":false},"author":1,"featured_media":0,"parent":0,"menu_order":0,"comment_status":"closed","ping_status":"closed","template":"","meta":{"site-sidebar-layout":"no-sidebar","site-content-layout":"page-builder","ast-site-content-layout":"full-width-container","site-content-style":"unboxed","site-sidebar-style":"unboxed","ast-global-header-display":"","ast-banner-title-visibility":"","ast-main-header-display":"","ast-hfb-above-header-display":"","ast-hfb-below-header-display":"","ast-hfb-mobile-header-display":"","site-post-title":"disabled","ast-breadcrumbs-content":"disabled","ast-featured-img":"disabled","footer-sml-layout":"","ast-disable-related-posts":"","theme-transparent-header-meta":"enabled","adv-header-id-meta":"","stick-header-meta":"","header-above-stick-meta":"","header-main-stick-meta":"","header-below-stick-meta":"","astra-migrate-meta-layouts":"default","ast-page-background-enabled":"default","ast-page-background-meta":{"desktop":{"background-color":"","background-image":"","background-repeat":"repeat","background-position":"center center","background-size":"auto","background-attachment":"scroll","background-type":"","background-media":"","overlay-type":"","overlay-color":"","overlay-opacity":"","overlay-gradient":""},"tablet":{"background-color":"","background-image":"","background-repeat":"repeat","background-position":"center center","background-size":"auto","background-attachment":"scroll","background-type":"","background-media":"","overlay-type":"","overlay-color":"","overlay-opacity":"","overlay-gradient":""},"mobile":{"background-color":"","background-image":"","background-repeat":"repeat","background-position":"center center","background-size":"auto","background-attachment":"scroll","background-type":"","background-media":"","overlay-type":"","overlay-color":"","overlay-opacity":"","overlay-gradient":""}},"ast-content-background-meta":{"desktop":{"background-color":"var(--ast-global-color-5)","background-image":"","background-repeat":"repeat","background-position":"center center","background-size":"auto","background-attachment":"scroll","background-type":"","background-media":"","overlay-type":"","overlay-color":"","overlay-opacity":"","overlay-gradient":""},"tablet":{"background-color":"var(--ast-global-color-5)","background-image":"","background-repeat":"repeat","background-position":"center center","background-size":"auto","background-attachment":"scroll","background-type":"","background-media":"","overlay-type":"","overlay-color":"","overlay-opacity":"","overlay-gradient":""},"mobile":{"background-color":"var(--ast-global-color-5)","background-image":"","background-repeat":"repeat","background-position":"center center","background-size":"auto","background-attachment":"scroll","background-type":"","background-media":"","overlay-type":"","overlay-color":"","overlay-opacity":"","overlay-gradient":""}},"footnotes":""},"class_list":["post-6801","page","type-page","status-publish","hentry"],"_links":{"self":[{"href":"https:\/\/veritasdocagency.com\/hu\/wp-json\/wp\/v2\/pages\/6801","targetHints":{"allow":["GET"]}}],"collection":[{"href":"https:\/\/veritasdocagency.com\/hu\/wp-json\/wp\/v2\/pages"}],"about":[{"href":"https:\/\/veritasdocagency.com\/hu\/wp-json\/wp\/v2\/types\/page"}],"author":[{"embeddable":true,"href":"https:\/\/veritasdocagency.com\/hu\/wp-json\/wp\/v2\/users\/1"}],"replies":[{"embeddable":true,"href":"https:\/\/veritasdocagency.com\/hu\/wp-json\/wp\/v2\/comments?post=6801"}],"version-history":[{"count":0,"href":"https:\/\/veritasdocagency.com\/hu\/wp-json\/wp\/v2\/pages\/6801\/revisions"}],"wp:attachment":[{"href":"https:\/\/veritasdocagency.com\/hu\/wp-json\/wp\/v2\/media?parent=6801"}],"curies":[{"name":"wp","href":"https:\/\/api.w.org\/{rel}","templated":true}]}}