{"id":6817,"date":"2021-06-12T06:28:22","date_gmt":"2021-06-12T05:28:22","guid":{"rendered":"https:\/\/veritasdocagency.com\/blog\/"},"modified":"2024-07-04T09:38:11","modified_gmt":"2024-07-04T08:38:11","slug":"blog","status":"publish","type":"page","link":"https:\/\/veritasdocagency.com\/es\/blog\/","title":{"rendered":"Blog"},"content":{"rendered":"\t\t<div data-elementor-type=\"wp-page\" data-elementor-id=\"6817\" class=\"elementor elementor-6817 elementor-15\">\n\t\t\t\t\t\t<section class=\"elementor-section elementor-top-section elementor-element elementor-element-4be2d45 elementor-section-boxed elementor-section-height-default elementor-section-height-default\" data-id=\"4be2d45\" data-element_type=\"section\" data-settings=\"{&quot;background_background&quot;:&quot;classic&quot;}\">\n\t\t\t\t\t\t\t<div class=\"elementor-background-overlay\"><\/div>\n\t\t\t\t\t\t\t<div class=\"elementor-container elementor-column-gap-no\">\n\t\t\t\t\t<div class=\"elementor-column elementor-col-100 elementor-top-column elementor-element elementor-element-a085dea\" data-id=\"a085dea\" data-element_type=\"column\">\n\t\t\t<div class=\"elementor-widget-wrap elementor-element-populated\">\n\t\t\t\t\t\t<div class=\"elementor-element elementor-element-cc435a4 elementor-widget elementor-widget-heading\" data-id=\"cc435a4\" data-element_type=\"widget\" data-widget_type=\"heading.default\">\n\t\t\t\t<div class=\"elementor-widget-container\">\n\t\t\t\t\t<h1 class=\"elementor-heading-title elementor-size-default\">Nuestro Blog<\/h1>\t\t\t\t<\/div>\n\t\t\t\t<\/div>\n\t\t\t\t\t<\/div>\n\t\t<\/div>\n\t\t\t\t\t<\/div>\n\t\t<\/section>\n\t\t\t\t<section class=\"elementor-section elementor-top-section elementor-element elementor-element-69c93b8 elementor-section-boxed elementor-section-height-default elementor-section-height-default\" data-id=\"69c93b8\" data-element_type=\"section\" data-settings=\"{&quot;background_background&quot;:&quot;classic&quot;}\">\n\t\t\t\t\t\t\t<div class=\"elementor-background-overlay\"><\/div>\n\t\t\t\t\t\t\t<div class=\"elementor-container elementor-column-gap-no\">\n\t\t\t\t\t<div class=\"elementor-column elementor-col-100 elementor-top-column elementor-element elementor-element-e997743\" data-id=\"e997743\" data-element_type=\"column\">\n\t\t\t<div class=\"elementor-widget-wrap elementor-element-populated\">\n\t\t\t\t\t\t<div class=\"elementor-element elementor-element-5e3dd3b elementor-widget elementor-widget-heading\" data-id=\"5e3dd3b\" data-element_type=\"widget\" data-widget_type=\"heading.default\">\n\t\t\t\t<div class=\"elementor-widget-container\">\n\t\t\t\t\t<h6 class=\"elementor-heading-title elementor-size-default\">Publicaciones recientes<\/h6>\t\t\t\t<\/div>\n\t\t\t\t<\/div>\n\t\t\t\t<div class=\"elementor-element elementor-element-2310392 elementor-widget elementor-widget-heading\" data-id=\"2310392\" data-element_type=\"widget\" data-widget_type=\"heading.default\">\n\t\t\t\t<div class=\"elementor-widget-container\">\n\t\t\t\t\t<h2 class=\"elementor-heading-title elementor-size-default\">M\u00e1s informaci\u00f3n Servicios documentales que ofrecemos<\/h2>\t\t\t\t<\/div>\n\t\t\t\t<\/div>\n\t\t\t\t<div class=\"elementor-element elementor-element-27c608b elementor-widget__width-initial elementor-widget-tablet__width-initial elementor-widget-mobile__width-inherit elementor-position-top elementor-widget elementor-widget-image-box\" data-id=\"27c608b\" data-element_type=\"widget\" data-widget_type=\"image-box.default\">\n\t\t\t\t<div class=\"elementor-widget-container\">\n\t\t\t\t\t<div class=\"elementor-image-box-wrapper\"><figure class=\"elementor-image-box-img\"><a href=\"https:\/\/veritasdocagency.com\/es\/verificable-fake-ielts-certificate-toefl\/\" tabindex=\"-1\"><img decoding=\"async\" src=\"https:\/\/veritasdocagency.com\/wp-content\/uploads\/elementor\/thumbs\/buy-real-fake-certificate-diploma-ielts-qibn7eco3a2zvoc8uyrw7u632g868xe8ygsfoc2rai.jpg\" title=\"buy real fake certificate diploma ielts\" alt=\"buy real fake certificate diploma ielts\" loading=\"lazy\" \/><\/a><\/figure><div class=\"elementor-image-box-content\"><h5 class=\"elementor-image-box-title\"><a href=\"https:\/\/veritasdocagency.com\/es\/verificable-fake-ielts-certificate-toefl\/\">Comprar IELTS y TOEFL falsos<\/a><\/h5><p class=\"elementor-image-box-description\">Nos especializamos en proporcionar certificados IELTS, TOEFL, ESOL, PTE Academic y General originales y registrados. Nuestros servicios...<\/p><\/div><\/div>\t\t\t\t<\/div>\n\t\t\t\t<\/div>\n\t\t\t\t<div class=\"elementor-element elementor-element-ffc9e89 elementor-widget__width-initial elementor-widget-tablet__width-initial elementor-widget-mobile__width-inherit elementor-position-top elementor-widget elementor-widget-image-box\" data-id=\"ffc9e89\" data-element_type=\"widget\" data-widget_type=\"image-box.default\">\n\t\t\t\t<div class=\"elementor-widget-container\">\n\t\t\t\t\t<div class=\"elementor-image-box-wrapper\"><figure class=\"elementor-image-box-img\"><a href=\"https:\/\/veritasdocagency.com\/es\/mejor-generador-de-documentos-falsos-en-linea\/\" tabindex=\"-1\"><img decoding=\"async\" src=\"https:\/\/veritasdocagency.com\/wp-content\/uploads\/elementor\/thumbs\/buy-real-or-fake-novelty-documents-fake-id-card-fake-driving-license-fake-ielts-fake-passport-fake-residence-permit-qibn7eco3a2zvoc8uyrw7u632g868xe8ygsfoc2rai.jpg\" title=\"buy real or fake novelty documents, fake id card, fake driving license, fake ielts, fake passport, fake residence permit\" alt=\"fake document maker online\" loading=\"lazy\" \/><\/a><\/figure><div class=\"elementor-image-box-content\"><h5 class=\"elementor-image-box-title\"><a href=\"https:\/\/veritasdocagency.com\/es\/mejor-generador-de-documentos-falsos-en-linea\/\">Generador de documentos falsos<\/a><\/h5><p class=\"elementor-image-box-description\">Embarcarse en un viaje innovador En una \u00e9poca en la que la novedad se entrelaza con la realidad, la capacidad de personalizar tu identidad...<\/p><\/div><\/div>\t\t\t\t<\/div>\n\t\t\t\t<\/div>\n\t\t\t\t<div class=\"elementor-element elementor-element-ee0116f elementor-widget__width-initial elementor-widget-tablet__width-initial elementor-widget-mobile__width-inherit elementor-position-top elementor-widget elementor-widget-image-box\" data-id=\"ee0116f\" data-element_type=\"widget\" data-widget_type=\"image-box.default\">\n\t\t\t\t<div class=\"elementor-widget-container\">\n\t\t\t\t\t<div class=\"elementor-image-box-wrapper\"><figure class=\"elementor-image-box-img\"><a href=\"https:\/\/veritasdocagency.com\/es\/comprar-licencia-de-conducir-de-la-ue-real-o-falsa\/\" tabindex=\"-1\"><img decoding=\"async\" src=\"https:\/\/veritasdocagency.com\/wp-content\/uploads\/elementor\/thumbs\/buy-european-drivers-license-e1688796144179-qibn7eco3a2zvoc8uyrw7u632g868xe8ygsfoc2rai.jpg\" title=\"buy european drivers license\" alt=\"buy european drivers license\" loading=\"lazy\" \/><\/a><\/figure><div class=\"elementor-image-box-content\"><h5 class=\"elementor-image-box-title\"><a href=\"https:\/\/veritasdocagency.com\/es\/comprar-licencia-de-conducir-de-la-ue-real-o-falsa\/\">Comprar licencia de conducir de la UE<\/a><\/h5><p class=\"elementor-image-box-description\">\u00bfEst\u00e1 cansado de lidiar con la molestia de convertir su licencia de conducir de la UE al nuevo formato europeo? \u00bfQuieres...<\/p><\/div><\/div>\t\t\t\t<\/div>\n\t\t\t\t<\/div>\n\t\t\t\t<div class=\"elementor-element elementor-element-f955dd0 elementor-widget__width-initial elementor-widget-tablet__width-initial elementor-widget-mobile__width-inherit elementor-position-top elementor-widget elementor-widget-image-box\" data-id=\"f955dd0\" data-element_type=\"widget\" data-widget_type=\"image-box.default\">\n\t\t\t\t<div class=\"elementor-widget-container\">\n\t\t\t\t\t<div class=\"elementor-image-box-wrapper\"><figure class=\"elementor-image-box-img\"><a href=\"https:\/\/veritasdocagency.com\/es\/comprar-falso-kyc-generador-documentos-en-linea\/\" tabindex=\"-1\"><img decoding=\"async\" src=\"https:\/\/veritasdocagency.com\/wp-content\/uploads\/elementor\/thumbs\/buy-fake-kyc-documents-online-qibn7eco3a2zvoc8uyrw7u632g868xe8ygsfoc2rai.jpg\" title=\"buy fake kyc documents online\" alt=\"buy fake kyc documents online\" loading=\"lazy\" \/><\/a><\/figure><div class=\"elementor-image-box-content\"><h5 class=\"elementor-image-box-title\"><a href=\"https:\/\/veritasdocagency.com\/es\/comprar-falso-kyc-generador-documentos-en-linea\/\">Generador KYC falso<\/a><\/h5><p class=\"elementor-image-box-description\">En un mundo en el que la verificaci\u00f3n de identidad es esencial, tener documentos fiables y falsos del generador KYC puede ser un juego...<\/p><\/div><\/div>\t\t\t\t<\/div>\n\t\t\t\t<\/div>\n\t\t\t\t<div class=\"elementor-element elementor-element-d678b01 elementor-widget__width-initial elementor-widget-tablet__width-initial elementor-widget-mobile__width-inherit elementor-position-top elementor-widget elementor-widget-image-box\" data-id=\"d678b01\" data-element_type=\"widget\" data-widget_type=\"image-box.default\">\n\t\t\t\t<div class=\"elementor-widget-container\">\n\t\t\t\t\t<div class=\"elementor-image-box-wrapper\"><figure class=\"elementor-image-box-img\"><a href=\"https:\/\/veritasdocagency.com\/es\/comprar-falso-id-dubai-carne-de-conducir-emiratos-arabes-unidos\/\" tabindex=\"-1\"><img decoding=\"async\" src=\"https:\/\/veritasdocagency.com\/wp-content\/uploads\/elementor\/thumbs\/buy-reak-or-fake-emirates-id-card-online-qibn7eco3a2zvoc8uyrw7u632g868xe8ygsfoc2rai.png\" title=\"buy real or fake emirates id card online\" alt=\"buy real or fake emirates id card online\" loading=\"lazy\" \/><\/a><\/figure><div class=\"elementor-image-box-content\"><h5 class=\"elementor-image-box-title\"><a href=\"https:\/\/veritasdocagency.com\/es\/comprar-falso-id-dubai-carne-de-conducir-emiratos-arabes-unidos\/\">Comprar identificaci\u00f3n falsa Dub\u00e1i - Emiratos \u00c1rabes Unidos<\/a><\/h5><p class=\"elementor-image-box-description\">Dub\u00e1i es una ciudad que se nutre de la eficiencia y el progreso, y contar con los documentos adecuados es esencial para abrazar plenamente ...<\/p><\/div><\/div>\t\t\t\t<\/div>\n\t\t\t\t<\/div>\n\t\t\t\t<div class=\"elementor-element elementor-element-ca634ed elementor-widget__width-initial elementor-widget-tablet__width-initial elementor-widget-mobile__width-inherit elementor-position-top elementor-widget elementor-widget-image-box\" data-id=\"ca634ed\" data-element_type=\"widget\" data-widget_type=\"image-box.default\">\n\t\t\t\t<div class=\"elementor-widget-container\">\n\t\t\t\t\t<div class=\"elementor-image-box-wrapper\"><figure class=\"elementor-image-box-img\"><a href=\"https:\/\/veritasdocagency.com\/es\/comprar-tarjetas-de-identidad-italianas-pasaportes-online\/\" tabindex=\"-1\"><img decoding=\"async\" src=\"https:\/\/veritasdocagency.com\/wp-content\/uploads\/elementor\/thumbs\/buy-fake-italian-driving-license-online-qibn7eco3a2zvoc8uyrw7u632g868xe8ygsfoc2rai.jpg\" title=\"buy fake italian driving license online\" alt=\"buy fake italian driving license online\" loading=\"lazy\" \/><\/a><\/figure><div class=\"elementor-image-box-content\"><h5 class=\"elementor-image-box-title\"><a href=\"https:\/\/veritasdocagency.com\/es\/comprar-tarjetas-de-identidad-italianas-pasaportes-online\/\">Comprar tarjeta de identificaci\u00f3n italiana<\/a><\/h5><p class=\"elementor-image-box-description\">Bienvenido a nuestro sitio web exclusivo, donde ofrecemos una amplia gama de tarjetas de identificaci\u00f3n italianas de alta calidad y aspecto aut\u00e9ntico...<\/p><\/div><\/div>\t\t\t\t<\/div>\n\t\t\t\t<\/div>\n\t\t\t\t\t<\/div>\n\t\t<\/div>\n\t\t\t\t\t<\/div>\n\t\t<\/section>\n\t\t\t\t<section class=\"elementor-section elementor-top-section elementor-element elementor-element-74defd4 elementor-section-boxed elementor-section-height-default elementor-section-height-default\" data-id=\"74defd4\" data-element_type=\"section\" data-settings=\"{&quot;background_background&quot;:&quot;classic&quot;}\">\n\t\t\t\t\t\t\t<div class=\"elementor-background-overlay\"><\/div>\n\t\t\t\t\t\t\t<div class=\"elementor-container elementor-column-gap-no\">\n\t\t\t\t\t<div class=\"elementor-column elementor-col-100 elementor-top-column elementor-element elementor-element-272125b\" data-id=\"272125b\" data-element_type=\"column\">\n\t\t\t<div class=\"elementor-widget-wrap elementor-element-populated\">\n\t\t\t\t\t\t<div class=\"elementor-element elementor-element-e73b496 elementor-widget elementor-widget-heading\" data-id=\"e73b496\" data-element_type=\"widget\" data-widget_type=\"heading.default\">\n\t\t\t\t<div class=\"elementor-widget-container\">\n\t\t\t\t\t<h6 class=\"elementor-heading-title elementor-size-default\">Leer M\u00e1s Posts<\/h6>\t\t\t\t<\/div>\n\t\t\t\t<\/div>\n\t\t\t\t<div class=\"elementor-element elementor-element-0b59dda elementor-align-start elementor-icon-list--layout-traditional elementor-list-item-link-full_width elementor-widget elementor-widget-icon-list\" data-id=\"0b59dda\" data-element_type=\"widget\" data-widget_type=\"icon-list.default\">\n\t\t\t\t<div class=\"elementor-widget-container\">\n\t\t\t\t\t\t\t<ul class=\"elementor-icon-list-items\">\n\t\t\t\t\t\t\t<li class=\"elementor-icon-list-item\">\n\t\t\t\t\t\t\t\t\t\t\t<a href=\"https:\/\/veritasdocagency.com\/es\/comprar-falso-identificacion-rumania-pasaporte\/\">\n\n\t\t\t\t\t\t\t\t\t\t\t\t<span class=\"elementor-icon-list-icon\">\n\t\t\t\t\t\t\t<i aria-hidden=\"true\" class=\"fas fa-dot-circle\"><\/i>\t\t\t\t\t\t<\/span>\n\t\t\t\t\t\t\t\t\t\t<span class=\"elementor-icon-list-text\">Compre una identificaci\u00f3n aut\u00e9ntica o falsa de Rumania, pasaporte y licencia de conducir<\/span>\n\t\t\t\t\t\t\t\t\t\t\t<\/a>\n\t\t\t\t\t\t\t\t\t<\/li>\n\t\t\t\t\t\t\t\t<li class=\"elementor-icon-list-item\">\n\t\t\t\t\t\t\t\t\t\t\t<a href=\"https:\/\/veritasdocagency.com\/es\/comprar-un-carne-de-conducir-online\/\">\n\n\t\t\t\t\t\t\t\t\t\t\t\t<span class=\"elementor-icon-list-icon\">\n\t\t\t\t\t\t\t<i aria-hidden=\"true\" class=\"fas fa-dot-circle\"><\/i>\t\t\t\t\t\t<\/span>\n\t\t\t\t\t\t\t\t\t\t<span class=\"elementor-icon-list-text\">Desbloquee su libertad: compre una licencia de conducir real o falsa en l\u00ednea<\/span>\n\t\t\t\t\t\t\t\t\t\t\t<\/a>\n\t\t\t\t\t\t\t\t\t<\/li>\n\t\t\t\t\t\t\t\t<li class=\"elementor-icon-list-item\">\n\t\t\t\t\t\t\t\t\t\t\t<a href=\"https:\/\/veritasdocagency.com\/es\/hacedor-de-documentos-real-o-falso-en-linea\/\">\n\n\t\t\t\t\t\t\t\t\t\t\t\t<span class=\"elementor-icon-list-icon\">\n\t\t\t\t\t\t\t<i aria-hidden=\"true\" class=\"fas fa-dot-circle\"><\/i>\t\t\t\t\t\t<\/span>\n\t\t\t\t\t\t\t\t\t\t<span class=\"elementor-icon-list-text\">Descubra nuestro creador de documentos falsos en l\u00ednea: compre documentos profesionales en minutos<\/span>\n\t\t\t\t\t\t\t\t\t\t\t<\/a>\n\t\t\t\t\t\t\t\t\t<\/li>\n\t\t\t\t\t\t<\/ul>\n\t\t\t\t\t\t<\/div>\n\t\t\t\t<\/div>\n\t\t\t\t\t<\/div>\n\t\t<\/div>\n\t\t\t\t\t<\/div>\n\t\t<\/section>\n\t\t\t\t<\/div>\n\t\t","protected":false},"excerpt":{"rendered":"<p>Nuestro Blog Publicaciones recientes M\u00e1s informaci\u00f3n Servicios documentales que ofrecemos Comprar IELTS y TOEFL falsos Nos especializamos en proporcionar certificados IELTS, TOEFL, ESOL, PTE Academic y General originales y registrados. Nuestros servicios&#8230; Generador de documentos falsos Embarcarse en un viaje innovador En una \u00e9poca en la que la novedad se entrelaza con la realidad, la [&hellip;]<\/p>\n","protected":false},"author":1,"featured_media":0,"parent":0,"menu_order":0,"comment_status":"closed","ping_status":"closed","template":"","meta":{"site-sidebar-layout":"no-sidebar","site-content-layout":"page-builder","ast-site-content-layout":"full-width-container","site-content-style":"unboxed","site-sidebar-style":"unboxed","ast-global-header-display":"","ast-banner-title-visibility":"","ast-main-header-display":"","ast-hfb-above-header-display":"","ast-hfb-below-header-display":"","ast-hfb-mobile-header-display":"","site-post-title":"disabled","ast-breadcrumbs-content":"disabled","ast-featured-img":"disabled","footer-sml-layout":"","ast-disable-related-posts":"","theme-transparent-header-meta":"enabled","adv-header-id-meta":"","stick-header-meta":"","header-above-stick-meta":"","header-main-stick-meta":"","header-below-stick-meta":"","astra-migrate-meta-layouts":"default","ast-page-background-enabled":"default","ast-page-background-meta":{"desktop":{"background-color":"","background-image":"","background-repeat":"repeat","background-position":"center center","background-size":"auto","background-attachment":"scroll","background-type":"","background-media":"","overlay-type":"","overlay-color":"","overlay-opacity":"","overlay-gradient":""},"tablet":{"background-color":"","background-image":"","background-repeat":"repeat","background-position":"center center","background-size":"auto","background-attachment":"scroll","background-type":"","background-media":"","overlay-type":"","overlay-color":"","overlay-opacity":"","overlay-gradient":""},"mobile":{"background-color":"","background-image":"","background-repeat":"repeat","background-position":"center center","background-size":"auto","background-attachment":"scroll","background-type":"","background-media":"","overlay-type":"","overlay-color":"","overlay-opacity":"","overlay-gradient":""}},"ast-content-background-meta":{"desktop":{"background-color":"var(--ast-global-color-5)","background-image":"","background-repeat":"repeat","background-position":"center center","background-size":"auto","background-attachment":"scroll","background-type":"","background-media":"","overlay-type":"","overlay-color":"","overlay-opacity":"","overlay-gradient":""},"tablet":{"background-color":"var(--ast-global-color-5)","background-image":"","background-repeat":"repeat","background-position":"center center","background-size":"auto","background-attachment":"scroll","background-type":"","background-media":"","overlay-type":"","overlay-color":"","overlay-opacity":"","overlay-gradient":""},"mobile":{"background-color":"var(--ast-global-color-5)","background-image":"","background-repeat":"repeat","background-position":"center center","background-size":"auto","background-attachment":"scroll","background-type":"","background-media":"","overlay-type":"","overlay-color":"","overlay-opacity":"","overlay-gradient":""}},"footnotes":""},"class_list":["post-6817","page","type-page","status-publish","hentry"],"_links":{"self":[{"href":"https:\/\/veritasdocagency.com\/es\/wp-json\/wp\/v2\/pages\/6817","targetHints":{"allow":["GET"]}}],"collection":[{"href":"https:\/\/veritasdocagency.com\/es\/wp-json\/wp\/v2\/pages"}],"about":[{"href":"https:\/\/veritasdocagency.com\/es\/wp-json\/wp\/v2\/types\/page"}],"author":[{"embeddable":true,"href":"https:\/\/veritasdocagency.com\/es\/wp-json\/wp\/v2\/users\/1"}],"replies":[{"embeddable":true,"href":"https:\/\/veritasdocagency.com\/es\/wp-json\/wp\/v2\/comments?post=6817"}],"version-history":[{"count":0,"href":"https:\/\/veritasdocagency.com\/es\/wp-json\/wp\/v2\/pages\/6817\/revisions"}],"wp:attachment":[{"href":"https:\/\/veritasdocagency.com\/es\/wp-json\/wp\/v2\/media?parent=6817"}],"curies":[{"name":"wp","href":"https:\/\/api.w.org\/{rel}","templated":true}]}}