{"id":6806,"date":"2021-06-12T06:25:44","date_gmt":"2021-06-12T05:25:44","guid":{"rendered":"https:\/\/veritasdocagency.com\/dienste\/"},"modified":"2024-07-04T09:40:16","modified_gmt":"2024-07-04T08:40:16","slug":"dienste","status":"publish","type":"page","link":"https:\/\/veritasdocagency.com\/de\/dienste\/","title":{"rendered":"Dienstleistungen"},"content":{"rendered":"\t\t<div data-elementor-type=\"wp-page\" data-elementor-id=\"6806\" class=\"elementor elementor-6806 elementor-4780\">\n\t\t\t\t\t\t<section class=\"elementor-section elementor-top-section elementor-element elementor-element-623ea53 elementor-section-boxed elementor-section-height-default elementor-section-height-default\" data-id=\"623ea53\" data-element_type=\"section\" data-settings=\"{&quot;background_background&quot;:&quot;classic&quot;}\">\n\t\t\t\t\t\t\t<div class=\"elementor-background-overlay\"><\/div>\n\t\t\t\t\t\t\t<div class=\"elementor-container elementor-column-gap-no\">\n\t\t\t\t\t<div class=\"elementor-column elementor-col-100 elementor-top-column elementor-element elementor-element-21ddeff\" data-id=\"21ddeff\" data-element_type=\"column\">\n\t\t\t<div class=\"elementor-widget-wrap elementor-element-populated\">\n\t\t\t\t\t\t<div class=\"elementor-element elementor-element-a09d3bc elementor-widget elementor-widget-heading\" data-id=\"a09d3bc\" data-element_type=\"widget\" data-widget_type=\"heading.default\">\n\t\t\t\t<div class=\"elementor-widget-container\">\n\t\t\t\t\t<h1 class=\"elementor-heading-title elementor-size-default\">Dienstleistungen<\/h1>\t\t\t\t<\/div>\n\t\t\t\t<\/div>\n\t\t\t\t\t<\/div>\n\t\t<\/div>\n\t\t\t\t\t<\/div>\n\t\t<\/section>\n\t\t\t\t<section class=\"elementor-section elementor-top-section elementor-element elementor-element-e6eecd6 elementor-section-boxed elementor-section-height-default elementor-section-height-default\" data-id=\"e6eecd6\" data-element_type=\"section\" data-settings=\"{&quot;background_background&quot;:&quot;classic&quot;}\">\n\t\t\t\t\t\t\t<div class=\"elementor-background-overlay\"><\/div>\n\t\t\t\t\t\t\t<div class=\"elementor-container elementor-column-gap-no\">\n\t\t\t\t\t<div class=\"elementor-column elementor-col-100 elementor-top-column elementor-element elementor-element-75764c5\" data-id=\"75764c5\" data-element_type=\"column\">\n\t\t\t<div class=\"elementor-widget-wrap elementor-element-populated\">\n\t\t\t\t\t\t<div class=\"elementor-element elementor-element-a3030da elementor-widget elementor-widget-heading\" data-id=\"a3030da\" data-element_type=\"widget\" data-widget_type=\"heading.default\">\n\t\t\t\t<div class=\"elementor-widget-container\">\n\t\t\t\t\t<h6 class=\"elementor-heading-title elementor-size-default\">Was wir tun<\/h6>\t\t\t\t<\/div>\n\t\t\t\t<\/div>\n\t\t\t\t<div class=\"elementor-element elementor-element-1dbc89b elementor-widget elementor-widget-heading\" data-id=\"1dbc89b\" data-element_type=\"widget\" data-widget_type=\"heading.default\">\n\t\t\t\t<div class=\"elementor-widget-container\">\n\t\t\t\t\t<h2 class=\"elementor-heading-title elementor-size-default\">Unsere besten Dienstleistungen f\u00fcr echte und gef\u00e4lschte Dokumente<\/h2>\t\t\t\t<\/div>\n\t\t\t\t<\/div>\n\t\t\t\t<div class=\"elementor-element elementor-element-b9529bc elementor-widget__width-initial elementor-widget-tablet__width-initial elementor-widget-mobile__width-inherit elementor-position-top elementor-widget elementor-widget-image-box\" data-id=\"b9529bc\" data-element_type=\"widget\" data-widget_type=\"image-box.default\">\n\t\t\t\t<div class=\"elementor-widget-container\">\n\t\t\t\t\t<div class=\"elementor-image-box-wrapper\"><figure class=\"elementor-image-box-img\"><a href=\"https:\/\/veritasdocagency.com\/buy-nclex-certificate-2\/\" tabindex=\"-1\"><img fetchpriority=\"high\" decoding=\"async\" width=\"370\" height=\"270\" src=\"https:\/\/veritasdocagency.com\/wp-content\/uploads\/2022\/11\/buy-fake-nclex-certificate-online.svg\" class=\"attachment-full size-full wp-image-2278\" alt=\"buy fake nclex certificate online\" \/><\/a><\/figure><div class=\"elementor-image-box-content\"><h4 class=\"elementor-image-box-title\"><a href=\"https:\/\/veritasdocagency.com\/buy-nclex-certificate-2\/\">IELTS, NCLEX Zertifikat kaufen<\/a><\/h4><p class=\"elementor-image-box-description\">Die Pr\u00fcfung ist nicht erforderlich. Wir stellen g\u00fcltige und echte NCLEX-RN- und NCLEX-PN-Zertifikatslizenzen von zertifizierten Anbietern her. Lassen Sie sich registrieren und verifizieren USMLE, IELTS, TOEFL, GED<\/p><\/div><\/div>\t\t\t\t<\/div>\n\t\t\t\t<\/div>\n\t\t\t\t<div class=\"elementor-element elementor-element-1ee8e7c elementor-widget__width-initial elementor-widget-tablet__width-initial elementor-widget-mobile__width-inherit elementor-position-top elementor-widget elementor-widget-image-box\" data-id=\"1ee8e7c\" data-element_type=\"widget\" data-widget_type=\"image-box.default\">\n\t\t\t\t<div class=\"elementor-widget-container\">\n\t\t\t\t\t<div class=\"elementor-image-box-wrapper\"><figure class=\"elementor-image-box-img\"><a href=\"https:\/\/veritasdocagency.com\/de\/kaufen-verifizierbares-gefalschtes-diplom-und-abschluss\/\" tabindex=\"-1\"><img decoding=\"async\" width=\"370\" height=\"270\" src=\"https:\/\/veritasdocagency.com\/wp-content\/uploads\/2022\/11\/buy-fake-diploma-online.svg\" class=\"attachment-full size-full wp-image-2274\" alt=\"buy fake diploma online\" \/><\/a><\/figure><div class=\"elementor-image-box-content\"><h4 class=\"elementor-image-box-title\"><a href=\"https:\/\/veritasdocagency.com\/de\/kaufen-verifizierbares-gefalschtes-diplom-und-abschluss\/\">Gef\u00e4lschtes Diplom &amp; Diplom Ersteller<\/a><\/h4><p class=\"elementor-image-box-description\">Sie k\u00f6nnen Diplome, Abschl\u00fcsse, Zeugnisse und Pakets\u00e4tze erhalten, die alle realistisch und authentisch sind! Egal wo auf der Welt Sie sich befinden, wir k\u00f6nnen etwas f\u00fcr Sie machen.<\/p><\/div><\/div>\t\t\t\t<\/div>\n\t\t\t\t<\/div>\n\t\t\t\t<div class=\"elementor-element elementor-element-cd7a0c6 elementor-widget__width-initial elementor-widget-tablet__width-initial elementor-widget-mobile__width-inherit elementor-position-top elementor-widget elementor-widget-image-box\" data-id=\"cd7a0c6\" data-element_type=\"widget\" data-widget_type=\"image-box.default\">\n\t\t\t\t<div class=\"elementor-widget-container\">\n\t\t\t\t\t<div class=\"elementor-image-box-wrapper\"><figure class=\"elementor-image-box-img\"><img decoding=\"async\" width=\"370\" height=\"270\" src=\"https:\/\/veritasdocagency.com\/wp-content\/uploads\/2022\/11\/buy-fake-legal-documents-online.svg\" class=\"attachment-full size-full wp-image-2277\" alt=\"buy fake authentic documents online: fake birth certificate, fake marriage certificate\" \/><\/figure><div class=\"elementor-image-box-content\"><h4 class=\"elementor-image-box-title\">Gef\u00e4lschter Ersteller juristischer Dokumente<\/h4><p class=\"elementor-image-box-description\">Wir erstellen juristische Dokumente wie Geburtsurkunden, Sterbeurkunden, Heiratsurkunden, Arbeitsvertr\u00e4ge, Wohnungsmietvertr\u00e4ge und Gesch\u00e4ftsvertr\u00e4ge.<\/p><\/div><\/div>\t\t\t\t<\/div>\n\t\t\t\t<\/div>\n\t\t\t\t<div class=\"elementor-element elementor-element-56af1c9 elementor-widget__width-initial elementor-widget-tablet__width-initial elementor-widget-mobile__width-inherit elementor-position-top elementor-widget elementor-widget-image-box\" data-id=\"56af1c9\" data-element_type=\"widget\" data-widget_type=\"image-box.default\">\n\t\t\t\t<div class=\"elementor-widget-container\">\n\t\t\t\t\t<div class=\"elementor-image-box-wrapper\"><figure class=\"elementor-image-box-img\"><a href=\"https:\/\/veritasdocagency.com\/de\/kaufen-qualitat-echter-fake-fuhrerschein\/\" tabindex=\"-1\"><img loading=\"lazy\" decoding=\"async\" width=\"370\" height=\"270\" src=\"https:\/\/veritasdocagency.com\/wp-content\/uploads\/2022\/11\/buy-fake-driving-license-online.svg\" class=\"attachment-full size-full wp-image-2275\" alt=\"buy fake driving license online\" \/><\/a><\/figure><div class=\"elementor-image-box-content\"><h4 class=\"elementor-image-box-title\"><a href=\"https:\/\/veritasdocagency.com\/de\/kaufen-qualitat-echter-fake-fuhrerschein\/\">Echter und gef\u00e4lschter F\u00fchrerscheinhersteller<\/a><\/h4><p class=\"elementor-image-box-description\">Kaufen Sie noch heute Ihren F\u00fchrerschein und fahren Sie \u00fcberall auf der Welt mit vollen Rechten. Holen Sie sich Ihre Lizenz von unseren Partnerb\u00fcros in Europa, Amerika und auf der ganzen Welt.<\/p><\/div><\/div>\t\t\t\t<\/div>\n\t\t\t\t<\/div>\n\t\t\t\t<div class=\"elementor-element elementor-element-ff6dc9f elementor-widget__width-initial elementor-widget-tablet__width-initial elementor-widget-mobile__width-inherit elementor-position-top elementor-widget elementor-widget-image-box\" data-id=\"ff6dc9f\" data-element_type=\"widget\" data-widget_type=\"image-box.default\">\n\t\t\t\t<div class=\"elementor-widget-container\">\n\t\t\t\t\t<div class=\"elementor-image-box-wrapper\"><figure class=\"elementor-image-box-img\"><a href=\"https:\/\/veritasdocagency.com\/de\/kaufen-original-gefalschte-aufenthaltserlaubnis-karte\/\" tabindex=\"-1\"><img loading=\"lazy\" decoding=\"async\" width=\"370\" height=\"270\" src=\"https:\/\/veritasdocagency.com\/wp-content\/uploads\/2022\/11\/buy-fake-residence-permit-card-online.svg\" class=\"attachment-full size-full wp-image-2280\" alt=\"buy fake residence permit card online\" \/><\/a><\/figure><div class=\"elementor-image-box-content\"><h4 class=\"elementor-image-box-title\"><a href=\"https:\/\/veritasdocagency.com\/de\/kaufen-original-gefalschte-aufenthaltserlaubnis-karte\/\">Echter und gef\u00e4lschter Ersteller von Aufenthaltserlaubnissen<\/a><\/h4><p class=\"elementor-image-box-description\">Wir bieten Ihnen die M\u00f6glichkeit, eine Aufenthaltserlaubnis und eine Arbeitserlaubnis f\u00fcr jedes Land, insbesondere f\u00fcr EU-L\u00e4nder, zu besitzen. Wir erstellen Dokumente f\u00fcr die US Green Card und die doppelte Staatsb\u00fcrgerschaft.<\/p><\/div><\/div>\t\t\t\t<\/div>\n\t\t\t\t<\/div>\n\t\t\t\t<div class=\"elementor-element elementor-element-24b722c elementor-widget__width-initial elementor-widget-tablet__width-initial elementor-widget-mobile__width-inherit elementor-position-top elementor-widget elementor-widget-image-box\" data-id=\"24b722c\" data-element_type=\"widget\" data-widget_type=\"image-box.default\">\n\t\t\t\t<div class=\"elementor-widget-container\">\n\t\t\t\t\t<div class=\"elementor-image-box-wrapper\"><figure class=\"elementor-image-box-img\"><a href=\"https:\/\/veritasdocagency.com\/de\/kaufen-sie-die-beste-qualitat-gefalschten-id-karten-hersteller\/\" tabindex=\"-1\"><img loading=\"lazy\" decoding=\"async\" width=\"370\" height=\"270\" src=\"https:\/\/veritasdocagency.com\/wp-content\/uploads\/2022\/11\/buy-fake-id-and-fake-identity-card.svg\" class=\"attachment-full size-full wp-image-2276\" alt=\"buy fake id and fake identity card\" \/><\/a><\/figure><div class=\"elementor-image-box-content\"><h4 class=\"elementor-image-box-title\"><a href=\"https:\/\/veritasdocagency.com\/de\/kaufen-sie-die-beste-qualitat-gefalschten-id-karten-hersteller\/\">Echter und gef\u00e4lschter Ausweishersteller<\/a><\/h4><p class=\"elementor-image-box-description\">Holen Sie sich Ihren Express-Personalausweis bei uns. Wir helfen Ihnen, den Personalausweis zu bekommen, den Sie brauchen, schnell und zu einem erschwinglichen Preis. Holen Sie sich mit Hilfe unseres ID-Kartenherstellers einen gef\u00e4lschten oder echten Personalausweis.<\/p><\/div><\/div>\t\t\t\t<\/div>\n\t\t\t\t<\/div>\n\t\t\t\t<div class=\"elementor-element elementor-element-8d308d4 elementor-widget__width-initial elementor-widget-tablet__width-initial elementor-widget-mobile__width-inherit elementor-position-top elementor-widget elementor-widget-image-box\" data-id=\"8d308d4\" data-element_type=\"widget\" data-widget_type=\"image-box.default\">\n\t\t\t\t<div class=\"elementor-widget-container\">\n\t\t\t\t\t<div class=\"elementor-image-box-wrapper\"><figure class=\"elementor-image-box-img\"><a href=\"https:\/\/veritasdocagency.com\/de\/kaufen-fake-pass-visum\/\" tabindex=\"-1\"><img loading=\"lazy\" decoding=\"async\" width=\"370\" height=\"270\" src=\"https:\/\/veritasdocagency.com\/wp-content\/uploads\/2022\/11\/buy-fake-passport-and-visa-online.svg\" class=\"attachment-full size-full wp-image-2279\" alt=\"buy fake passport and visa online\" \/><\/a><\/figure><div class=\"elementor-image-box-content\"><h4 class=\"elementor-image-box-title\"><a href=\"https:\/\/veritasdocagency.com\/de\/kaufen-fake-pass-visum\/\">Echter und gef\u00e4lschter Reisepass und VISA-Ersteller<\/a><\/h4><p class=\"elementor-image-box-description\">M\u00f6chten Sie echte oder gef\u00e4lschte P\u00e4sse online kaufen? Dann sind Sie hier genau richtig. Wir k\u00f6nnen Ihnen bei Ihren Bed\u00fcrfnissen helfen, wenn es um die Erstellung von P\u00e4ssen geht.<\/p><\/div><\/div>\t\t\t\t<\/div>\n\t\t\t\t<\/div>\n\t\t\t\t<div class=\"elementor-element elementor-element-27948b5 elementor-widget__width-initial elementor-widget-tablet__width-initial elementor-widget-mobile__width-inherit elementor-position-top elementor-widget elementor-widget-image-box\" data-id=\"27948b5\" data-element_type=\"widget\" data-widget_type=\"image-box.default\">\n\t\t\t\t<div class=\"elementor-widget-container\">\n\t\t\t\t\t<div class=\"elementor-image-box-wrapper\"><figure class=\"elementor-image-box-img\"><a href=\"https:\/\/veritasdocagency.com\/buy-fake-social-security-number-ssn-card\/\" tabindex=\"-1\"><img loading=\"lazy\" decoding=\"async\" width=\"370\" height=\"270\" src=\"https:\/\/veritasdocagency.com\/wp-content\/uploads\/2022\/11\/buy-fake-ssn-card-and-ssn-number.svg\" class=\"attachment-full size-full wp-image-2281\" alt=\"buy fake ssn card and ssn number\" \/><\/a><\/figure><div class=\"elementor-image-box-content\"><h4 class=\"elementor-image-box-title\"><a href=\"https:\/\/veritasdocagency.com\/buy-fake-social-security-number-ssn-card\/\">Echter und gef\u00e4lschter Hersteller von Sozialversicherungskarten<\/a><\/h4><p class=\"elementor-image-box-description\">Holen Sie sich Ihre Express-SSN von uns. Holen Sie sich eine echte oder gef\u00e4lschte SSN mit Hilfe unseres SSN-Makers und der besten Qualit\u00e4t der Karten. Holen Sie sich Ihre eigene eindeutige Nummer und verwenden Sie sie f\u00fcr viele Zwecke.<\/p><\/div><\/div>\t\t\t\t<\/div>\n\t\t\t\t<\/div>\n\t\t\t\t<div class=\"elementor-element elementor-element-40d396d elementor-widget__width-initial elementor-widget-tablet__width-initial elementor-widget-mobile__width-inherit elementor-position-top elementor-widget elementor-widget-image-box\" data-id=\"40d396d\" data-element_type=\"widget\" data-widget_type=\"image-box.default\">\n\t\t\t\t<div class=\"elementor-widget-container\">\n\t\t\t\t\t<div class=\"elementor-image-box-wrapper\"><figure class=\"elementor-image-box-img\"><img loading=\"lazy\" decoding=\"async\" width=\"370\" height=\"270\" src=\"https:\/\/veritasdocagency.com\/wp-content\/uploads\/2022\/11\/buy-counterfeit-bank-notes.svg\" class=\"attachment-full size-full wp-image-2273\" alt=\"buy counterfeit bank notes\" \/><\/figure><div class=\"elementor-image-box-content\"><h4 class=\"elementor-image-box-title\">Kaufen Sie gef\u00e4lschte Dollar- und Euro-Banknoten<\/h4><p class=\"elementor-image-box-description\">Wir produzieren hochwertige, nicht nachweisbare gef\u00e4lschte Banknoten der Klasse AA+: USD, GBP, EU. Unser Geld ist perfekt reproduziert, ununterscheidbar f\u00fcr das Auge und f\u00fcr die Ber\u00fchrung.<\/p><\/div><\/div>\t\t\t\t<\/div>\n\t\t\t\t<\/div>\n\t\t\t\t\t<\/div>\n\t\t<\/div>\n\t\t\t\t\t<\/div>\n\t\t<\/section>\n\t\t\t\t<section class=\"elementor-section elementor-top-section elementor-element elementor-element-fdb1e5e elementor-section-boxed elementor-section-height-default elementor-section-height-default\" data-id=\"fdb1e5e\" data-element_type=\"section\" data-settings=\"{&quot;shape_divider_top&quot;:&quot;opacity-tilt&quot;,&quot;background_background&quot;:&quot;classic&quot;}\">\n\t\t\t\t\t\t\t<div class=\"elementor-background-overlay\"><\/div>\n\t\t\t\t\t\t<div class=\"elementor-shape elementor-shape-top\" aria-hidden=\"true\" data-negative=\"false\">\n\t\t\t<svg xmlns=\"http:\/\/www.w3.org\/2000\/svg\" viewBox=\"0 0 2600 131.1\" preserveAspectRatio=\"none\">\n\t<path class=\"elementor-shape-fill\" d=\"M0 0L2600 0 2600 69.1 0 0z\"\/>\n\t<path class=\"elementor-shape-fill\" style=\"opacity:0.5\" d=\"M0 0L2600 0 2600 69.1 0 69.1z\"\/>\n\t<path class=\"elementor-shape-fill\" style=\"opacity:0.25\" d=\"M2600 0L0 0 0 130.1 2600 69.1z\"\/>\n<\/svg>\t\t<\/div>\n\t\t\t\t\t<div class=\"elementor-container elementor-column-gap-no\">\n\t\t\t\t\t<div class=\"elementor-column elementor-col-100 elementor-top-column elementor-element elementor-element-ad7e385\" data-id=\"ad7e385\" data-element_type=\"column\" data-settings=\"{&quot;background_background&quot;:&quot;gradient&quot;}\">\n\t\t\t<div class=\"elementor-widget-wrap elementor-element-populated\">\n\t\t\t\t\t\t<div class=\"elementor-element elementor-element-4166dbb elementor-widget elementor-widget-heading\" data-id=\"4166dbb\" data-element_type=\"widget\" data-widget_type=\"heading.default\">\n\t\t\t\t<div class=\"elementor-widget-container\">\n\t\t\t\t\t<h6 class=\"elementor-heading-title elementor-size-default\">Schnelle Serviceanfrage<\/h6>\t\t\t\t<\/div>\n\t\t\t\t<\/div>\n\t\t\t\t<div class=\"elementor-element elementor-element-9924f6e elementor-widget elementor-widget-icon-box\" data-id=\"9924f6e\" data-element_type=\"widget\" data-widget_type=\"icon-box.default\">\n\t\t\t\t<div class=\"elementor-widget-container\">\n\t\t\t\t\t\t\t<div class=\"elementor-icon-box-wrapper\">\n\n\t\t\t\n\t\t\t\t\t\t<div class=\"elementor-icon-box-content\">\n\n\t\t\t\t\t\t\t\t\t<h2 class=\"elementor-icon-box-title\">\n\t\t\t\t\t\t<span  >\n\t\t\t\t\t\t\tVereinbaren Sie eine R\u00fcckrufanfrage\t\t\t\t\t\t<\/span>\n\t\t\t\t\t<\/h2>\n\t\t\t\t\n\t\t\t\t\t\t\t\t\t<p class=\"elementor-icon-box-description\">\n\t\t\t\t\t\tUnser Mitarbeiter wird sich mit Ihnen in Verbindung setzen und Ihnen erkl\u00e4ren, wie unsere Dokumentendienste funktionieren, und alle anderen Sorgen beantworten, die Sie m\u00f6glicherweise haben.\t\t\t\t\t<\/p>\n\t\t\t\t\n\t\t\t<\/div>\n\t\t\t\n\t\t<\/div>\n\t\t\t\t\t\t<\/div>\n\t\t\t\t<\/div>\n\t\t\t\t<div class=\"elementor-element elementor-element-8098feb elementor-widget elementor-widget-wpforms\" data-id=\"8098feb\" data-element_type=\"widget\" data-widget_type=\"wpforms.default\">\n\t\t\t\t<div class=\"elementor-widget-container\">\n\t\t\t\t\t<div class=\"wpforms-container inline-fields\" id=\"wpforms-4768\"><form id=\"wpforms-form-4768\" class=\"wpforms-validate wpforms-form\" data-formid=\"4768\" method=\"post\" enctype=\"multipart\/form-data\" action=\"\/de\/wp-json\/wp\/v2\/pages\/6806\" data-token=\"a1972736b684a603f9644db02058e506\"><noscript class=\"wpforms-error-noscript\">Bitte aktiviere JavaScript in deinem Browser, um dieses Formular fertigzustellen.<\/noscript><div class=\"wpforms-field-container\"><div id=\"wpforms-4768-field_0-container\" class=\"wpforms-field wpforms-field-name\" data-field-id=\"0\"><label class=\"wpforms-field-label wpforms-label-hide\" for=\"wpforms-4768-field_0\">Name <span class=\"wpforms-required-label\">*<\/span><\/label><input type=\"text\" id=\"wpforms-4768-field_0\" class=\"wpforms-field-medium wpforms-field-required\" name=\"wpforms[fields][0]\" placeholder=\"Geben Sie Ihren Namen ein\" required><\/div><div id=\"wpforms-4768-field_4-container\" class=\"wpforms-field wpforms-field-text\" data-field-id=\"4\"><label class=\"wpforms-field-label wpforms-label-hide\" for=\"wpforms-4768-field_4\">WhatsApp-Nummer<\/label><input type=\"text\" id=\"wpforms-4768-field_4\" class=\"wpforms-field-medium\" name=\"wpforms[fields][4]\" placeholder=\"WhatsApp-Nummer\" ><\/div><\/div><!-- .wpforms-field-container --><div class=\"wpforms-submit-container\" ><input type=\"hidden\" name=\"wpforms[id]\" value=\"4768\"><input type=\"hidden\" name=\"wpforms[author]\" value=\"1\"><button type=\"submit\" name=\"wpforms[submit]\" id=\"wpforms-submit-4768\" class=\"wpforms-submit\" data-alt-text=\"Entsendung...\" data-submit-text=\"Senden\" aria-live=\"assertive\" value=\"wpforms-submit\">Senden<\/button><\/div><\/form><\/div>  <!-- .wpforms-container -->\t\t\t\t<\/div>\n\t\t\t\t<\/div>\n\t\t\t\t\t<\/div>\n\t\t<\/div>\n\t\t\t\t\t<\/div>\n\t\t<\/section>\n\t\t\t\t<\/div>\n\t\t","protected":false},"excerpt":{"rendered":"<p>Dienstleistungen Was wir tun Unsere besten Dienstleistungen f\u00fcr echte und gef\u00e4lschte Dokumente IELTS, NCLEX Zertifikat kaufen Die Pr\u00fcfung ist nicht erforderlich. Wir stellen g\u00fcltige und echte NCLEX-RN- und NCLEX-PN-Zertifikatslizenzen von zertifizierten Anbietern her. Lassen Sie sich registrieren und verifizieren USMLE, IELTS, TOEFL, GED Gef\u00e4lschtes Diplom &amp; Diplom Ersteller Sie k\u00f6nnen Diplome, Abschl\u00fcsse, Zeugnisse und Pakets\u00e4tze [&hellip;]<\/p>\n","protected":false},"author":1,"featured_media":0,"parent":0,"menu_order":0,"comment_status":"closed","ping_status":"closed","template":"","meta":{"site-sidebar-layout":"no-sidebar","site-content-layout":"page-builder","ast-site-content-layout":"full-width-container","site-content-style":"unboxed","site-sidebar-style":"unboxed","ast-global-header-display":"","ast-banner-title-visibility":"","ast-main-header-display":"","ast-hfb-above-header-display":"","ast-hfb-below-header-display":"","ast-hfb-mobile-header-display":"","site-post-title":"disabled","ast-breadcrumbs-content":"disabled","ast-featured-img":"disabled","footer-sml-layout":"","ast-disable-related-posts":"","theme-transparent-header-meta":"enabled","adv-header-id-meta":"","stick-header-meta":"","header-above-stick-meta":"","header-main-stick-meta":"","header-below-stick-meta":"","astra-migrate-meta-layouts":"default","ast-page-background-enabled":"default","ast-page-background-meta":{"desktop":{"background-color":"","background-image":"","background-repeat":"repeat","background-position":"center center","background-size":"auto","background-attachment":"scroll","background-type":"","background-media":"","overlay-type":"","overlay-color":"","overlay-opacity":"","overlay-gradient":""},"tablet":{"background-color":"","background-image":"","background-repeat":"repeat","background-position":"center center","background-size":"auto","background-attachment":"scroll","background-type":"","background-media":"","overlay-type":"","overlay-color":"","overlay-opacity":"","overlay-gradient":""},"mobile":{"background-color":"","background-image":"","background-repeat":"repeat","background-position":"center center","background-size":"auto","background-attachment":"scroll","background-type":"","background-media":"","overlay-type":"","overlay-color":"","overlay-opacity":"","overlay-gradient":""}},"ast-content-background-meta":{"desktop":{"background-color":"var(--ast-global-color-5)","background-image":"","background-repeat":"repeat","background-position":"center center","background-size":"auto","background-attachment":"scroll","background-type":"","background-media":"","overlay-type":"","overlay-color":"","overlay-opacity":"","overlay-gradient":""},"tablet":{"background-color":"var(--ast-global-color-5)","background-image":"","background-repeat":"repeat","background-position":"center center","background-size":"auto","background-attachment":"scroll","background-type":"","background-media":"","overlay-type":"","overlay-color":"","overlay-opacity":"","overlay-gradient":""},"mobile":{"background-color":"var(--ast-global-color-5)","background-image":"","background-repeat":"repeat","background-position":"center center","background-size":"auto","background-attachment":"scroll","background-type":"","background-media":"","overlay-type":"","overlay-color":"","overlay-opacity":"","overlay-gradient":""}},"footnotes":""},"class_list":["post-6806","page","type-page","status-publish","hentry"],"_links":{"self":[{"href":"https:\/\/veritasdocagency.com\/de\/wp-json\/wp\/v2\/pages\/6806","targetHints":{"allow":["GET"]}}],"collection":[{"href":"https:\/\/veritasdocagency.com\/de\/wp-json\/wp\/v2\/pages"}],"about":[{"href":"https:\/\/veritasdocagency.com\/de\/wp-json\/wp\/v2\/types\/page"}],"author":[{"embeddable":true,"href":"https:\/\/veritasdocagency.com\/de\/wp-json\/wp\/v2\/users\/1"}],"replies":[{"embeddable":true,"href":"https:\/\/veritasdocagency.com\/de\/wp-json\/wp\/v2\/comments?post=6806"}],"version-history":[{"count":0,"href":"https:\/\/veritasdocagency.com\/de\/wp-json\/wp\/v2\/pages\/6806\/revisions"}],"wp:attachment":[{"href":"https:\/\/veritasdocagency.com\/de\/wp-json\/wp\/v2\/media?parent=6806"}],"curies":[{"name":"wp","href":"https:\/\/api.w.org\/{rel}","templated":true}]}}