{"id":6848,"date":"2021-06-12T06:28:22","date_gmt":"2021-06-12T05:28:22","guid":{"rendered":"https:\/\/veritasdocagency.com\/blog\/"},"modified":"2024-07-04T09:36:24","modified_gmt":"2024-07-04T08:36:24","slug":"blog","status":"publish","type":"page","link":"https:\/\/veritasdocagency.com\/bs\/blog\/","title":{"rendered":"Blog"},"content":{"rendered":"\t\t<div data-elementor-type=\"wp-page\" data-elementor-id=\"6848\" class=\"elementor elementor-6848 elementor-15\">\n\t\t\t\t\t\t<section class=\"elementor-section elementor-top-section elementor-element elementor-element-4be2d45 elementor-section-boxed elementor-section-height-default elementor-section-height-default\" data-id=\"4be2d45\" data-element_type=\"section\" data-settings=\"{&quot;background_background&quot;:&quot;classic&quot;}\">\n\t\t\t\t\t\t\t<div class=\"elementor-background-overlay\"><\/div>\n\t\t\t\t\t\t\t<div class=\"elementor-container elementor-column-gap-no\">\n\t\t\t\t\t<div class=\"elementor-column elementor-col-100 elementor-top-column elementor-element elementor-element-a085dea\" data-id=\"a085dea\" data-element_type=\"column\">\n\t\t\t<div class=\"elementor-widget-wrap elementor-element-populated\">\n\t\t\t\t\t\t<div class=\"elementor-element elementor-element-cc435a4 elementor-widget elementor-widget-heading\" data-id=\"cc435a4\" data-element_type=\"widget\" data-widget_type=\"heading.default\">\n\t\t\t\t<div class=\"elementor-widget-container\">\n\t\t\t\t\t<h1 class=\"elementor-heading-title elementor-size-default\">Na\u0161 blog<\/h1>\t\t\t\t<\/div>\n\t\t\t\t<\/div>\n\t\t\t\t\t<\/div>\n\t\t<\/div>\n\t\t\t\t\t<\/div>\n\t\t<\/section>\n\t\t\t\t<section class=\"elementor-section elementor-top-section elementor-element elementor-element-69c93b8 elementor-section-boxed elementor-section-height-default elementor-section-height-default\" data-id=\"69c93b8\" data-element_type=\"section\" data-settings=\"{&quot;background_background&quot;:&quot;classic&quot;}\">\n\t\t\t\t\t\t\t<div class=\"elementor-background-overlay\"><\/div>\n\t\t\t\t\t\t\t<div class=\"elementor-container elementor-column-gap-no\">\n\t\t\t\t\t<div class=\"elementor-column elementor-col-100 elementor-top-column elementor-element elementor-element-e997743\" data-id=\"e997743\" data-element_type=\"column\">\n\t\t\t<div class=\"elementor-widget-wrap elementor-element-populated\">\n\t\t\t\t\t\t<div class=\"elementor-element elementor-element-5e3dd3b elementor-widget elementor-widget-heading\" data-id=\"5e3dd3b\" data-element_type=\"widget\" data-widget_type=\"heading.default\">\n\t\t\t\t<div class=\"elementor-widget-container\">\n\t\t\t\t\t<h6 class=\"elementor-heading-title elementor-size-default\">Nedavni postovi<\/h6>\t\t\t\t<\/div>\n\t\t\t\t<\/div>\n\t\t\t\t<div class=\"elementor-element elementor-element-2310392 elementor-widget elementor-widget-heading\" data-id=\"2310392\" data-element_type=\"widget\" data-widget_type=\"heading.default\">\n\t\t\t\t<div class=\"elementor-widget-container\">\n\t\t\t\t\t<h2 class=\"elementor-heading-title elementor-size-default\">Saznajte vi\u0161e usluga dokumenata koje nudimo<\/h2>\t\t\t\t<\/div>\n\t\t\t\t<\/div>\n\t\t\t\t<div class=\"elementor-element elementor-element-27c608b elementor-widget__width-initial elementor-widget-tablet__width-initial elementor-widget-mobile__width-inherit elementor-position-top elementor-widget elementor-widget-image-box\" data-id=\"27c608b\" data-element_type=\"widget\" data-widget_type=\"image-box.default\">\n\t\t\t\t<div class=\"elementor-widget-container\">\n\t\t\t\t\t<div class=\"elementor-image-box-wrapper\"><figure class=\"elementor-image-box-img\"><a href=\"https:\/\/veritasdocagency.com\/bs\/provjerljivo-lazno-ielts-certifikat-toefl\/\" tabindex=\"-1\"><img decoding=\"async\" src=\"https:\/\/veritasdocagency.com\/wp-content\/uploads\/elementor\/thumbs\/buy-real-fake-certificate-diploma-ielts-qibn7eco3a2zvoc8uyrw7u632g868xe8ygsfoc2rai.jpg\" title=\"buy real fake certificate diploma ielts\" alt=\"buy real fake certificate diploma ielts\" loading=\"lazy\" \/><\/a><\/figure><div class=\"elementor-image-box-content\"><h5 class=\"elementor-image-box-title\"><a href=\"https:\/\/veritasdocagency.com\/bs\/provjerljivo-lazno-ielts-certifikat-toefl\/\">La\u017eni IELTS i TOEFL<\/a><\/h5><p class=\"elementor-image-box-description\">Specijalizovani smo za pru\u017eanje originalnih i registrovanih IELTS, TOEFL, ESOL, PTE ACADEMIC I GENERAL SERTIFIKATA. Na\u0161e usluge...<\/p><\/div><\/div>\t\t\t\t<\/div>\n\t\t\t\t<\/div>\n\t\t\t\t<div class=\"elementor-element elementor-element-ffc9e89 elementor-widget__width-initial elementor-widget-tablet__width-initial elementor-widget-mobile__width-inherit elementor-position-top elementor-widget elementor-widget-image-box\" data-id=\"ffc9e89\" data-element_type=\"widget\" data-widget_type=\"image-box.default\">\n\t\t\t\t<div class=\"elementor-widget-container\">\n\t\t\t\t\t<div class=\"elementor-image-box-wrapper\"><figure class=\"elementor-image-box-img\"><a href=\"https:\/\/veritasdocagency.com\/bs\/najbolji-generator-laznih-dokumenata-online-2023\/\" tabindex=\"-1\"><img decoding=\"async\" src=\"https:\/\/veritasdocagency.com\/wp-content\/uploads\/elementor\/thumbs\/buy-real-or-fake-novelty-documents-fake-id-card-fake-driving-license-fake-ielts-fake-passport-fake-residence-permit-qibn7eco3a2zvoc8uyrw7u632g868xe8ygsfoc2rai.jpg\" title=\"buy real or fake novelty documents, fake id card, fake driving license, fake ielts, fake passport, fake residence permit\" alt=\"fake document maker online\" loading=\"lazy\" \/><\/a><\/figure><div class=\"elementor-image-box-content\"><h5 class=\"elementor-image-box-title\"><a href=\"https:\/\/veritasdocagency.com\/bs\/najbolji-generator-laznih-dokumenata-online-2023\/\">Generator la\u017enih dokumenata<\/a><\/h5><p class=\"elementor-image-box-description\">U eri u kojoj se novitet prepli\u0107e sa stvarno\u0161\u0107u, sposobnost prilago\u0111avanja identiteta ...<\/p><\/div><\/div>\t\t\t\t<\/div>\n\t\t\t\t<\/div>\n\t\t\t\t<div class=\"elementor-element elementor-element-ee0116f elementor-widget__width-initial elementor-widget-tablet__width-initial elementor-widget-mobile__width-inherit elementor-position-top elementor-widget elementor-widget-image-box\" data-id=\"ee0116f\" data-element_type=\"widget\" data-widget_type=\"image-box.default\">\n\t\t\t\t<div class=\"elementor-widget-container\">\n\t\t\t\t\t<div class=\"elementor-image-box-wrapper\"><figure class=\"elementor-image-box-img\"><a href=\"https:\/\/veritasdocagency.com\/bs\/kupite-stvarnu-ili-laznu-eu-vozacku-dozvolu\/\" tabindex=\"-1\"><img decoding=\"async\" src=\"https:\/\/veritasdocagency.com\/wp-content\/uploads\/elementor\/thumbs\/buy-european-drivers-license-e1688796144179-qibn7eco3a2zvoc8uyrw7u632g868xe8ygsfoc2rai.jpg\" title=\"buy european drivers license\" alt=\"buy european drivers license\" loading=\"lazy\" \/><\/a><\/figure><div class=\"elementor-image-box-content\"><h5 class=\"elementor-image-box-title\"><a href=\"https:\/\/veritasdocagency.com\/bs\/kupite-stvarnu-ili-laznu-eu-vozacku-dozvolu\/\">Kupite EU voza\u010dku dozvolu<\/a><\/h5><p class=\"elementor-image-box-description\">Da li vam je dosadilo da se bavite problemima oko pretvaranja va\u0161e voza\u010dke dozvole EU u novi evropski format? Da li \u017eeli\u0161...<\/p><\/div><\/div>\t\t\t\t<\/div>\n\t\t\t\t<\/div>\n\t\t\t\t<div class=\"elementor-element elementor-element-f955dd0 elementor-widget__width-initial elementor-widget-tablet__width-initial elementor-widget-mobile__width-inherit elementor-position-top elementor-widget elementor-widget-image-box\" data-id=\"f955dd0\" data-element_type=\"widget\" data-widget_type=\"image-box.default\">\n\t\t\t\t<div class=\"elementor-widget-container\">\n\t\t\t\t\t<div class=\"elementor-image-box-wrapper\"><figure class=\"elementor-image-box-img\"><a href=\"https:\/\/veritasdocagency.com\/bs\/kupite-lazne-dokumente-kyc-generatora-za-verifikaciju\/\" tabindex=\"-1\"><img decoding=\"async\" src=\"https:\/\/veritasdocagency.com\/wp-content\/uploads\/elementor\/thumbs\/buy-fake-kyc-documents-online-qibn7eco3a2zvoc8uyrw7u632g868xe8ygsfoc2rai.jpg\" title=\"buy fake kyc documents online\" alt=\"buy fake kyc documents online\" loading=\"lazy\" \/><\/a><\/figure><div class=\"elementor-image-box-content\"><h5 class=\"elementor-image-box-title\"><a href=\"https:\/\/veritasdocagency.com\/bs\/kupite-lazne-dokumente-kyc-generatora-za-verifikaciju\/\">La\u017eni KYC generator<\/a><\/h5><p class=\"elementor-image-box-description\">U svetu u kome je verifikacija identiteta od su\u0161tinskog zna\u010daja, posedovanje pouzdanih la\u017enih KYC generatorskih dokumenata mo\u017ee biti igra.<\/p><\/div><\/div>\t\t\t\t<\/div>\n\t\t\t\t<\/div>\n\t\t\t\t<div class=\"elementor-element elementor-element-d678b01 elementor-widget__width-initial elementor-widget-tablet__width-initial elementor-widget-mobile__width-inherit elementor-position-top elementor-widget elementor-widget-image-box\" data-id=\"d678b01\" data-element_type=\"widget\" data-widget_type=\"image-box.default\">\n\t\t\t\t<div class=\"elementor-widget-container\">\n\t\t\t\t\t<div class=\"elementor-image-box-wrapper\"><figure class=\"elementor-image-box-img\"><a href=\"https:\/\/veritasdocagency.com\/bs\/unlock-mogucnosti-kupite-visokokvalitetnu-laznu-licnu-kartu-dubai-i-vozacku-dozvolu-uae\/\" tabindex=\"-1\"><img decoding=\"async\" src=\"https:\/\/veritasdocagency.com\/wp-content\/uploads\/elementor\/thumbs\/buy-reak-or-fake-emirates-id-card-online-qibn7eco3a2zvoc8uyrw7u632g868xe8ygsfoc2rai.png\" title=\"buy real or fake emirates id card online\" alt=\"buy real or fake emirates id card online\" loading=\"lazy\" \/><\/a><\/figure><div class=\"elementor-image-box-content\"><h5 class=\"elementor-image-box-title\"><a href=\"https:\/\/veritasdocagency.com\/bs\/unlock-mogucnosti-kupite-visokokvalitetnu-laznu-licnu-kartu-dubai-i-vozacku-dozvolu-uae\/\">Kupite la\u017enu li\u010dnu kartu Dubai - UAE<\/a><\/h5><p class=\"elementor-image-box-description\">Dubai je grad koji napreduje na efikasnosti i napretku, a posedovanje odgovaraju\u0107ih dokumenata je od su\u0161tinskog zna\u010daja za potpuno prihvatanje ...<\/p><\/div><\/div>\t\t\t\t<\/div>\n\t\t\t\t<\/div>\n\t\t\t\t<div class=\"elementor-element elementor-element-ca634ed elementor-widget__width-initial elementor-widget-tablet__width-initial elementor-widget-mobile__width-inherit elementor-position-top elementor-widget elementor-widget-image-box\" data-id=\"ca634ed\" data-element_type=\"widget\" data-widget_type=\"image-box.default\">\n\t\t\t\t<div class=\"elementor-widget-container\">\n\t\t\t\t\t<div class=\"elementor-image-box-wrapper\"><figure class=\"elementor-image-box-img\"><a href=\"https:\/\/veritasdocagency.com\/bs\/kupite-autenticne-italijanske-licne-karte-pasose-i-vozacku-dozvolu-online\/\" tabindex=\"-1\"><img decoding=\"async\" src=\"https:\/\/veritasdocagency.com\/wp-content\/uploads\/elementor\/thumbs\/buy-fake-italian-driving-license-online-qibn7eco3a2zvoc8uyrw7u632g868xe8ygsfoc2rai.jpg\" title=\"buy fake italian driving license online\" alt=\"buy fake italian driving license online\" loading=\"lazy\" \/><\/a><\/figure><div class=\"elementor-image-box-content\"><h5 class=\"elementor-image-box-title\"><a href=\"https:\/\/veritasdocagency.com\/bs\/kupite-autenticne-italijanske-licne-karte-pasose-i-vozacku-dozvolu-online\/\">Kupite italijansku li\u010dnu kartu<\/a><\/h5><p class=\"elementor-image-box-description\">Dobrodo\u0161li na na\u0161u ekskluzivnu web stranicu, gdje nudimo \u0161irok spektar visokokvalitetnih, autenti\u010dnih italijanskih li\u010dnih karata.<\/p><\/div><\/div>\t\t\t\t<\/div>\n\t\t\t\t<\/div>\n\t\t\t\t\t<\/div>\n\t\t<\/div>\n\t\t\t\t\t<\/div>\n\t\t<\/section>\n\t\t\t\t<section class=\"elementor-section elementor-top-section elementor-element elementor-element-74defd4 elementor-section-boxed elementor-section-height-default elementor-section-height-default\" data-id=\"74defd4\" data-element_type=\"section\" data-settings=\"{&quot;background_background&quot;:&quot;classic&quot;}\">\n\t\t\t\t\t\t\t<div class=\"elementor-background-overlay\"><\/div>\n\t\t\t\t\t\t\t<div class=\"elementor-container elementor-column-gap-no\">\n\t\t\t\t\t<div class=\"elementor-column elementor-col-100 elementor-top-column elementor-element elementor-element-272125b\" data-id=\"272125b\" data-element_type=\"column\">\n\t\t\t<div class=\"elementor-widget-wrap elementor-element-populated\">\n\t\t\t\t\t\t<div class=\"elementor-element elementor-element-e73b496 elementor-widget elementor-widget-heading\" data-id=\"e73b496\" data-element_type=\"widget\" data-widget_type=\"heading.default\">\n\t\t\t\t<div class=\"elementor-widget-container\">\n\t\t\t\t\t<h6 class=\"elementor-heading-title elementor-size-default\">Pro\u010ditaj vi\u0161e postova<\/h6>\t\t\t\t<\/div>\n\t\t\t\t<\/div>\n\t\t\t\t<div class=\"elementor-element elementor-element-0b59dda elementor-align-start elementor-icon-list--layout-traditional elementor-list-item-link-full_width elementor-widget elementor-widget-icon-list\" data-id=\"0b59dda\" data-element_type=\"widget\" data-widget_type=\"icon-list.default\">\n\t\t\t\t<div class=\"elementor-widget-container\">\n\t\t\t\t\t\t\t<ul class=\"elementor-icon-list-items\">\n\t\t\t\t\t\t\t<li class=\"elementor-icon-list-item\">\n\t\t\t\t\t\t\t\t\t\t\t<a href=\"https:\/\/veritasdocagency.com\/bs\/kupite-autenticnu-ili-laznu-licnu-kartu-rumunije-pasos-i-vozacku-dozvolu\/\">\n\n\t\t\t\t\t\t\t\t\t\t\t\t<span class=\"elementor-icon-list-icon\">\n\t\t\t\t\t\t\t<i aria-hidden=\"true\" class=\"fas fa-dot-circle\"><\/i>\t\t\t\t\t\t<\/span>\n\t\t\t\t\t\t\t\t\t\t<span class=\"elementor-icon-list-text\">Kupite autenti\u010dnu ili la\u017enu li\u010dnu kartu Rumunije, paso\u0161 i voza\u010dku dozvolu<\/span>\n\t\t\t\t\t\t\t\t\t\t\t<\/a>\n\t\t\t\t\t\t\t\t\t<\/li>\n\t\t\t\t\t\t\t\t<li class=\"elementor-icon-list-item\">\n\t\t\t\t\t\t\t\t\t\t\t<a href=\"https:\/\/veritasdocagency.com\/bs\/kupovina-a-vozacka-dozvola-online\/\">\n\n\t\t\t\t\t\t\t\t\t\t\t\t<span class=\"elementor-icon-list-icon\">\n\t\t\t\t\t\t\t<i aria-hidden=\"true\" class=\"fas fa-dot-circle\"><\/i>\t\t\t\t\t\t<\/span>\n\t\t\t\t\t\t\t\t\t\t<span class=\"elementor-icon-list-text\">Otklju\u010dajte svoju slobodu: Kupite stvarnu ili la\u017enu voza\u010dku dozvolu na mre\u017ei<\/span>\n\t\t\t\t\t\t\t\t\t\t\t<\/a>\n\t\t\t\t\t\t\t\t\t<\/li>\n\t\t\t\t\t\t\t\t<li class=\"elementor-icon-list-item\">\n\t\t\t\t\t\t\t\t\t\t\t<a href=\"https:\/\/veritasdocagency.com\/bs\/real-or-fake-document-maker-online\/\">\n\n\t\t\t\t\t\t\t\t\t\t\t\t<span class=\"elementor-icon-list-icon\">\n\t\t\t\t\t\t\t<i aria-hidden=\"true\" class=\"fas fa-dot-circle\"><\/i>\t\t\t\t\t\t<\/span>\n\t\t\t\t\t\t\t\t\t\t<span class=\"elementor-icon-list-text\">Otkrijte na\u0161eg online proizvo\u0111a\u010da la\u017enih dokumenata: Kupite profesionalne dokumente za nekoliko minuta<\/span>\n\t\t\t\t\t\t\t\t\t\t\t<\/a>\n\t\t\t\t\t\t\t\t\t<\/li>\n\t\t\t\t\t\t<\/ul>\n\t\t\t\t\t\t<\/div>\n\t\t\t\t<\/div>\n\t\t\t\t\t<\/div>\n\t\t<\/div>\n\t\t\t\t\t<\/div>\n\t\t<\/section>\n\t\t\t\t<\/div>\n\t\t","protected":false},"excerpt":{"rendered":"<p>Na\u0161 blog Nedavni postovi Saznajte vi\u0161e usluga dokumenata koje nudimo La\u017eni IELTS i TOEFL Specijalizovani smo za pru\u017eanje originalnih i registrovanih IELTS, TOEFL, ESOL, PTE ACADEMIC I GENERAL SERTIFIKATA. Na\u0161e usluge&#8230; Generator la\u017enih dokumenata U eri u kojoj se novitet prepli\u0107e sa stvarno\u0161\u0107u, sposobnost prilago\u0111avanja identiteta &#8230; Kupite EU voza\u010dku dozvolu Da li vam je [&hellip;]<\/p>\n","protected":false},"author":1,"featured_media":0,"parent":0,"menu_order":0,"comment_status":"closed","ping_status":"closed","template":"","meta":{"site-sidebar-layout":"no-sidebar","site-content-layout":"page-builder","ast-site-content-layout":"full-width-container","site-content-style":"unboxed","site-sidebar-style":"unboxed","ast-global-header-display":"","ast-banner-title-visibility":"","ast-main-header-display":"","ast-hfb-above-header-display":"","ast-hfb-below-header-display":"","ast-hfb-mobile-header-display":"","site-post-title":"disabled","ast-breadcrumbs-content":"disabled","ast-featured-img":"disabled","footer-sml-layout":"","ast-disable-related-posts":"","theme-transparent-header-meta":"enabled","adv-header-id-meta":"","stick-header-meta":"","header-above-stick-meta":"","header-main-stick-meta":"","header-below-stick-meta":"","astra-migrate-meta-layouts":"default","ast-page-background-enabled":"default","ast-page-background-meta":{"desktop":{"background-color":"","background-image":"","background-repeat":"repeat","background-position":"center center","background-size":"auto","background-attachment":"scroll","background-type":"","background-media":"","overlay-type":"","overlay-color":"","overlay-opacity":"","overlay-gradient":""},"tablet":{"background-color":"","background-image":"","background-repeat":"repeat","background-position":"center center","background-size":"auto","background-attachment":"scroll","background-type":"","background-media":"","overlay-type":"","overlay-color":"","overlay-opacity":"","overlay-gradient":""},"mobile":{"background-color":"","background-image":"","background-repeat":"repeat","background-position":"center center","background-size":"auto","background-attachment":"scroll","background-type":"","background-media":"","overlay-type":"","overlay-color":"","overlay-opacity":"","overlay-gradient":""}},"ast-content-background-meta":{"desktop":{"background-color":"var(--ast-global-color-5)","background-image":"","background-repeat":"repeat","background-position":"center center","background-size":"auto","background-attachment":"scroll","background-type":"","background-media":"","overlay-type":"","overlay-color":"","overlay-opacity":"","overlay-gradient":""},"tablet":{"background-color":"var(--ast-global-color-5)","background-image":"","background-repeat":"repeat","background-position":"center center","background-size":"auto","background-attachment":"scroll","background-type":"","background-media":"","overlay-type":"","overlay-color":"","overlay-opacity":"","overlay-gradient":""},"mobile":{"background-color":"var(--ast-global-color-5)","background-image":"","background-repeat":"repeat","background-position":"center center","background-size":"auto","background-attachment":"scroll","background-type":"","background-media":"","overlay-type":"","overlay-color":"","overlay-opacity":"","overlay-gradient":""}},"footnotes":""},"class_list":["post-6848","page","type-page","status-publish","hentry"],"_links":{"self":[{"href":"https:\/\/veritasdocagency.com\/bs\/wp-json\/wp\/v2\/pages\/6848","targetHints":{"allow":["GET"]}}],"collection":[{"href":"https:\/\/veritasdocagency.com\/bs\/wp-json\/wp\/v2\/pages"}],"about":[{"href":"https:\/\/veritasdocagency.com\/bs\/wp-json\/wp\/v2\/types\/page"}],"author":[{"embeddable":true,"href":"https:\/\/veritasdocagency.com\/bs\/wp-json\/wp\/v2\/users\/1"}],"replies":[{"embeddable":true,"href":"https:\/\/veritasdocagency.com\/bs\/wp-json\/wp\/v2\/comments?post=6848"}],"version-history":[{"count":0,"href":"https:\/\/veritasdocagency.com\/bs\/wp-json\/wp\/v2\/pages\/6848\/revisions"}],"wp:attachment":[{"href":"https:\/\/veritasdocagency.com\/bs\/wp-json\/wp\/v2\/media?parent=6848"}],"curies":[{"name":"wp","href":"https:\/\/api.w.org\/{rel}","templated":true}]}}